{"id":20430,"date":"2023-01-13T13:28:12","date_gmt":"2023-01-13T13:28:12","guid":{"rendered":"https:\/\/www.mysexualfantasy.eu\/?post_type=product&#038;p=20430"},"modified":"2023-12-06T15:53:58","modified_gmt":"2023-12-06T15:53:58","slug":"pretty-bottom-kit-iniciacion-anal-plugs-silicona","status":"publish","type":"product","link":"https:\/\/www.mysexualfantasy.eu\/en\/product\/pretty-bottom-kit-iniciacion-anal-plugs-silicona\/","title":{"rendered":"PRETTY BOTTOM &#8211; KIT INICIACION ANAL PLUGS SILICONA"},"content":{"rendered":"<p>Te gustar\u00eda iniciarte en el maravilloso mundo de la estimulaci\u00f3n anal? Con este kit de iniciaci\u00f3n para principiantes podr\u00e1s hacerlo de forma c\u00f3moda y segura. Son 3 plugs de silicona de alta calidad con\u00a0las medidas perfectas para iniciarse y hacerlo adecuadamente. Empieza por el mas peque\u00f1o y delgado y sube progesivamente de nivel hasta llegar al\u00a0mas grande.\u00a0<\/p>\n<p>Adem\u00e1s gracias a su material hipoalergenico este kit esta pensado para el <strong>vaginismo.<\/strong><\/p>\n<ul>\n<li>Plugs silicona de alta calidad<\/li>\n<li>Silicona aprobada por la FDA.<\/li>\n<li>F\u00e1cil de limpiar<\/li>\n<li>Medidas plug peque\u00f1o:\n<ul>\n<li>Longitud total: 8.5 cm<\/li>\n<li>Longitud insertable: 8 cm<\/li>\n<li>Di\u00e1metro m\u00e1ximo: 2.5 cm<\/li>\n<\/ul>\n<\/li>\n<li>Medidas plug mediano:\u00a0\n<ul>\n<li>Longitud total: 11.5 cm<\/li>\n<li>Longitud insertable: 10 cm<\/li>\n<li>Di\u00e1metro m\u00e1ximo: 2.7 cm<\/li>\n<\/ul>\n<\/li>\n<li>Medidas plug grande:\u00a0\n<ul>\n<li>Longitud total: 13 cm.<\/li>\n<li>Longitud insertable: 11.5 cm<\/li>\n<li>Di\u00e1metro m\u00e1ximo: 3.2 cm<\/li>\n<\/ul>\n<\/li>\n<li>Con ventosa para adherirlo a cualquier superficie plana<\/li>\n<li>Sumergible<\/li>\n<li>Tacto ultra suave<\/li>\n<\/ul>\n<p>Pretty Love fabrica productos con exigentes normas de calidad, todos sus productos estan dise\u00f1ados en Estados Unidos y tienen 1 a\u00f1o de garant\u00eda en defectos t\u00e9cnicos<\/p>\n<p>\u00a0<\/p>","protected":false},"excerpt":{"rendered":"<p>PRETTY BOTTOM &#8211; KIT INICIACION ANAL PLUGS SILICONA<\/p>","protected":false},"featured_media":59647,"comment_status":"open","ping_status":"closed","template":"","meta":{"_monsterinsights_skip_tracking":false,"_monsterinsights_sitenote_active":false,"_monsterinsights_sitenote_note":"","_monsterinsights_sitenote_category":0,"_joinchat":[]},"product_brand":[],"product_cat":[1162,1306,1152,1185,1189],"product_tag":[],"class_list":{"0":"post-20430","1":"product","2":"type-product","3":"status-publish","4":"has-post-thumbnail","6":"product_cat-juguetes-bienestar-anal","7":"product_cat-juguetes-bienestar-analdildos-anales","8":"product_cat-juguetes-bienestar","9":"product_cat-juguetes-bienestar-kits-juguetes-sexuales","10":"product_cat-juguetes-bienestar-analplugs-anales","11":"yith_product_brand-pretty-love","12":"yith_product_brand-pretty-lovepretty-love-bottom","14":"first","15":"instock","16":"taxable","17":"shipping-taxable","18":"purchasable","19":"product-type-simple"},"aioseo_notices":[],"_links":{"self":[{"href":"https:\/\/www.mysexualfantasy.eu\/en\/wp-json\/wp\/v2\/product\/20430","targetHints":{"allow":["GET"]}}],"collection":[{"href":"https:\/\/www.mysexualfantasy.eu\/en\/wp-json\/wp\/v2\/product"}],"about":[{"href":"https:\/\/www.mysexualfantasy.eu\/en\/wp-json\/wp\/v2\/types\/product"}],"replies":[{"embeddable":true,"href":"https:\/\/www.mysexualfantasy.eu\/en\/wp-json\/wp\/v2\/comments?post=20430"}],"wp:featuredmedia":[{"embeddable":true,"href":"https:\/\/www.mysexualfantasy.eu\/en\/wp-json\/wp\/v2\/media\/59647"}],"wp:attachment":[{"href":"https:\/\/www.mysexualfantasy.eu\/en\/wp-json\/wp\/v2\/media?parent=20430"}],"wp:term":[{"taxonomy":"product_brand","embeddable":true,"href":"https:\/\/www.mysexualfantasy.eu\/en\/wp-json\/wp\/v2\/product_brand?post=20430"},{"taxonomy":"product_cat","embeddable":true,"href":"https:\/\/www.mysexualfantasy.eu\/en\/wp-json\/wp\/v2\/product_cat?post=20430"},{"taxonomy":"product_tag","embeddable":true,"href":"https:\/\/www.mysexualfantasy.eu\/en\/wp-json\/wp\/v2\/product_tag?post=20430"}],"curies":[{"name":"wp","href":"https:\/\/api.w.org\/{rel}","templated":true}]}}