{"id":20591,"date":"2023-01-13T13:01:05","date_gmt":"2023-01-13T13:01:05","guid":{"rendered":"https:\/\/www.mysexualfantasy.eu\/?post_type=product&#038;p=20591"},"modified":"2023-12-06T15:59:20","modified_gmt":"2023-12-06T15:59:20","slug":"moressa-druso-premium-silicone-recargable","status":"publish","type":"product","link":"https:\/\/www.mysexualfantasy.eu\/en\/product\/moressa-druso-premium-silicone-recargable\/","title":{"rendered":"MORESSA DRUSO PREMIUM SILICONE RECARGABLE"},"content":{"rendered":"<div>Delgado y esbelto con aumento de grosor en la punta altamente excitante para la extracci\u00f3n e inserci\u00f3n estimulando intensamente el punto G. Perfecto para estimular las zonas externas, cl\u00edtoris, pezones, labios vaginales o Pene. Desde la punta hasta su base se adapta ripiadamente de forma natural a la temperatura de tu cuerpo.<\/div>\n<div>Druso est\u00e1 fabricado en silicona m\u00e9dica incorporando un motor recargable silencioso con 30 modos de vibraci\u00f3n.\u00a0<\/div>\n<ul>\n<li>Estrem\u00e9cete bajo las vibraciones y estimula el punto G, perfecto tambi\u00e9n para la estimulaci\u00f3n anal por su di\u00e1metro.<\/li>\n<\/ul>\n<div>En tus viajes de placer o trabajo, en la oficina o en casa, Druso es el estimulador ideal en cualquier lugar para principiantes o avanzados.<\/div>\n<div>\u00a0<\/div>\n<div><strong>Funcionamiento\/Uso<\/strong><\/div>\n<div>\u00a0<\/div>\n<div>Para encender el vibrador, pulsa el bot\u00f3n de encendido <img decoding=\"async\" src=\"https:\/\/interno.dreamlove.es\/UserFiles\/images\/ENCENDIDO.png\" style=\"width: 20px; height: 20px;\" \/>\u00a0\u00a0durante unos 2 segundos y se encender\u00e1 una luz roja. De esta forma se activar\u00e1 la vibraci\u00f3n. Seguidamente pulse el bot\u00f3n\u00a0<img decoding=\"async\" src=\"https:\/\/interno.dreamlove.es\/UserFiles\/images\/VIBRCION.png\" style=\"width: 23px; height: 24px;\" \/> \u00a0 para recorrer los 30 modos de vibraci\u00f3n. Una vez Druso haya finalizado pulse el bot\u00f3n \u00a0<img decoding=\"async\" src=\"https:\/\/interno.dreamlove.es\/UserFiles\/images\/ENCENDIDO.png\" style=\"width: 20px; height: 20px;\" \/> \u00a0durante 3 segundos y se apagar\u00e1.\u00a0<\/div>\n<div>\u00a0<\/div>\n<div>\n<div>\u00a0<\/div>\n<div>Introducir la clavija del cable USB en el orificio \u00a0 de conexi\u00f3n de carga. Enchufar a la corriente con un conector o al ordenador mediante USB. Una luz roja se enciente mientras el producto est\u00e1 en modo de carga. Cuando ha completado la carga la luz se apaga.<\/div>\n<div>\u00a0<\/div>\n<div>Advertencia: el primer proceso de carga puede durar hasta ocho horas.<\/div>\n<div>\n<div>\u00a0<\/div>\n<div><strong>Cargar<\/strong><\/div>\n<div>\u00a0<\/div>\n<div>El vibrador es recargable y permite un manejo c\u00f3modo, sin molestos cables. Antes de utilizarlo por primera vez, debes cargarlo completamente. Utiliza para ello el cable de carga USB incluido.\u00a0<\/div>\n<div>Introducir la clavija del cable USB\u00a0<img decoding=\"async\" src=\"https:\/\/interno.dreamlove.es\/UserFiles\/images\/CARGA.png\" style=\"width: 26px; height: 31px;\" \/>\u00a0 \u00a0en el orificio de conexi\u00f3n de carga. Enchufar a la corriente con un conector o al ordenador mediante USB.<\/div>\n<\/div>\n<div>\u00a0<\/div>\n<div><strong>Eliminaci\u00f3n<\/strong><\/div>\n<div>\u00a0<\/div>\n<div>La eliminaci\u00f3n de aparatos electr\u00f3nicos debe realizarse seg\u00fan la normativa para residuos peligrosos vigente en la Uni\u00f3n Europea y en otros pa\u00edses europeos o seg\u00fan las reglamentaciones locales. Respeta las normativas de eliminaci\u00f3n de basura espec\u00edficas de tu pa\u00eds y, en caso de duda, pregunta a tu distribuidor sobre las opciones de eliminaci\u00f3n.<\/div>\n<div>\u00a0<\/div>\n<div><strong>Contenido<\/strong><\/div>\n<div>\u00a0<\/div>\n<div>Abrir una caja de productos MORESSA es exclusividad. La satisfacci\u00f3n es nuestro objetivo, por ello hemos cuidado cada detalle.<\/div>\n<ul>\n<li>Druso<\/li>\n<li>Cargador<\/li>\n<li>Manual de usuario<\/li>\n<\/ul>\n<p>Moressa es la marca referente por su dise\u00f1o, calidad y tecnolog\u00eda. Hemos desarrollado un producto innovador y mimado cada proceso de fabricaci\u00f3n para conseguir el mejor resultado.Moressa es s\u00edmbolo de energ\u00eda, fuerza y garant\u00eda. Comprar un Sextoy Moressa es sentirse reflejado con la actualidad. \u00a0Cada Juguete Moressa te transportar\u00e1\u00a0a diferentes sensaciones. Un resultado inigualable gracias a la silicona Premium confortable y los dise\u00f1os ergon\u00f3micos.<\/p>\n<p>\u00a0<\/p>\n<\/div>\n<p style=\"text-align: center;\">\u00a0<\/p>","protected":false},"excerpt":{"rendered":"<p>MORESSA DRUSO PREMIUM SILICONE RECHARGEABLE<\/p>","protected":false},"featured_media":54695,"comment_status":"open","ping_status":"closed","template":"","meta":{"_monsterinsights_skip_tracking":false,"_monsterinsights_sitenote_active":false,"_monsterinsights_sitenote_note":"","_monsterinsights_sitenote_category":0,"_joinchat":[]},"product_brand":[],"product_cat":[1193,1156,1152,1155,1165,1309,1153,1292,1293],"product_tag":[],"class_list":{"0":"post-20591","1":"product","2":"type-product","3":"status-publish","4":"has-post-thumbnail","6":"product_cat-juguetes-bienestar-vibradores100-sumergible","7":"product_cat-juguetes-bienestar-juguetes-para-mujeresestimuladores","8":"product_cat-juguetes-bienestar","9":"product_cat-juguetes-bienestar-juguetes-para-mujeres","10":"product_cat-juguetes-bienestar-juguetes-para-mujeresmasturbadores-para-ellas","11":"product_cat-juguetes-bienestar-juguetes-para-mujerespunto-g","12":"product_cat-juguetes-bienestar-vibradores","13":"product_cat-juguetes-bienestar-vibradoresvibradores-clasicos-anales-o-vaginales","14":"product_cat-juguetes-bienestar-vibradoresvibradores-punto-g","15":"yith_product_brand-moressa","17":"first","18":"instock","19":"taxable","20":"shipping-taxable","21":"purchasable","22":"product-type-simple"},"aioseo_notices":[],"_links":{"self":[{"href":"https:\/\/www.mysexualfantasy.eu\/en\/wp-json\/wp\/v2\/product\/20591","targetHints":{"allow":["GET"]}}],"collection":[{"href":"https:\/\/www.mysexualfantasy.eu\/en\/wp-json\/wp\/v2\/product"}],"about":[{"href":"https:\/\/www.mysexualfantasy.eu\/en\/wp-json\/wp\/v2\/types\/product"}],"replies":[{"embeddable":true,"href":"https:\/\/www.mysexualfantasy.eu\/en\/wp-json\/wp\/v2\/comments?post=20591"}],"wp:featuredmedia":[{"embeddable":true,"href":"https:\/\/www.mysexualfantasy.eu\/en\/wp-json\/wp\/v2\/media\/54695"}],"wp:attachment":[{"href":"https:\/\/www.mysexualfantasy.eu\/en\/wp-json\/wp\/v2\/media?parent=20591"}],"wp:term":[{"taxonomy":"product_brand","embeddable":true,"href":"https:\/\/www.mysexualfantasy.eu\/en\/wp-json\/wp\/v2\/product_brand?post=20591"},{"taxonomy":"product_cat","embeddable":true,"href":"https:\/\/www.mysexualfantasy.eu\/en\/wp-json\/wp\/v2\/product_cat?post=20591"},{"taxonomy":"product_tag","embeddable":true,"href":"https:\/\/www.mysexualfantasy.eu\/en\/wp-json\/wp\/v2\/product_tag?post=20591"}],"curies":[{"name":"wp","href":"https:\/\/api.w.org\/{rel}","templated":true}]}}