{"id":20592,"date":"2023-01-13T13:01:06","date_gmt":"2023-01-13T13:01:06","guid":{"rendered":"https:\/\/www.mysexualfantasy.eu\/?post_type=product&#038;p=20592"},"modified":"2023-12-06T15:59:21","modified_gmt":"2023-12-06T15:59:21","slug":"moressa-dustin-premium-silicone-recargable","status":"publish","type":"product","link":"https:\/\/www.mysexualfantasy.eu\/en\/product\/moressa-dustin-premium-silicone-recargable\/","title":{"rendered":"MORESSA DUSTIN PREMIUM SILICONE RECARGABLE"},"content":{"rendered":"<div>\n<p>Elegante vibrador perfecto para una estimulaci\u00f3n doble. Disfruta de incre\u00edbles orgasmos gracias a la estimulaci\u00f3n del punto A, situado cerca del c\u00e9rvix.<\/p>\n<p>Dos motores independientes con sistema de succi\u00f3n clitoral, vibraci\u00f3n potente silenciosa que garantizan los orgasmos m\u00e1s estremecedores.\u00a0 Este objeto de placer reescribe la historia de los conejitos vibradores, en clave de vibraci\u00f3n y succi\u00f3n simult\u00e1neamente.<\/p>\n<p>Importa el tama\u00f1o? Depende de lo que buscas, pero si est\u00e1s buscando mayor placer y excitaci\u00f3n lo encontrar\u00e1s en la robustez y potencia de Dustin.<\/p>\n<p>Desde la punta hasta su base se adapta ripiadamente de forma natural a la temperatura de tu cuerpo.<\/p>\n<ul>\n<li>Masaje interno y externo para una estimulaci\u00f3n completa<\/li>\n<li>Alto rendimiento; \u00a012 modos vibraci\u00f3n y 12 funciones de succi\u00f3n clitoral<\/li>\n<li>Completamente recargable; M\u00e1s potencia<\/li>\n<li>Fabricado con 100% silicona m\u00e9dica: respeta tu cuerpo<\/li>\n<li>Libre de ftalatos<\/li>\n<li>Material seguro para el cuerpo<\/li>\n<li>Mango Ergon\u00f3mico<\/li>\n<li>Recargable v\u00eda USB ( Cable incluido )<\/li>\n<li>A prueba de salpicaduras<\/li>\n<li>Control retro iluminado con luces LED<\/li>\n<li>Medida Total;\u00a0 205 x 36 mm<\/li>\n<li>Peso; 177 gramos<\/li>\n<\/ul>\n<p><strong>Funcionamiento\/Uso<\/strong><br \/>Para encender el vibrador, pulsa el bot\u00f3n \u00a0<img decoding=\"async\" src=\"https:\/\/interno.dreamlove.es\/UserFiles\/images\/ENCENDIDO.png\" style=\"width: 20px; height: 20px;\" \/> \u00a0de encendido durante unos 2 segundos y se encender\u00e1 una luz roja. Seguidamente pulse el bot\u00f3n <img decoding=\"async\" src=\"https:\/\/interno.dreamlove.es\/UserFiles\/images\/VIBRCION.png\" style=\"width: 23px; height: 24px;\" \/>\u00a0\u00a0 para activar la vibraci\u00f3n. Seguidamente pulse el mismo bot\u00f3n \u00a0<img decoding=\"async\" src=\"https:\/\/interno.dreamlove.es\/UserFiles\/images\/VIBRCION.png\" style=\"width: 23px; height: 24px;\" \/>\u00a0 para modificar los 12 modos de vibraci\u00f3n e intensidad. Pulse el bot\u00f3n \u00a0<img decoding=\"async\" src=\"https:\/\/interno.dreamlove.es\/UserFiles\/images\/5%285%29.png\" style=\"width: 24px; height: 24px;\" \/> para activar la succi\u00f3n clitorial y seguidamente pulse el mismo bot\u00f3n<img decoding=\"async\" src=\"https:\/\/interno.dreamlove.es\/UserFiles\/images\/5%285%29.png\" style=\"width: 24px; height: 24px;\" \/> \u00a0 para modificar las 12 funciones de vibraci\u00f3n.<\/p>\n<div>\n<div><strong>Cargar<\/strong><\/div>\n<div>El vibrador es recargable y permite un manejo c\u00f3modo, sin molestos cables. Antes de utilizarlo por primera vez, debes cargarlo completamente. Utiliza para ello el cable de carga USB incluido.\u00a0<\/div>\n<div>Introducir la clavija del cable USB \u00a0<img decoding=\"async\" src=\"https:\/\/interno.dreamlove.es\/UserFiles\/images\/CARGA.png\" style=\"width: 26px; height: 31px;\" \/>\u00a0 \u00a0en el orificio de conexi\u00f3n de carga. Enchufar a la corriente con un conector o al ordenador mediante USB.<\/div>\n<div>\u00a0<\/div>\n<div><strong>Advertencia<\/strong>: el primer proceso de carga puede durar hasta ocho horas.<\/div>\n<div>\u00a0<\/div>\n<div><strong>Eliminaci\u00f3n<\/strong><\/div>\n<div>La eliminaci\u00f3n de aparatos electr\u00f3nicos debe realizarse seg\u00fan la normativa para residuos peligrosos vigente en la Uni\u00f3n Europea y en otros pa\u00edses europeos o seg\u00fan las reglamentaciones locales. Respeta las normativas de eliminaci\u00f3n de basuras<\/div>\n<div>Espec\u00edficas de tu pa\u00eds y, en caso de duda, pregunta a tu distribuidor sobre las opciones de eliminaci\u00f3n.<\/div>\n<div>\u00a0<\/div>\n<div><strong>Contenido<\/strong><\/div>\n<div>\u00a0<\/div>\n<div>Abrir una caja de productos MORESSA es exclusividad. La satisfacci\u00f3n es nuestro objetivo, por ello hemos cuidado cada detalle.<\/div>\n<ul>\n<li>DUSTIN<\/li>\n<li>Cargador<\/li>\n<li>Manual de usuario<\/li>\n<\/ul>\n<p>Moressa es la marca referente por su dise\u00f1o, calidad y tecnolog\u00eda. Hemos desarrollado un producto innovador y mimado cada proceso de fabricaci\u00f3n para conseguir el mejor resultado.Moressa es s\u00edmbolo de energ\u00eda, fuerza y garant\u00eda. Comprar un Sextoy Moressa es sentirse reflejado con la actualidad. \u00a0Cada Juguete Moressa te transportar\u00e1\u00a0a diferentes sensaciones. Un resultado inigualable gracias a la silicona Premium confortable y los dise\u00f1os ergon\u00f3micos.<\/p>\n<\/div>\n<\/div>\n<p style=\"text-align: center;\">\u00a0<\/p>","protected":false},"excerpt":{"rendered":"<p>MORESSA DUSTIN PREMIUM SILICONE RECHARGEABLE<\/p>","protected":false},"featured_media":54698,"comment_status":"open","ping_status":"closed","template":"","meta":{"_monsterinsights_skip_tracking":false,"_monsterinsights_sitenote_active":false,"_monsterinsights_sitenote_note":"","_monsterinsights_sitenote_category":0,"_joinchat":[]},"product_brand":[],"product_cat":[1193,1156,1152,1155,1165,1309,1153,1195],"product_tag":[],"class_list":{"0":"post-20592","1":"product","2":"type-product","3":"status-publish","4":"has-post-thumbnail","6":"product_cat-juguetes-bienestar-vibradores100-sumergible","7":"product_cat-juguetes-bienestar-juguetes-para-mujeresestimuladores","8":"product_cat-juguetes-bienestar","9":"product_cat-juguetes-bienestar-juguetes-para-mujeres","10":"product_cat-juguetes-bienestar-juguetes-para-mujeresmasturbadores-para-ellas","11":"product_cat-juguetes-bienestar-juguetes-para-mujerespunto-g","12":"product_cat-juguetes-bienestar-vibradores","13":"product_cat-juguetes-bienestar-vibradoresvibradores-rabbit","14":"yith_product_brand-moressa","16":"first","17":"instock","18":"taxable","19":"shipping-taxable","20":"purchasable","21":"product-type-simple"},"aioseo_notices":[],"_links":{"self":[{"href":"https:\/\/www.mysexualfantasy.eu\/en\/wp-json\/wp\/v2\/product\/20592","targetHints":{"allow":["GET"]}}],"collection":[{"href":"https:\/\/www.mysexualfantasy.eu\/en\/wp-json\/wp\/v2\/product"}],"about":[{"href":"https:\/\/www.mysexualfantasy.eu\/en\/wp-json\/wp\/v2\/types\/product"}],"replies":[{"embeddable":true,"href":"https:\/\/www.mysexualfantasy.eu\/en\/wp-json\/wp\/v2\/comments?post=20592"}],"wp:featuredmedia":[{"embeddable":true,"href":"https:\/\/www.mysexualfantasy.eu\/en\/wp-json\/wp\/v2\/media\/54698"}],"wp:attachment":[{"href":"https:\/\/www.mysexualfantasy.eu\/en\/wp-json\/wp\/v2\/media?parent=20592"}],"wp:term":[{"taxonomy":"product_brand","embeddable":true,"href":"https:\/\/www.mysexualfantasy.eu\/en\/wp-json\/wp\/v2\/product_brand?post=20592"},{"taxonomy":"product_cat","embeddable":true,"href":"https:\/\/www.mysexualfantasy.eu\/en\/wp-json\/wp\/v2\/product_cat?post=20592"},{"taxonomy":"product_tag","embeddable":true,"href":"https:\/\/www.mysexualfantasy.eu\/en\/wp-json\/wp\/v2\/product_tag?post=20592"}],"curies":[{"name":"wp","href":"https:\/\/api.w.org\/{rel}","templated":true}]}}