{"id":20593,"date":"2023-01-13T13:01:07","date_gmt":"2023-01-13T13:01:07","guid":{"rendered":"https:\/\/www.mysexualfantasy.eu\/?post_type=product&#038;p=20593"},"modified":"2023-12-06T15:59:21","modified_gmt":"2023-12-06T15:59:21","slug":"moressa-edgar-premium-silicone-control-remoto","status":"publish","type":"product","link":"https:\/\/www.mysexualfantasy.eu\/en\/product\/moressa-edgar-premium-silicone-control-remoto\/","title":{"rendered":"MORESSA EDGAR PREMIUM SILICONE CONTROL REMOTO"},"content":{"rendered":"<p>Elige a tu amante y comparte las vibraciones!<\/p>\n<p>Edgar proporciona sensaciones dirigidas especialmente al cl\u00edtoris y tambi\u00e9n valido para la introducci\u00f3n vaginal. Dise\u00f1o suave 100% silicona m\u00e9dica que proporciona un placer incomparable y una comodidad extrema. Edgar funciona v\u00eda control remoto y ambos objetos de placer vibran a la vez de forma sincronizada o por separado.En cualquier lugar puedes activar Edgar y disfrutar confortablemente de la vibraci\u00f3n potente y silenciosa. Dise\u00f1ado para jugar sola o en pareja en una nueva dimensi\u00f3n \u00a0Desde la punta hasta su base se adapta ripiadamente de forma natural a la temperatura de tu cuerpo.<\/p>\n<ul>\n<li>Silicona s\u00faper suave 100% medica.\u00a0<\/li>\n<li>Resistente al Agua<\/li>\n<li>Medidas Edgar Estimulador; \u00a093 x 45 mm<\/li>\n<li>Medidas Edgar Huevo; 75 x 33 mm<\/li>\n<li>Peso; 112 Gramos<\/li>\n<li>12 modos de vibraci\u00f3n<\/li>\n<li>Material seguro para el cuerpo<\/li>\n<li>Libre de ftalatos<\/li>\n<li>Unisex<\/li>\n<li>Control remoto sincronizado ( Ambos objetos vibran a la vez o por separado )\u00a0<\/li>\n<li>Recargable por USB ( Cable incluido )\u00a0<\/li>\n<li>Ergon\u00f3mico<\/li>\n<li>Control retroiluminado con luces LED<\/li>\n<\/ul>\n<p><strong>Funcionamiento\/Uso<\/strong><\/p>\n<p><strong>Estimulador;\u00a0<\/strong><\/p>\n<p>Para encender Edgar Estimulador pulse el bot\u00f3n <img decoding=\"async\" src=\"https:\/\/interno.dreamlove.es\/UserFiles\/images\/ENCENDIDO.png\" style=\"width: 20px; height: 20px;\" \/>\u00a0de encendido durante 2 segundos y activar\u00e1 la luz roja. Pulse el bot\u00f3n \u00a0<img decoding=\"async\" src=\"https:\/\/interno.dreamlove.es\/UserFiles\/images\/VIBRCION.png\" style=\"width: 23px; height: 24px;\" \/>\u00a0 que activar\u00e1 la vibraci\u00f3n, y seguidamente modifique los modos de vibraci\u00f3n pulsando la misma tecla <img decoding=\"async\" src=\"https:\/\/interno.dreamlove.es\/UserFiles\/images\/VIBRCION.png\" style=\"width: 23px; height: 24px;\" \/>\u00a0. Pulse el bot\u00f3n <img decoding=\"async\" src=\"https:\/\/interno.dreamlove.es\/UserFiles\/images\/6%284%29.png\" style=\"width: 26px; height: 27px;\" \/>\u00a0 que activar\u00e1 el control remoto para el Huevo Edgar ( Ambos vibrar\u00e1n simult\u00e1neamente hasta 5 metros de distancia ). Una vez Edgar haya finalizado pulse el bot\u00f3n \u00a0<img decoding=\"async\" src=\"https:\/\/interno.dreamlove.es\/UserFiles\/images\/VIBRCION.png\" style=\"width: 23px; height: 24px;\" \/>\u00a0 durante dos segundos y se apagar\u00e1.\u00a0<\/p>\n<p><strong>Huevo Edgar;\u00a0<\/strong><\/p>\n<p>Para encender Edgar Huevo pulse el bot\u00f3n <img decoding=\"async\" src=\"https:\/\/interno.dreamlove.es\/UserFiles\/images\/VIBRCION.png\" style=\"width: 23px; height: 24px;\" \/>\u00a0 durante dos segundos y activar\u00e1 la vibraci\u00f3n, seguidamente pulse el bot\u00f3n <img decoding=\"async\" src=\"https:\/\/interno.dreamlove.es\/UserFiles\/images\/VIBRCION.png\" style=\"width: 23px; height: 24px;\" \/>\u00a0 que activar\u00e1 los diferentes modos de vibraci\u00f3n. Tambi\u00e9n puedes utilizarlo control remoto a trav\u00e9s del Estimulador Edgar.<\/p>\n<div>\n<div><strong>Cargar<\/strong><\/div>\n<div>El vibrador es recargable y permite un manejo c\u00f3modo, sin molestos cables. Antes de utilizarlo por primera vez, debes cargarlo completamente. Utiliza para ello el cable de carga USB incluido.\u00a0<\/div>\n<div>Introducir la clavija del cable USB \u00a0<img decoding=\"async\" src=\"https:\/\/interno.dreamlove.es\/UserFiles\/images\/CARGA.png\" style=\"width: 26px; height: 31px;\" \/>\u00a0 \u00a0en el orificio de conexi\u00f3n de carga. Enchufar a la corriente con un conector o al ordenador mediante USB.<\/div>\n<div>\u00a0<\/div>\n<div><strong>Advertencia<\/strong>: el primer proceso de carga puede durar hasta ocho horas.<\/div>\n<div>\u00a0<\/div>\n<div><strong>Soluci\u00f3n de problemas<\/strong><\/div>\n<div>En caso de errores o dificultades de manejo relacionadas con el funcionamiento de Brad, pulsa el bot\u00f3n de encendido durante 5 segundos. Si el producto siguiera sin funcionar, ponte en contacto con:info@amoressa-toys.com<\/div>\n<div>\u00a0<\/div>\n<div><strong>Eliminaci\u00f3n<\/strong><\/div>\n<div>La eliminaci\u00f3n de aparatos electr\u00f3nicos debe realizarse seg\u00fan la normativa para residuos peligrosos vigente en la Uni\u00f3n Europea y en otros pa\u00edses europeos o seg\u00fan las reglamentaciones locales. Respeta las normativas de eliminaci\u00f3n de basuras<\/div>\n<div>Espec\u00edficas de tu pa\u00eds y, en caso de duda, pregunta a tu distribuidor sobre las opciones de eliminaci\u00f3n.<\/div>\n<div>\u00a0<\/div>\n<div><strong>Contenido<\/strong><\/div>\n<div>\u00a0<\/div>\n<div>Abrir una caja de productos MORESSA es exclusividad. La satisfacci\u00f3n es nuestro objetivo, por ello hemos cuidado cada detalle.<\/div>\n<ul>\n<li>EDGAR<\/li>\n<li>Cargador<\/li>\n<li>Manual de usuario<\/li>\n<\/ul>\n<p>Moressa es la marca referente por su dise\u00f1o, calidad y tecnolog\u00eda. Hemos desarrollado un producto innovador y mimado cada proceso de fabricaci\u00f3n para conseguir el mejor resultado.Moressa es s\u00edmbolo de energ\u00eda, fuerza y garant\u00eda. Comprar un Sextoy Moressa es sentirse reflejado con la actualidad. \u00a0Cada Juguete Moressa te transportara a diferentes sensaciones. Un resultado inigualable gracias a la silicona Premium confortable y los dise\u00f1os ergon\u00f3micos.<\/p>\n<p>\u00a0<\/p>\n<\/div>","protected":false},"excerpt":{"rendered":"<p>MORESSA EDGAR PREMIUM SILICONE REMOTE CONTROL<\/p>","protected":false},"featured_media":54701,"comment_status":"open","ping_status":"closed","template":"","meta":{"_monsterinsights_skip_tracking":false,"_monsterinsights_sitenote_active":false,"_monsterinsights_sitenote_note":"","_monsterinsights_sitenote_category":0,"_joinchat":[]},"product_brand":[],"product_cat":[1193,1156,1157,1152,1155,1165,1153,1154],"product_tag":[],"class_list":{"0":"post-20593","1":"product","2":"type-product","3":"status-publish","4":"has-post-thumbnail","6":"product_cat-juguetes-bienestar-vibradores100-sumergible","7":"product_cat-juguetes-bienestar-juguetes-para-mujeresestimuladores","8":"product_cat-juguetes-bienestar-juguetes-para-mujeresestimuladoreshuevos-vibradores","9":"product_cat-juguetes-bienestar","10":"product_cat-juguetes-bienestar-juguetes-para-mujeres","11":"product_cat-juguetes-bienestar-juguetes-para-mujeresmasturbadores-para-ellas","12":"product_cat-juguetes-bienestar-vibradores","13":"product_cat-juguetes-bienestar-vibradoresvibradores-control-remoto","14":"yith_product_brand-moressa","16":"first","17":"instock","18":"taxable","19":"shipping-taxable","20":"purchasable","21":"product-type-simple"},"aioseo_notices":[],"_links":{"self":[{"href":"https:\/\/www.mysexualfantasy.eu\/en\/wp-json\/wp\/v2\/product\/20593","targetHints":{"allow":["GET"]}}],"collection":[{"href":"https:\/\/www.mysexualfantasy.eu\/en\/wp-json\/wp\/v2\/product"}],"about":[{"href":"https:\/\/www.mysexualfantasy.eu\/en\/wp-json\/wp\/v2\/types\/product"}],"replies":[{"embeddable":true,"href":"https:\/\/www.mysexualfantasy.eu\/en\/wp-json\/wp\/v2\/comments?post=20593"}],"wp:featuredmedia":[{"embeddable":true,"href":"https:\/\/www.mysexualfantasy.eu\/en\/wp-json\/wp\/v2\/media\/54701"}],"wp:attachment":[{"href":"https:\/\/www.mysexualfantasy.eu\/en\/wp-json\/wp\/v2\/media?parent=20593"}],"wp:term":[{"taxonomy":"product_brand","embeddable":true,"href":"https:\/\/www.mysexualfantasy.eu\/en\/wp-json\/wp\/v2\/product_brand?post=20593"},{"taxonomy":"product_cat","embeddable":true,"href":"https:\/\/www.mysexualfantasy.eu\/en\/wp-json\/wp\/v2\/product_cat?post=20593"},{"taxonomy":"product_tag","embeddable":true,"href":"https:\/\/www.mysexualfantasy.eu\/en\/wp-json\/wp\/v2\/product_tag?post=20593"}],"curies":[{"name":"wp","href":"https:\/\/api.w.org\/{rel}","templated":true}]}}