{"id":20594,"date":"2023-01-13T13:01:08","date_gmt":"2023-01-13T13:01:08","guid":{"rendered":"https:\/\/www.mysexualfantasy.eu\/?post_type=product&#038;p=20594"},"modified":"2023-12-06T15:59:22","modified_gmt":"2023-12-06T15:59:22","slug":"moressa-ethan-premium-silicone-recargable","status":"publish","type":"product","link":"https:\/\/www.mysexualfantasy.eu\/en\/product\/moressa-ethan-premium-silicone-recargable\/","title":{"rendered":"MORESSA ETHAN PREMIUM SILICONE RECARGABLE"},"content":{"rendered":"<p>ESTIMULACION simultanea del punto G y cl\u00edtoris.\u00a0<\/p>\n<p>Dos mejor que uno! Motores irresistibles para vibraciones m\u00e1s intensas.\u00a0<\/p>\n<p>Movimiento <strong>\u201cWaving<\/strong>\u201d inspirados en la sensaci\u00f3n que aplican los dedos al masajear el punto G. Se adapta perfectamente a tu cuerpo y estimula varias zonas er\u00f3genas a la vez.<\/p>\n<p>Su conejito vibrador saliente ancho y flexible, estimula el cl\u00edtoris como el n\u00famero uno.<\/p>\n<p>El tama\u00f1o ha sido perfectamente estudiado para alcanzar el Punto G sin fallo.<\/p>\n<p>Desde la punta hasta su base se adapta ripiadamente de forma natural a la temperatura de tu cuerpo.<\/p>\n<p>Ethan define la perfecci\u00f3n.<\/p>\n<ul>\n<li>Silicona 100% medica suave.<\/li>\n<li>7 Funciones de vibraci\u00f3n \u00a0<\/li>\n<li>4 Modos de movimiento Waving<\/li>\n<li>Resistente al Agua<\/li>\n<li>Material seguro para el cuerpo<\/li>\n<li>Libre de ftalatos<\/li>\n<li>Medida Total; 205 x 35 mm\u00a0<\/li>\n<li>Peso; 219 gramos<\/li>\n<li>Flexible<\/li>\n<li>Recargable por USB ( Cable incluido )<\/li>\n<li>Ergon\u00f3mico<\/li>\n<li>Estimulaci\u00f3n clitorial<\/li>\n<li>Control retroiluminado con luces LED<\/li>\n<\/ul>\n<p><strong>Funcionamiento\/Uso<\/strong><\/p>\n<p>Para encender el vibrador, pulsa el bot\u00f3n \u00a0 <img decoding=\"async\" src=\"https:\/\/interno.dreamlove.es\/UserFiles\/images\/ENCENDIDO.png\" style=\"width: 20px; height: 20px;\" \/>\u00a0de encendido durante unos 2 segundos, seguidamente el bot\u00f3n <img decoding=\"async\" src=\"https:\/\/interno.dreamlove.es\/UserFiles\/images\/VIBRCION.png\" style=\"width: 23px; height: 24px;\" \/>\u00a0 \u00a0activar\u00e1 la vibraci\u00f3n, siga puls\u00e1ndolo el mismo bot\u00f3n \u00a0<img decoding=\"async\" src=\"https:\/\/interno.dreamlove.es\/UserFiles\/images\/VIBRCION.png\" style=\"width: 23px; height: 24px;\" \/>\u00a0y modificar\u00e1 los 7 modos de vibraci\u00f3n. Contin\u00fae pulsando el bot\u00f3n \u00a0<img decoding=\"async\" alt=\"\" src=\"https:\/\/interno.dreamlove.es\/UserFiles\/images\/7.png\" style=\"width: 26px; height: 26px;\" \/> y activar\u00e1 el movimiento de Waving, seguidamente pulse el mismo bot\u00f3n \u00a0<img decoding=\"async\" alt=\"\" src=\"https:\/\/interno.dreamlove.es\/UserFiles\/images\/7.png\" style=\"width: 26px; height: 26px;\" \/>\u00a0 y modificar\u00e1 los 4 modos de waving. Una vez Ethan haya finalizado pulse el bot\u00f3n \u00a0<img decoding=\"async\" src=\"https:\/\/interno.dreamlove.es\/UserFiles\/images\/ENCENDIDO.png\" style=\"width: 20px; height: 20px;\" \/> \u00a0durante dos segundos y se apagar\u00e1.\u00a0<\/p>\n<div>\n<div><strong>Cargar<\/strong><\/div>\n<div>\u00a0<\/div>\n<div>El vibrador es recargable y permite un manejo c\u00f3modo, sin molestos cables. Antes de utilizarlo por primera vez, debes cargarlo completamente. Utiliza para ello el cable de carga USB incluido.\u00a0<\/div>\n<div>Introducir la clavija del cable USB \u00a0<img decoding=\"async\" src=\"https:\/\/interno.dreamlove.es\/UserFiles\/images\/CARGA.png\" style=\"width: 26px; height: 31px;\" \/>\u00a0 \u00a0en el orificio de conexi\u00f3n de carga. Enchufar a la corriente con un conector o al ordenador mediante USB.<\/div>\n<div>\u00a0<\/div>\n<div><strong>Advertencia<\/strong>: el primer proceso de carga puede durar hasta ocho horas.<\/div>\n<div>\u00a0<\/div>\n<div><strong>Eliminaci\u00f3n<\/strong><\/div>\n<div>\u00a0<\/div>\n<div>La eliminaci\u00f3n de aparatos electr\u00f3nicos debe realizarse seg\u00fan la normativa para residuos peligrosos vigente en la Uni\u00f3n Europea y en otros pa\u00edses europeos o seg\u00fan las reglamentaciones locales. Respeta las normativas de eliminaci\u00f3n de basuras<\/div>\n<div>Espec\u00edficas de tu pa\u00eds y, en caso de duda, pregunta a tu distribuidor sobre las opciones de eliminaci\u00f3n.<\/div>\n<div>\u00a0<\/div>\n<div><strong>Contenido<\/strong><\/div>\n<div>\u00a0<\/div>\n<div>Abrir una caja de productos MORESSA es exclusividad. La satisfacci\u00f3n es nuestro objetivo, por ello hemos cuidado cada detalle.<\/div>\n<ul>\n<li>ETHAN<\/li>\n<li>Cargador<\/li>\n<li>Manual de usuario<\/li>\n<\/ul>\n<p>Moressa es la marca referente por su dise\u00f1o, calidad y tecnolog\u00eda. Hemos desarrollado un producto innovador y mimado cada proceso de fabricaci\u00f3n para conseguir el mejor resultado.Moressa es s\u00edmbolo de energ\u00eda, fuerza y garant\u00eda. Comprar un Sextoy Moressa es sentirse reflejado con la actualidad. \u00a0Cada Juguete Moressa te transportar\u00e1\u00a0a diferentes sensaciones. Un resultado inigualable gracias a la silicona Premium confortable y los dise\u00f1os ergon\u00f3micos.<\/p>\n<p>\u00a0<\/p>\n<\/div>\n<div>\u00a0<\/div>","protected":false},"excerpt":{"rendered":"<p>MORESSA ETHAN PREMIUM SILICONE RECHARGEABLE<\/p>","protected":false},"featured_media":54704,"comment_status":"open","ping_status":"closed","template":"","meta":{"_monsterinsights_skip_tracking":false,"_monsterinsights_sitenote_active":false,"_monsterinsights_sitenote_note":"","_monsterinsights_sitenote_category":0,"_joinchat":[]},"product_brand":[],"product_cat":[1193,1156,1152,1155,1165,1309,1153,1292,1195],"product_tag":[],"class_list":{"0":"post-20594","1":"product","2":"type-product","3":"status-publish","4":"has-post-thumbnail","6":"product_cat-juguetes-bienestar-vibradores100-sumergible","7":"product_cat-juguetes-bienestar-juguetes-para-mujeresestimuladores","8":"product_cat-juguetes-bienestar","9":"product_cat-juguetes-bienestar-juguetes-para-mujeres","10":"product_cat-juguetes-bienestar-juguetes-para-mujeresmasturbadores-para-ellas","11":"product_cat-juguetes-bienestar-juguetes-para-mujerespunto-g","12":"product_cat-juguetes-bienestar-vibradores","13":"product_cat-juguetes-bienestar-vibradoresvibradores-clasicos-anales-o-vaginales","14":"product_cat-juguetes-bienestar-vibradoresvibradores-rabbit","15":"yith_product_brand-moressa","17":"first","18":"instock","19":"taxable","20":"shipping-taxable","21":"purchasable","22":"product-type-simple"},"aioseo_notices":[],"_links":{"self":[{"href":"https:\/\/www.mysexualfantasy.eu\/en\/wp-json\/wp\/v2\/product\/20594","targetHints":{"allow":["GET"]}}],"collection":[{"href":"https:\/\/www.mysexualfantasy.eu\/en\/wp-json\/wp\/v2\/product"}],"about":[{"href":"https:\/\/www.mysexualfantasy.eu\/en\/wp-json\/wp\/v2\/types\/product"}],"replies":[{"embeddable":true,"href":"https:\/\/www.mysexualfantasy.eu\/en\/wp-json\/wp\/v2\/comments?post=20594"}],"wp:featuredmedia":[{"embeddable":true,"href":"https:\/\/www.mysexualfantasy.eu\/en\/wp-json\/wp\/v2\/media\/54704"}],"wp:attachment":[{"href":"https:\/\/www.mysexualfantasy.eu\/en\/wp-json\/wp\/v2\/media?parent=20594"}],"wp:term":[{"taxonomy":"product_brand","embeddable":true,"href":"https:\/\/www.mysexualfantasy.eu\/en\/wp-json\/wp\/v2\/product_brand?post=20594"},{"taxonomy":"product_cat","embeddable":true,"href":"https:\/\/www.mysexualfantasy.eu\/en\/wp-json\/wp\/v2\/product_cat?post=20594"},{"taxonomy":"product_tag","embeddable":true,"href":"https:\/\/www.mysexualfantasy.eu\/en\/wp-json\/wp\/v2\/product_tag?post=20594"}],"curies":[{"name":"wp","href":"https:\/\/api.w.org\/{rel}","templated":true}]}}