{"id":20596,"date":"2023-01-13T13:01:10","date_gmt":"2023-01-13T13:01:10","guid":{"rendered":"https:\/\/www.mysexualfantasy.eu\/?post_type=product&#038;p=20596"},"modified":"2023-12-06T15:59:23","modified_gmt":"2023-12-06T15:59:23","slug":"moressa-jerry-premium-silicone-recargable","status":"publish","type":"product","link":"https:\/\/www.mysexualfantasy.eu\/en\/product\/moressa-jerry-premium-silicone-recargable\/","title":{"rendered":"MORESSA JERRY PREMIUM SILICONE RECARGABLE"},"content":{"rendered":"<div>INTENSA ESTIMULACI\u00d3N: EL NUEVO JERRY<\/div>\n<div>\u00a0<\/div>\n<div>POTENTE: Silenciosamente preparado para la acci\u00f3n en cualquier lugar estimulando de manera excepcional el cl\u00edtoris con excitantes vibraciones sobre el punto G. Dos motores independientes que te elevan al para\u00edso. Se adapta perfectamente a la anatom\u00eda de la mujer, una vez introducido vaginalmente, la punta inclinada masaje el punto G mientras que el ancho saliente transmite vibraciones al cl\u00edtoris y labios vaginales.<\/div>\n<ul>\n<li>Mayor grosor y mayor flexibilidad del brazo saliente para la estimulaci\u00f3n del cl\u00edtoris<\/li>\n<li>Punta curvada y ancha para estimular el punto G<\/li>\n<\/ul>\n<div>Jerry tiene la medida perfecta! Compacto, flexible y con agarre trasero, 30 modos de vibraci\u00f3n de suave a fuerte con un f\u00e1cil control.<\/div>\n<div>\u00a0<\/div>\n<div>Potencia y durabilidad; 2 motores recargables.<\/div>\n<div>\u00a0<\/div>\n<div>Desde la punta hasta su base se adapta ripiadamente de forma natural a la temperatura de tu cuerpo.<\/div>\n<div>\n<ul>\n<li>Silicona 100% medica suave.<\/li>\n<li>30 modos de vibraci\u00f3n \u00a0<\/li>\n<li>Material seguro para el cuerpo<\/li>\n<li>Libre de ftalatos<\/li>\n<li>Resistente al Agua<\/li>\n<li>Medida Total; 150 x 40 mm\u00a0<\/li>\n<li>Peso; 116 gramos<\/li>\n<li>Flexible<\/li>\n<li>Recargable por USB (Cable Incluido)<\/li>\n<li>Ergon\u00f3mico<\/li>\n<li>Control retro iluminado con luces LED<\/li>\n<li>Estimulaci\u00f3n clitorial<\/li>\n<\/ul>\n<p><strong>Funcionamiento\/Uso<\/strong><\/p>\n<p>Para encender a Jerry pulse el bot\u00f3n \u00a0<img decoding=\"async\" src=\"https:\/\/interno.dreamlove.es\/UserFiles\/images\/ENCENDIDO.png\" style=\"width: 20px; height: 20px;\" \/>\u00a0de encendido durante unos 2 segundos. Seguidamente pulse la tecla inferior <img decoding=\"async\" src=\"https:\/\/interno.dreamlove.es\/UserFiles\/images\/VIBRCION.png\" style=\"width: 23px; height: 24px;\" \/>\u00a0\u00a0y recorrer\u00e1 los 30 modos de suave a fuerte vibraci\u00f3n. \u00a0Una vez Jerry haya finalizado pulse el bot\u00f3n <img decoding=\"async\" src=\"https:\/\/interno.dreamlove.es\/UserFiles\/images\/ENCENDIDO.png\" style=\"width: 20px; height: 20px;\" \/>\u00a0durante 2 segundos y se apagar\u00e1. Este concebido para el placer del punto G y Cl\u00edtoris.\u00a0<\/p>\n<div>\n<div><strong>Cargar<\/strong><\/div>\n<div>El vibrador es recargable y permite un manejo c\u00f3modo, sin molestos cables. Antes de utilizarlo por primera vez, debes cargarlo completamente. Utiliza para ello el cable de carga USB incluido.\u00a0<\/div>\n<div>Introducir la clavija del cable USB \u00a0<img decoding=\"async\" src=\"https:\/\/interno.dreamlove.es\/UserFiles\/images\/CARGA.png\" style=\"width: 26px; height: 31px;\" \/>\u00a0 \u00a0en el orificio de conexi\u00f3n de carga. Enchufar a la corriente con un conector o al ordenador mediante USB.<\/div>\n<div>\u00a0<\/div>\n<div><strong>Advertencia<\/strong>: el primer proceso de carga puede durar hasta ocho horas.<\/div>\n<div>\u00a0<\/div>\n<div><strong>Eliminaci\u00f3n<\/strong><\/div>\n<div>La eliminaci\u00f3n de aparatos electr\u00f3nicos debe realizarse seg\u00fan la normativa para residuos peligrosos vigente en la Uni\u00f3n Europea y en otros pa\u00edses europeos o seg\u00fan las reglamentaciones locales. Respeta las normativas de eliminaci\u00f3n de basuras<\/div>\n<div>Espec\u00edficas de tu pa\u00eds y, en caso de duda, pregunta a tu distribuidor sobre las opciones de eliminaci\u00f3n.<\/div>\n<div>\u00a0<\/div>\n<div><strong>Contenido<\/strong><\/div>\n<div>\u00a0<\/div>\n<div>Abrir una caja de productos MORESSA es exclusividad. La satisfacci\u00f3n es nuestro objetivo, por ello hemos cuidado cada detalle.<\/div>\n<ul>\n<li>JERRY<\/li>\n<li>Cargador<\/li>\n<li>Manual de usuario<\/li>\n<\/ul>\n<p>Moressa es la marca referente por su dise\u00f1o, calidad y tecnolog\u00eda. Hemos desarrollado un producto innovador y mimado cada proceso de fabricaci\u00f3n para conseguir el mejor resultado.Moressa es s\u00edmbolo de energ\u00eda, fuerza y garant\u00eda. Comprar un Sextoy Moressa es sentirse reflejado con la actualidad. \u00a0Cada Juguete Moressa te transportar\u00e1\u00a0a diferentes sensaciones. Un resultado inigualable gracias a la silicona Premium confortable y los dise\u00f1os ergon\u00f3micos.<\/p>\n<\/div>\n<div>\u00a0<\/div>\n<\/div>\n<p style=\"text-align: center;\"><iframe allow=\"autoplay; encrypted-media\" allowfullscreen=\"\" frameborder=\"0\" height=\"315\" scrolling=\"no\" src=\"https:\/\/www.youtube.com\/embed\/EaJbwSmvVS8\" width=\"800\"><\/iframe><\/p>","protected":false},"excerpt":{"rendered":"<p>MORESSA JERRY PREMIUM SILICONE RECHARGEABLE<\/p>","protected":false},"featured_media":54712,"comment_status":"open","ping_status":"closed","template":"","meta":{"_monsterinsights_skip_tracking":false,"_monsterinsights_sitenote_active":false,"_monsterinsights_sitenote_note":"","_monsterinsights_sitenote_category":0,"_joinchat":[]},"product_brand":[],"product_cat":[1193,1156,1152,1155,1165,1309,1153,1292,1293],"product_tag":[],"class_list":{"0":"post-20596","1":"product","2":"type-product","3":"status-publish","4":"has-post-thumbnail","6":"product_cat-juguetes-bienestar-vibradores100-sumergible","7":"product_cat-juguetes-bienestar-juguetes-para-mujeresestimuladores","8":"product_cat-juguetes-bienestar","9":"product_cat-juguetes-bienestar-juguetes-para-mujeres","10":"product_cat-juguetes-bienestar-juguetes-para-mujeresmasturbadores-para-ellas","11":"product_cat-juguetes-bienestar-juguetes-para-mujerespunto-g","12":"product_cat-juguetes-bienestar-vibradores","13":"product_cat-juguetes-bienestar-vibradoresvibradores-clasicos-anales-o-vaginales","14":"product_cat-juguetes-bienestar-vibradoresvibradores-punto-g","15":"yith_product_brand-moressa","17":"first","18":"instock","19":"taxable","20":"shipping-taxable","21":"purchasable","22":"product-type-simple"},"aioseo_notices":[],"_links":{"self":[{"href":"https:\/\/www.mysexualfantasy.eu\/en\/wp-json\/wp\/v2\/product\/20596","targetHints":{"allow":["GET"]}}],"collection":[{"href":"https:\/\/www.mysexualfantasy.eu\/en\/wp-json\/wp\/v2\/product"}],"about":[{"href":"https:\/\/www.mysexualfantasy.eu\/en\/wp-json\/wp\/v2\/types\/product"}],"replies":[{"embeddable":true,"href":"https:\/\/www.mysexualfantasy.eu\/en\/wp-json\/wp\/v2\/comments?post=20596"}],"wp:featuredmedia":[{"embeddable":true,"href":"https:\/\/www.mysexualfantasy.eu\/en\/wp-json\/wp\/v2\/media\/54712"}],"wp:attachment":[{"href":"https:\/\/www.mysexualfantasy.eu\/en\/wp-json\/wp\/v2\/media?parent=20596"}],"wp:term":[{"taxonomy":"product_brand","embeddable":true,"href":"https:\/\/www.mysexualfantasy.eu\/en\/wp-json\/wp\/v2\/product_brand?post=20596"},{"taxonomy":"product_cat","embeddable":true,"href":"https:\/\/www.mysexualfantasy.eu\/en\/wp-json\/wp\/v2\/product_cat?post=20596"},{"taxonomy":"product_tag","embeddable":true,"href":"https:\/\/www.mysexualfantasy.eu\/en\/wp-json\/wp\/v2\/product_tag?post=20596"}],"curies":[{"name":"wp","href":"https:\/\/api.w.org\/{rel}","templated":true}]}}