{"id":20598,"date":"2023-01-13T13:01:12","date_gmt":"2023-01-13T13:01:12","guid":{"rendered":"https:\/\/www.mysexualfantasy.eu\/?post_type=product&#038;p=20598"},"modified":"2023-12-06T15:59:24","modified_gmt":"2023-12-06T15:59:24","slug":"moressa-molly-premium-silicone-recargable","status":"publish","type":"product","link":"https:\/\/www.mysexualfantasy.eu\/en\/product\/moressa-molly-premium-silicone-recargable\/","title":{"rendered":"MORESSA MOLLY PREMIUM SILICONE RECARGABLE"},"content":{"rendered":"<p>Molly el perfecto compa\u00f1ero que toda chica ha deseado tener!<\/p>\n<p>IMPACIENTE; Cuando activas a Molly sientes como se impacienta por conseguirte.<\/p>\n<p>POTENTE; Un conejito vibrador clitorial traspasa el placer a tu cuerpo mientras el impulso Molly completa la otra acci\u00f3n.<\/p>\n<p>Un nuevo mundo te espera con la tecnolog\u00eda Molly, sacude, vibra, impulsa y te da m\u00e1s de lo que siempre so\u00f1aste. Ahora todo es posible, tener al amigo perfecto se hace realidad.<\/p>\n<p>De f\u00e1cil manejo incorpora dos motores recargables con diferentes programas.<\/p>\n<p>Desde la punta hasta su base se adapta ripiadamente de forma natural a la temperatura de tu cuerpo.<\/p>\n<ul>\n<li>100% silicona m\u00e9dica  hipo alerg\u00e9nica e inodora<\/li>\n<li>7 modos de vibraci\u00f3n \u00a0<\/li>\n<li>7 modos de impulsos<\/li>\n<li>Resistente al agua<\/li>\n<li>Material seguro para el cuerpo<\/li>\n<li>Libre de ftalatos<\/li>\n<li>Medida Total; 205 x 35 mm\u00a0<\/li>\n<li>Peso; 263 gramos<\/li>\n<li>Recargable por USB (Cable Incluido)<\/li>\n<li>Ergon\u00f3mico<\/li>\n<li>Control retro iluminado con luces LED<\/li>\n<li>Estimulaci\u00f3n clitorial<\/li>\n<\/ul>\n<p><strong>Funcionamiento\/Uso<\/strong><\/p>\n<p>Para encender el vibrador, pulsa la tecla <img decoding=\"async\" src=\"https:\/\/interno.dreamlove.es\/UserFiles\/images\/ENCENDIDO.png\" style=\"width: 20px; height: 20px;\" \/>\u00a0de encendido durante unos 2 segundos. Seguidamente pulse la tecla inferior <img decoding=\"async\" src=\"https:\/\/interno.dreamlove.es\/UserFiles\/images\/10%281%29.png\" style=\"width: 27px; height: 28px;\" \/>y activar\u00e1 los impulsos, seguidamente pulse el mismo bot\u00f3n y modificara los 7 modos de impulsos<img decoding=\"async\" src=\"https:\/\/interno.dreamlove.es\/UserFiles\/images\/10%281%29.png\" style=\"width: 27px; height: 28px;\" \/>. \u00a0Pulse la tecla <img decoding=\"async\" src=\"https:\/\/interno.dreamlove.es\/UserFiles\/images\/VIBRCION.png\" style=\"width: 23px; height: 24px;\" \/>\u00a0durante dos segundos y activar\u00e1 el conejito vibrador estimulante, seguidamente pulse el mismo bot\u00f3n<img decoding=\"async\" src=\"https:\/\/interno.dreamlove.es\/UserFiles\/images\/VIBRCION.png\" style=\"width: 23px; height: 24px;\" \/> para modificar los 7 modos de vibraci\u00f3n.\u00a0 Una vez Molly haya finalizado pulse el bot\u00f3n <img decoding=\"async\" src=\"https:\/\/interno.dreamlove.es\/UserFiles\/images\/ENCENDIDO.png\" style=\"width: 20px; height: 20px;\" \/>\u00a0durante dos segundos y se apagar\u00e1.\u00a0 \u00a0<\/p>\n<p>\u00a0<\/p>\n<div>\n<div><strong>Cargar<\/strong><\/div>\n<div>El vibrador es recargable y permite un manejo c\u00f3modo, sin molestos cables. Antes de utilizarlo por primera vez, debes cargarlo completamente. Utiliza para ello el cable de carga USB incluido.\u00a0<\/div>\n<div>Introducir la clavija del cable USB \u00a0<img decoding=\"async\" src=\"https:\/\/interno.dreamlove.es\/UserFiles\/images\/CARGA.png\" style=\"width: 26px; height: 31px;\" \/>\u00a0 \u00a0en el orificio de conexi\u00f3n de carga. Enchufar a la corriente con un conector o al ordenador mediante USB.<\/div>\n<div>\u00a0<\/div>\n<div><strong>Advertencia<\/strong>: el primer proceso de carga puede durar hasta ocho horas.<\/div>\n<div>\u00a0<\/div>\n<div><strong>Eliminaci\u00f3n<\/strong><\/div>\n<div>La eliminaci\u00f3n de aparatos electr\u00f3nicos debe realizarse seg\u00fan la normativa para residuos peligrosos vigente en la Uni\u00f3n Europea y en otros pa\u00edses europeos o seg\u00fan las reglamentaciones locales. Respeta las normativas de eliminaci\u00f3n de basuras<\/div>\n<div>Espec\u00edficas de tu pa\u00eds y, en caso de duda, pregunta a tu distribuidor sobre las opciones de eliminaci\u00f3n.<\/div>\n<div>\u00a0<\/div>\n<div><strong>Contenido<\/strong><\/div>\n<div>\u00a0<\/div>\n<div>Abrir una caja de productos MORESSA es exclusividad. La satisfacci\u00f3n es nuestro objetivo, por ello hemos cuidado cada detalle.<\/div>\n<ul>\n<li>Molly<\/li>\n<li>Cargador<\/li>\n<li>Manual de usuario<\/li>\n<\/ul>\n<p>Moressa es la marca referente por su dise\u00f1o, calidad y tecnolog\u00eda. Hemos desarrollado un producto innovador y mimado cada proceso de fabricaci\u00f3n para conseguir el mejor resultado.Moressa es s\u00edmbolo de energ\u00eda, fuerza y garant\u00eda. Comprar un Sextoy Moressa es sentirse reflejado con la actualidad. \u00a0Cada Juguete Moressa te transportara a diferentes sensaciones. Un resultado inigualable gracias a la silicona Premium confortable y los dise\u00f1os ergon\u00f3micos.<\/p>\n<\/div>","protected":false},"excerpt":{"rendered":"<p>MORESSA MOLLY PREMIUM SILICONE RECHARGEABLE<\/p>","protected":false},"featured_media":54719,"comment_status":"open","ping_status":"closed","template":"","meta":{"_monsterinsights_skip_tracking":false,"_monsterinsights_sitenote_active":false,"_monsterinsights_sitenote_note":"","_monsterinsights_sitenote_category":0,"_joinchat":[]},"product_brand":[],"product_cat":[1156,1152,1155,1165,1153,1292],"product_tag":[],"class_list":{"0":"post-20598","1":"product","2":"type-product","3":"status-publish","4":"has-post-thumbnail","6":"product_cat-juguetes-bienestar-juguetes-para-mujeresestimuladores","7":"product_cat-juguetes-bienestar","8":"product_cat-juguetes-bienestar-juguetes-para-mujeres","9":"product_cat-juguetes-bienestar-juguetes-para-mujeresmasturbadores-para-ellas","10":"product_cat-juguetes-bienestar-vibradores","11":"product_cat-juguetes-bienestar-vibradoresvibradores-clasicos-anales-o-vaginales","12":"yith_product_brand-moressa","14":"first","15":"instock","16":"taxable","17":"shipping-taxable","18":"purchasable","19":"product-type-simple"},"aioseo_notices":[],"_links":{"self":[{"href":"https:\/\/www.mysexualfantasy.eu\/en\/wp-json\/wp\/v2\/product\/20598","targetHints":{"allow":["GET"]}}],"collection":[{"href":"https:\/\/www.mysexualfantasy.eu\/en\/wp-json\/wp\/v2\/product"}],"about":[{"href":"https:\/\/www.mysexualfantasy.eu\/en\/wp-json\/wp\/v2\/types\/product"}],"replies":[{"embeddable":true,"href":"https:\/\/www.mysexualfantasy.eu\/en\/wp-json\/wp\/v2\/comments?post=20598"}],"wp:featuredmedia":[{"embeddable":true,"href":"https:\/\/www.mysexualfantasy.eu\/en\/wp-json\/wp\/v2\/media\/54719"}],"wp:attachment":[{"href":"https:\/\/www.mysexualfantasy.eu\/en\/wp-json\/wp\/v2\/media?parent=20598"}],"wp:term":[{"taxonomy":"product_brand","embeddable":true,"href":"https:\/\/www.mysexualfantasy.eu\/en\/wp-json\/wp\/v2\/product_brand?post=20598"},{"taxonomy":"product_cat","embeddable":true,"href":"https:\/\/www.mysexualfantasy.eu\/en\/wp-json\/wp\/v2\/product_cat?post=20598"},{"taxonomy":"product_tag","embeddable":true,"href":"https:\/\/www.mysexualfantasy.eu\/en\/wp-json\/wp\/v2\/product_tag?post=20598"}],"curies":[{"name":"wp","href":"https:\/\/api.w.org\/{rel}","templated":true}]}}