{"id":20600,"date":"2023-01-13T13:01:15","date_gmt":"2023-01-13T13:01:15","guid":{"rendered":"https:\/\/www.mysexualfantasy.eu\/?post_type=product&#038;p=20600"},"modified":"2023-12-06T15:59:25","modified_gmt":"2023-12-06T15:59:25","slug":"moressa-odilon-premium-silicone-recargable","status":"publish","type":"product","link":"https:\/\/www.mysexualfantasy.eu\/en\/product\/moressa-odilon-premium-silicone-recargable\/","title":{"rendered":"MORESSA ODILON PREMIUM SILICONE RECARGABLE"},"content":{"rendered":"<p>Experimenta el mejor masaje en casa y reserva un espacio para ODILON, sacar\u00e1s el mayor partido a un masaje corporal o a una estimulaci\u00f3n intensa gracias a su cabezal extremadamente potente.<\/p>\n<p>SOFITISCADO; Odil\u00f3n es innovador por su potencia, pocos masajeadores con esta forma han conseguido alcanzar la fuerza irresistible.<\/p>\n<p>ERGONOMICO; F\u00e1cil sujeci\u00f3n, \u00a0con un motor en el cabezal que se adapta a tu anatom\u00eda.<\/p>\n<p>Gracias a su punta redondeada, fabricada 100% en silicona suave, puedes crear caricias constantes y gozar de orgasmos definitivos. La flexibilidad de su cuello serpenteante y su cabeza giratoria siempre funcionan conjuntamente de forma simult\u00e1nea para proporcionar una estimulaci\u00f3n despampanante.<\/p>\n<p>Goza del hormigueo a la explosi\u00f3n de vibraci\u00f3n en sus 7 modos de placer<br \/>Selecciona tu velocidad favorita y deja que tus m\u00fasculos sean la boca de este vibrador con forma de micr\u00f3fono.<\/p>\n<ul>\n<li>Silicona 100% medica suave.<\/li>\n<li>Motor muy Potente<\/li>\n<li>Silencioso<\/li>\n<li>A prueba de salpicaduras<\/li>\n<li>7 Funciones de vibraci\u00f3n con diferentes programas<\/li>\n<li>Control retro iluminado azul\u00a0<\/li>\n<li>Material seguro para el cuerpo<\/li>\n<li>Libre de ftalatos<\/li>\n<li>Medida Masajeador ; 25 x 4.7 cm<\/li>\n<li>Peso; \u00a0204 gramos<\/li>\n<li>Flexible<\/li>\n<li>Recargable por USB ( Cable incluido)<\/li>\n<li>Ergon\u00f3mico<\/li>\n<\/ul>\n<p><strong>Funcionamiento\/Uso<\/strong><\/p>\n<p>Para encender Odil\u00f3n pulse la tecla<img decoding=\"async\" src=\"https:\/\/interno.dreamlove.es\/UserFiles\/images\/VIBRCION.png\" style=\"width: 23px; height: 24px;\" \/>, aumente la potencia y modos de vibraci\u00f3n pulsando la tecla +, disminuya la potencia pulsando la tecla &#8211; , una vez Odil\u00f3n haya finalizado, pulse la tecla <img decoding=\"async\" src=\"https:\/\/interno.dreamlove.es\/UserFiles\/images\/VIBRCION.png\" style=\"width: 23px; height: 24px;\" \/>\u00a0durante 3 segundos y se apagar\u00e1.<\/p>\n<div>\n<div><strong>Cargar<\/strong><\/div>\n<div>\u00a0<\/div>\n<div>El vibrador es recargable y permite un manejo c\u00f3modo, sin molestos cables. Antes de utilizarlo por primera vez, debes cargarlo completamente. Utiliza para ello el cable de carga USB incluido.\u00a0<\/div>\n<div>Introducir la clavija del cable USB\u00a0<img decoding=\"async\" src=\"https:\/\/interno.dreamlove.es\/UserFiles\/images\/CARGA.png\" style=\"width: 26px; height: 31px;\" \/>\u00a0 \u00a0en el orificio de conexi\u00f3n de carga. Enchufar a la corriente con un conector o al ordenador mediante USB.<\/div>\n<\/div>\n<div>\u00a0<\/div>\n<div><strong>Eliminaci\u00f3n<\/strong><\/div>\n<div>\u00a0<\/div>\n<div>La eliminaci\u00f3n de aparatos electr\u00f3nicos debe realizarse seg\u00fan la normativa para residuos peligrosos vigente en la Uni\u00f3n Europea y en otros pa\u00edses europeos o seg\u00fan las reglamentaciones locales. Respeta las normativas de eliminaci\u00f3n de basura espec\u00edficas de tu pa\u00eds y, en caso de duda, pregunta a tu distribuidor sobre las opciones de eliminaci\u00f3n.<\/div>\n<div>\u00a0<\/div>\n<div><strong>Contenido<\/strong><\/div>\n<div>\u00a0<\/div>\n<div>Abrir una caja de productos MORESSA es exclusividad. La satisfacci\u00f3n es nuestro objetivo, por ello hemos cuidado cada detalle.<\/div>\n<ul>\n<li>Odilon<\/li>\n<li>Cargador<\/li>\n<li>Manual de usuario<\/li>\n<\/ul>\n<p>Moressa es la marca referente por su dise\u00f1o, calidad y tecnolog\u00eda. Hemos desarrollado un producto innovador y mimado cada proceso de fabricaci\u00f3n para conseguir el mejor resultado. Moressa es s\u00edmbolo de energ\u00eda, fuerza y garant\u00eda. Comprar un Sextoy Moressa es sentirse reflejado con la actualidad. \u00a0Cada Juguete Moressa te transportara a diferentes sensaciones. Un resultado inigualable gracias a la silicona Premium confortable y los dise\u00f1os ergon\u00f3micos.<\/p>\n<p>\u00a0<\/p>","protected":false},"excerpt":{"rendered":"<p>MORESSA ODILON PREMIUM SILICONE RECHARGEABLE<\/p>","protected":false},"featured_media":54726,"comment_status":"open","ping_status":"closed","template":"","meta":{"_monsterinsights_skip_tracking":false,"_monsterinsights_sitenote_active":false,"_monsterinsights_sitenote_note":"","_monsterinsights_sitenote_category":0,"_joinchat":[]},"product_brand":[],"product_cat":[1193,1156,1152,1155,1165,1309,1153],"product_tag":[],"class_list":{"0":"post-20600","1":"product","2":"type-product","3":"status-publish","4":"has-post-thumbnail","6":"product_cat-juguetes-bienestar-vibradores100-sumergible","7":"product_cat-juguetes-bienestar-juguetes-para-mujeresestimuladores","8":"product_cat-juguetes-bienestar","9":"product_cat-juguetes-bienestar-juguetes-para-mujeres","10":"product_cat-juguetes-bienestar-juguetes-para-mujeresmasturbadores-para-ellas","11":"product_cat-juguetes-bienestar-juguetes-para-mujerespunto-g","12":"product_cat-juguetes-bienestar-vibradores","13":"yith_product_brand-moressa","15":"first","16":"instock","17":"taxable","18":"shipping-taxable","19":"purchasable","20":"product-type-simple"},"aioseo_notices":[],"_links":{"self":[{"href":"https:\/\/www.mysexualfantasy.eu\/en\/wp-json\/wp\/v2\/product\/20600","targetHints":{"allow":["GET"]}}],"collection":[{"href":"https:\/\/www.mysexualfantasy.eu\/en\/wp-json\/wp\/v2\/product"}],"about":[{"href":"https:\/\/www.mysexualfantasy.eu\/en\/wp-json\/wp\/v2\/types\/product"}],"replies":[{"embeddable":true,"href":"https:\/\/www.mysexualfantasy.eu\/en\/wp-json\/wp\/v2\/comments?post=20600"}],"wp:featuredmedia":[{"embeddable":true,"href":"https:\/\/www.mysexualfantasy.eu\/en\/wp-json\/wp\/v2\/media\/54726"}],"wp:attachment":[{"href":"https:\/\/www.mysexualfantasy.eu\/en\/wp-json\/wp\/v2\/media?parent=20600"}],"wp:term":[{"taxonomy":"product_brand","embeddable":true,"href":"https:\/\/www.mysexualfantasy.eu\/en\/wp-json\/wp\/v2\/product_brand?post=20600"},{"taxonomy":"product_cat","embeddable":true,"href":"https:\/\/www.mysexualfantasy.eu\/en\/wp-json\/wp\/v2\/product_cat?post=20600"},{"taxonomy":"product_tag","embeddable":true,"href":"https:\/\/www.mysexualfantasy.eu\/en\/wp-json\/wp\/v2\/product_tag?post=20600"}],"curies":[{"name":"wp","href":"https:\/\/api.w.org\/{rel}","templated":true}]}}