{"id":20609,"date":"2023-01-13T14:23:02","date_gmt":"2023-01-13T14:23:02","guid":{"rendered":"https:\/\/www.mysexualfantasy.eu\/?post_type=product&#038;p=20609"},"modified":"2023-12-06T15:31:21","modified_gmt":"2023-12-06T15:31:21","slug":"moressa-osian-three-premium-silicona-turquesa","status":"publish","type":"product","link":"https:\/\/www.mysexualfantasy.eu\/en\/product\/moressa-osian-three-premium-silicona-turquesa\/","title":{"rendered":"MORESSA OSIAN THREE PREMIUM SILICONA TURQUESA"},"content":{"rendered":"<p>Las bolas chinas Moressa OSIAN est\u00e1n cubiertas de 100% silicona de alta calidad. Tienen un dise\u00f1o elegante en tres colores as\u00ed como un incomparable tacto de terciopelo suave y muy confortable.<\/p>\n<p>OSIAN THREE es el complemento ideal de entrenamiento del suelo p\u00e9lvico, especial para mujeres principiantes y\/o con inclinaciones de la matriz. Se introduce como un tamp\u00f3n e igual que \u00e9ste, OSIAN ONE es casi imperceptible. Durante los movimientos cotidianos, las constantes y silenciosas rotaciones interiores generan contracciones musculares involuntarias que fortalecen la musculatura del suelo p\u00e9lvico.\u00a0<\/p>\n<p>OSIAN THREE ayuda a tonificar los m\u00fasculos del suelo p\u00e9lvico responsables de placer sexual, tienen un peso perfectamente dosificado que garantizan una sensacional sesi\u00f3n de entrenamiento del suelo p\u00e9lvico, para atenuar la incontinencia, intensificar el orgasmo y en consecuencia mejorar la salud sexual.<\/p>\n<p>Para una mayor efectividad, se recomiendan sesiones de corta duraci\u00f3n y con regularidad. Una vez se haya fortalecido la musculatura del suelo p\u00e9lvico con OSIAN THREE, repita el procedimiento con OSIAN ONE, TWO y THREE cuando peri\u00f3dicamente cada 6 meses.<\/p>\n<p>Las bolas Moressa son completamente lisas facilitando la inserci\u00f3n y produciendo sensaci\u00f3n de confort. F\u00e1cil de utilizar y limpiar, es una elecci\u00f3n perfecta para una salud impecable de los m\u00fasculos p\u00e9lvicos.<\/p>\n<ul>\n<li>Estructura 100% de silicona hipo alerg\u00e9nica.<\/li>\n<li>Peso:\u00a085\u00a0 gr<\/li>\n<li>Medidas; Di\u00e1metro de 34 mm<\/li>\n<li>Una vez que las tengas dentro de ti, tus m\u00fasculos p\u00e9lvicos empezar\u00e1n a trabajar tratando de retener las bolas en su sitio.<\/li>\n<li>La rotaci\u00f3n de la bola en el interior estimula y fortalece la musculatura del suelo p\u00e9lvico durante los movimientos propios de la vida cotidiana..<\/li>\n<li>Aumenta la sensibilidad durante el sexo, \u00a1tanto la de las MUJERES como la de los HOMBRES!<\/li>\n<li>Matronas y ginec\u00f3logos la recomiendan como m\u00e9todo de recuperaci\u00f3n del suelo p\u00e9lvico tras el parto.<\/li>\n<li>Aumenta los resultados de la gimnasia posparto<\/li>\n<li>Previene la incontinencia urinaria y desprendimientos uterinos<\/li>\n<li>Casi imperceptible<\/li>\n<\/ul>\n<p><strong>Consejos de uso<\/strong><\/p>\n<p>Amoressa \u00a0recomienda el uso de lubricantes con base de agua para un f\u00e1cil uso e inserci\u00f3n de todos los productos de silicona. No usar lubricantes con base de silicona, aceites o cremas con productos de silicona ya que pueden degradar el material, limitando su funcionamiento y su vida \u00fatil.<\/p>\n<p><strong>Limpieza<\/strong><\/p>\n<p>Limpie exhaustivamente el juguete antes y despu\u00e9s de cada uso con agua templada y jab\u00f3n neutro.<\/p>\n<p><strong>Almacenamiento<\/strong><\/p>\n<p>Almacene las bolas Osian de Moressa en un lugar sin polvo y mant\u00e9ngalo fuera de contacto de otros juguetes hechos de distintos materiales (TPR, PVC jelly, etc.) Evite exponerlo a la luz solar y a temperaturas extremadamente altas.<\/p>\n<ul>\n<li>2 a\u00f1os de Garant\u00eda<\/li>\n<\/ul>\n<p>\u00a0<\/p>\n<p>\u00a0<\/p>\n<p>\u00a0<\/p>","protected":false},"excerpt":{"rendered":"<p>MORESSA OSIAN THREE PREMIUM SILICONE TURQUOISE<\/p>","protected":false},"featured_media":67053,"comment_status":"open","ping_status":"closed","template":"","meta":{"_monsterinsights_skip_tracking":false,"_monsterinsights_sitenote_active":false,"_monsterinsights_sitenote_note":"","_monsterinsights_sitenote_category":0,"_joinchat":[]},"product_brand":[],"product_cat":[1158,1264,1265,1152],"product_tag":[],"class_list":{"0":"post-20609","1":"product","2":"type-product","3":"status-publish","4":"has-post-thumbnail","6":"product_cat-juguetes-bienestar-bolas","7":"product_cat-juguetes-bienestar-bolasbolas-basicas","8":"product_cat-juguetes-bienestar-bolasbolas-silicona","9":"product_cat-juguetes-bienestar","10":"yith_product_brand-moressa","12":"first","13":"instock","14":"taxable","15":"shipping-taxable","16":"purchasable","17":"product-type-simple"},"aioseo_notices":[],"_links":{"self":[{"href":"https:\/\/www.mysexualfantasy.eu\/en\/wp-json\/wp\/v2\/product\/20609","targetHints":{"allow":["GET"]}}],"collection":[{"href":"https:\/\/www.mysexualfantasy.eu\/en\/wp-json\/wp\/v2\/product"}],"about":[{"href":"https:\/\/www.mysexualfantasy.eu\/en\/wp-json\/wp\/v2\/types\/product"}],"replies":[{"embeddable":true,"href":"https:\/\/www.mysexualfantasy.eu\/en\/wp-json\/wp\/v2\/comments?post=20609"}],"wp:featuredmedia":[{"embeddable":true,"href":"https:\/\/www.mysexualfantasy.eu\/en\/wp-json\/wp\/v2\/media\/67053"}],"wp:attachment":[{"href":"https:\/\/www.mysexualfantasy.eu\/en\/wp-json\/wp\/v2\/media?parent=20609"}],"wp:term":[{"taxonomy":"product_brand","embeddable":true,"href":"https:\/\/www.mysexualfantasy.eu\/en\/wp-json\/wp\/v2\/product_brand?post=20609"},{"taxonomy":"product_cat","embeddable":true,"href":"https:\/\/www.mysexualfantasy.eu\/en\/wp-json\/wp\/v2\/product_cat?post=20609"},{"taxonomy":"product_tag","embeddable":true,"href":"https:\/\/www.mysexualfantasy.eu\/en\/wp-json\/wp\/v2\/product_tag?post=20609"}],"curies":[{"name":"wp","href":"https:\/\/api.w.org\/{rel}","templated":true}]}}