{"id":20613,"date":"2023-01-13T13:01:16","date_gmt":"2023-01-13T13:01:16","guid":{"rendered":"https:\/\/www.mysexualfantasy.eu\/?post_type=product&#038;p=20613"},"modified":"2023-12-06T15:59:25","modified_gmt":"2023-12-06T15:59:25","slug":"moressa-telmo-premium-silicone-recargable","status":"publish","type":"product","link":"https:\/\/www.mysexualfantasy.eu\/en\/product\/moressa-telmo-premium-silicone-recargable\/","title":{"rendered":"MORESSA TELMO PREMIUM SILICONE RECARGABLE"},"content":{"rendered":"<p>Telmo es un vibrador tecnol\u00f3gicamente superior, un rabbit revolucionario, un dise\u00f1o curvado con un estimulador clitoral suave y flexible. Fabricado en Silicona medica de alta calidad, el conejito es ergon\u00f3mico, sencillo de usar y muy potente.<\/p>\n<p>Telmo te acompa\u00f1a para el placer solitario o en compa\u00f1\u00eda.<\/p>\n<ul>\n<li>ELEGANTE, un dise\u00f1o estudiado con un tacto suave y sedoso envuelto en una silicona hipo -alerg\u00e9nica aterciopelada confortable.<\/li>\n<li>Desde la punta hasta su base se adapta ripiadamente de forma natural a la temperatura de tu cuerpo.<\/li>\n<li>Forma curvada que estimular\u00e1 el punto G y Cl\u00edtoris con sistema tickling (imagina dos dedos masajeando a la vez)<\/li>\n<li>Con sus 7 velocidades, podr\u00e1s cambiar entre sus velocidades de una vibraci\u00f3n suave y constante a la m\u00e1s fuerte<\/li>\n<\/ul>\n<p>Por su tama\u00f1o es ideal para que te acompa\u00f1e en tus viajes, incre\u00edblemente silencioso y discreto como para poder usarlo con la puerta cerrada sin ser detectado.<br \/>Lujo; Acabado perfecto con sujeci\u00f3n metal.\u00a0<\/p>\n<ul>\n<li>100% silicona m\u00e9dica suave y sedosa.<\/li>\n<li>Es hipo alerg\u00e9nico y 100% respetuoso con la piel<\/li>\n<li>Sumergible<\/li>\n<li>7 modos de vibraci\u00f3n\u00a0<\/li>\n<li>3 modos sistema tickling clitorial<\/li>\n<li>Libre de ftalatos<\/li>\n<li>Medida Total; 19.5 X 4 cm<\/li>\n<li>Peso; 148 gramos<\/li>\n<li>Recargable por USB ( Cable incluido)<\/li>\n<li>Ergon\u00f3mico<\/li>\n<li>Control retro iluminado con luces LED<\/li>\n<\/ul>\n<p>Para encender el vibrador, pulsa la tecla <img decoding=\"async\" src=\"https:\/\/interno.dreamlove.es\/UserFiles\/images\/VIBRCION.png\" style=\"width: 23px; height: 24px;\" \/>de encendido durante unos 2 segundos. Seguidamente pulse la misma tecla <img decoding=\"async\" src=\"https:\/\/interno.dreamlove.es\/UserFiles\/images\/VIBRCION.png\" style=\"width: 23px; height: 24px;\" \/>\u00a0para modificar los 7 modos de vibraci\u00f3n.<\/p>\n<p>\u00a0Pulse la tecla <img decoding=\"async\" src=\"https:\/\/interno.dreamlove.es\/UserFiles\/images\/8%281%29.png\" style=\"width: 25px; height: 25px;\" \/>\u00a0para activar la funci\u00f3n Tickling y seguidamente vuelva a pulsar de nuevo la tecla <img decoding=\"async\" src=\"https:\/\/interno.dreamlove.es\/UserFiles\/images\/8%281%29.png\" style=\"width: 25px; height: 25px;\" \/>\u00a0y modificar\u00e1 modos Tickling.<\/p>\n<p>Una vez Telmo haya finalizado pulse la tecla <img decoding=\"async\" src=\"https:\/\/interno.dreamlove.es\/UserFiles\/images\/VIBRCION.png\" style=\"width: 23px; height: 24px;\" \/>\u00a0durante 3 segundos y se apagar\u00e1.<\/p>\n<div>\n<div>\n<div><strong>Cargar<\/strong><\/div>\n<div>El vibrador es recargable y permite un manejo c\u00f3modo, sin molestos cables. Antes de utilizarlo por primera vez, debes cargarlo completamente. Utiliza para ello el cable de carga USB incluido.\u00a0<\/div>\n<div>Introducir la clavija del cable USB \u00a0<img decoding=\"async\" src=\"https:\/\/interno.dreamlove.es\/UserFiles\/images\/CARGA.png\" style=\"width: 26px; height: 31px;\" \/>\u00a0 \u00a0en el orificio de conexi\u00f3n de carga. Enchufar a la corriente con un conector o al ordenador mediante USB.<\/div>\n<div>\u00a0<\/div>\n<div><strong>Advertencia<\/strong>: el primer proceso de carga puede durar hasta ocho horas.<\/div>\n<div>\u00a0<\/div>\n<div><strong>Eliminaci\u00f3n<\/strong><\/div>\n<div>La eliminaci\u00f3n de aparatos electr\u00f3nicos debe realizarse seg\u00fan la normativa para residuos peligrosos vigente en la Uni\u00f3n Europea y en otros pa\u00edses europeos o seg\u00fan las reglamentaciones locales. Respeta las normativas de eliminaci\u00f3n de basuras<\/div>\n<div>Espec\u00edficas de tu pa\u00eds y, en caso de duda, pregunta a tu distribuidor sobre las opciones de eliminaci\u00f3n.<\/div>\n<div>\u00a0<\/div>\n<div><strong>Contenido<\/strong><\/div>\n<div>\u00a0<\/div>\n<div>Abrir una caja de productos MORESSA es exclusividad. La satisfacci\u00f3n es nuestro objetivo, por ello hemos cuidado cada detalle.<\/div>\n<ul>\n<li>TELMO<\/li>\n<li>Cargador<\/li>\n<li>Manual de usuario<\/li>\n<\/ul>\n<p>Moressa es la marca referente por su dise\u00f1o, calidad y tecnolog\u00eda. Hemos desarrollado un producto innovador y mimado cada proceso de fabricaci\u00f3n para conseguir el mejor resultado.Moressa es s\u00edmbolo de energ\u00eda, fuerza y garant\u00eda. Comprar un Sextoy Moressa es sentirse reflejado con la actualidad. \u00a0Cada Juguete Moressa te transportara a diferentes sensaciones. Un resultado inigualable gracias a la silicona Premium confortable y los dise\u00f1os ergon\u00f3micos.<\/p>\n<p>\u00a0<\/p>\n<\/div>\n<div>\u00a0<\/div>\n<\/div>\n<p style=\"text-align: center;\">\u00a0<\/p>","protected":false},"excerpt":{"rendered":"<p>MORESSA TELMO PREMIUM SILICONE RECHARGEABLE<\/p>","protected":false},"featured_media":54729,"comment_status":"open","ping_status":"closed","template":"","meta":{"_monsterinsights_skip_tracking":false,"_monsterinsights_sitenote_active":false,"_monsterinsights_sitenote_note":"","_monsterinsights_sitenote_category":0,"_joinchat":[]},"product_brand":[],"product_cat":[1156,1152,1155,1165,1309,1153,1292,1195],"product_tag":[],"class_list":{"0":"post-20613","1":"product","2":"type-product","3":"status-publish","4":"has-post-thumbnail","6":"product_cat-juguetes-bienestar-juguetes-para-mujeresestimuladores","7":"product_cat-juguetes-bienestar","8":"product_cat-juguetes-bienestar-juguetes-para-mujeres","9":"product_cat-juguetes-bienestar-juguetes-para-mujeresmasturbadores-para-ellas","10":"product_cat-juguetes-bienestar-juguetes-para-mujerespunto-g","11":"product_cat-juguetes-bienestar-vibradores","12":"product_cat-juguetes-bienestar-vibradoresvibradores-clasicos-anales-o-vaginales","13":"product_cat-juguetes-bienestar-vibradoresvibradores-rabbit","14":"yith_product_brand-moressa","16":"first","17":"instock","18":"taxable","19":"shipping-taxable","20":"purchasable","21":"product-type-simple"},"aioseo_notices":[],"_links":{"self":[{"href":"https:\/\/www.mysexualfantasy.eu\/en\/wp-json\/wp\/v2\/product\/20613","targetHints":{"allow":["GET"]}}],"collection":[{"href":"https:\/\/www.mysexualfantasy.eu\/en\/wp-json\/wp\/v2\/product"}],"about":[{"href":"https:\/\/www.mysexualfantasy.eu\/en\/wp-json\/wp\/v2\/types\/product"}],"replies":[{"embeddable":true,"href":"https:\/\/www.mysexualfantasy.eu\/en\/wp-json\/wp\/v2\/comments?post=20613"}],"wp:featuredmedia":[{"embeddable":true,"href":"https:\/\/www.mysexualfantasy.eu\/en\/wp-json\/wp\/v2\/media\/54729"}],"wp:attachment":[{"href":"https:\/\/www.mysexualfantasy.eu\/en\/wp-json\/wp\/v2\/media?parent=20613"}],"wp:term":[{"taxonomy":"product_brand","embeddable":true,"href":"https:\/\/www.mysexualfantasy.eu\/en\/wp-json\/wp\/v2\/product_brand?post=20613"},{"taxonomy":"product_cat","embeddable":true,"href":"https:\/\/www.mysexualfantasy.eu\/en\/wp-json\/wp\/v2\/product_cat?post=20613"},{"taxonomy":"product_tag","embeddable":true,"href":"https:\/\/www.mysexualfantasy.eu\/en\/wp-json\/wp\/v2\/product_tag?post=20613"}],"curies":[{"name":"wp","href":"https:\/\/api.w.org\/{rel}","templated":true}]}}