{"id":20615,"date":"2023-01-13T12:02:02","date_gmt":"2023-01-13T12:02:02","guid":{"rendered":"https:\/\/www.mysexualfantasy.eu\/?post_type=product&#038;p=20615"},"modified":"2023-12-06T15:59:26","modified_gmt":"2023-12-06T15:59:26","slug":"moressa-warren-premium-silicona-recargable","status":"publish","type":"product","link":"https:\/\/www.mysexualfantasy.eu\/en\/product\/moressa-warren-premium-silicona-recargable\/","title":{"rendered":"MORESSA WARREN PREMIUM SILICONA RECARGABLE"},"content":{"rendered":"<p>IMPONENTE fuerte e impactante: La estructura fuerte de WARREN mima de forma intensa el punto G, el cl\u00edtoris y todos y cada uno de las zonas er\u00f3genas m\u00e1s escondidas.<\/p>\n<p>Todo lo que t\u00fa quieres en un solo juguete!!<\/p>\n<ul>\n<li>Vibraci\u00f3n, estimulaci\u00f3n cl\u00edtoris, penetraci\u00f3n intensa con sistema Rolling.<\/li>\n<li>Ideal para usar sola o acompa\u00f1ada, WARREN es elegante con un tacto suave y sedoso.<\/li>\n<li>Rolling; Sistema de impulso oscilante mediante bolas internas que estimulan intensamente la pared vaginal.<\/li>\n<li>Abre las puertas a un nuevo universo de placer de la mano de WARREN, un juguete que impulsa, sacude, vibra y te ofrece lo que siempre necesitas.<\/li>\n<li>POTENTE, vibrador clitorial conejito rampante, grita de placer al sentirlo!<\/li>\n<li>Recorre los 7 modos de vibraci\u00f3n + 4 funciones Rolling<\/li>\n<li>Envuelto en hipoalerg\u00e9nica y aterciopelada silicona, uno de los mejores materiales, el vibrador al completo desde su punta hasta su base se adapta r\u00e1pidamente y de forma natural a la temperatura de tu cuerpo.\u00a0<\/li>\n<\/ul>\n<p>Warren est\u00e1 a la altura de todo lo que necesitas! Simplemente perfecto!\u00a0<\/p>\n<ul>\n<li>100% silicona m\u00e9dica<\/li>\n<li>Material seguro para el cuerpo<\/li>\n<li>Resistente al Agua<\/li>\n<li>7 modos de vibraci\u00f3n\u00a0<\/li>\n<li>4 modos funci\u00f3n Rolling<\/li>\n<li>Libre de ftalatos<\/li>\n<li>Medida Total; 25.5 x 4 cm<\/li>\n<li>Peso; 160 gramos<\/li>\n<li>Recargable por USB ( cable incluido)<\/li>\n<li>Ergon\u00f3mico<\/li>\n<li>Control retro iluminado con luces LED<\/li>\n<li>Estimulaci\u00f3n clitorial<\/li>\n<\/ul>\n<p><strong>Funcionamiento\/Uso<\/strong><\/p>\n<p>.Pulse la tecla <img decoding=\"async\" src=\"https:\/\/interno.dreamlove.es\/UserFiles\/images\/ENCENDIDO.png\" style=\"width: 20px; height: 20px;\" \/>de encendido para activar a Warren, seguidamente pulse la tecla <img decoding=\"async\" src=\"https:\/\/interno.dreamlove.es\/UserFiles\/images\/11.png\" style=\"width: 30px; height: 30px;\" \/>\u00a0que activar\u00e1 los impulsos, modifique los modos de impulso pulsando la misma tecla <img decoding=\"async\" src=\"https:\/\/interno.dreamlove.es\/UserFiles\/images\/11.png\" style=\"width: 30px; height: 30px;\" \/>\u00a0. Contin\u00fae pulsando la tecla <img decoding=\"async\" src=\"https:\/\/interno.dreamlove.es\/UserFiles\/images\/VIBRCION.png\" style=\"width: 23px; height: 24px;\" \/>\u00a0y activar\u00e1 la vibraci\u00f3n del Rabbit estimulador, pulse seguidamente la misma tecla <img decoding=\"async\" src=\"https:\/\/interno.dreamlove.es\/UserFiles\/images\/VIBRCION.png\" style=\"width: 23px; height: 24px;\" \/>\u00a0\u00a0y modificar\u00e1 los modos de vibraci\u00f3n. Una vez Warren haya finalizado pulse la tecla <img decoding=\"async\" src=\"https:\/\/interno.dreamlove.es\/UserFiles\/images\/ENCENDIDO.png\" style=\"width: 20px; height: 20px;\" \/>\u00a0de apagado durante 3 segundos.\u00a0<\/p>\n<div>\n<div><strong>Cargar<\/strong><\/div>\n<div>\u00a0<\/div>\n<div>El vibrador es recargable y permite un manejo c\u00f3modo, sin molestos cables. Antes de utilizarlo por primera vez, debes cargarlo completamente. Utiliza para ello el cable de carga USB incluido.\u00a0<\/div>\n<div>Introducir la clavija del cable USB\u00a0<img decoding=\"async\" src=\"https:\/\/interno.dreamlove.es\/UserFiles\/images\/CARGA.png\" style=\"width: 26px; height: 31px;\" \/>\u00a0 \u00a0en el orificio de conexi\u00f3n de carga. Enchufar a la corriente con un conector o al ordenador mediante USB.<\/div>\n<\/div>\n<div>\u00a0<\/div>\n<div><strong>Eliminaci\u00f3n<\/strong><\/div>\n<div>\u00a0<\/div>\n<div>La eliminaci\u00f3n de aparatos electr\u00f3nicos debe realizarse seg\u00fan la normativa para residuos peligrosos vigente en la Uni\u00f3n Europea y en otros pa\u00edses europeos o seg\u00fan las reglamentaciones locales. Respeta las normativas de eliminaci\u00f3n de basura espec\u00edficas de tu pa\u00eds y, en caso de duda, pregunta a tu distribuidor sobre las opciones de eliminaci\u00f3n.<\/div>\n<div>\u00a0<\/div>\n<div><strong>Contenido<\/strong><\/div>\n<div>\u00a0<\/div>\n<div>Abrir una caja de productos MORESSA es exclusividad. La satisfacci\u00f3n es nuestro objetivo, por ello hemos cuidado cada detalle.<\/div>\n<ul>\n<li>Warren<\/li>\n<li>Cargador<\/li>\n<li>Manual de usuario<\/li>\n<\/ul>\n<p>Moressa es la marca referente por su dise\u00f1o, calidad y tecnolog\u00eda. Hemos desarrollado un producto innovador y mimado cada proceso de fabricaci\u00f3n para conseguir el mejor resultado. Moressa es s\u00edmbolo de energ\u00eda, fuerza y garant\u00eda. Comprar un Sextoy Moressa es sentirse reflejado con la actualidad. \u00a0Cada Juguete Moressa te transportara a diferentes sensaciones. Un resultado inigualable gracias a la silicona Premium confortable y los dise\u00f1os ergon\u00f3micos.<\/p>\n<p style=\"text-align: center;\">\u00a0<\/p>","protected":false},"excerpt":{"rendered":"<p>MORESSA WARREN PREMIUM SILICONE RECHARGEABLE<\/p>","protected":false},"featured_media":44761,"comment_status":"open","ping_status":"closed","template":"","meta":{"_monsterinsights_skip_tracking":false,"_monsterinsights_sitenote_active":false,"_monsterinsights_sitenote_note":"","_monsterinsights_sitenote_category":0,"_joinchat":[]},"product_brand":[],"product_cat":[1152,1155,1165,1153,1292,1192,1195],"product_tag":[],"class_list":{"0":"post-20615","1":"product","2":"type-product","3":"status-publish","4":"has-post-thumbnail","6":"product_cat-juguetes-bienestar","7":"product_cat-juguetes-bienestar-juguetes-para-mujeres","8":"product_cat-juguetes-bienestar-juguetes-para-mujeresmasturbadores-para-ellas","9":"product_cat-juguetes-bienestar-vibradores","10":"product_cat-juguetes-bienestar-vibradoresvibradores-clasicos-anales-o-vaginales","11":"product_cat-juguetes-bienestar-vibradoresvibradores-hi-tech","12":"product_cat-juguetes-bienestar-vibradoresvibradores-rabbit","13":"yith_product_brand-moressa","15":"first","16":"instock","17":"taxable","18":"shipping-taxable","19":"purchasable","20":"product-type-simple"},"aioseo_notices":[],"_links":{"self":[{"href":"https:\/\/www.mysexualfantasy.eu\/en\/wp-json\/wp\/v2\/product\/20615","targetHints":{"allow":["GET"]}}],"collection":[{"href":"https:\/\/www.mysexualfantasy.eu\/en\/wp-json\/wp\/v2\/product"}],"about":[{"href":"https:\/\/www.mysexualfantasy.eu\/en\/wp-json\/wp\/v2\/types\/product"}],"replies":[{"embeddable":true,"href":"https:\/\/www.mysexualfantasy.eu\/en\/wp-json\/wp\/v2\/comments?post=20615"}],"wp:featuredmedia":[{"embeddable":true,"href":"https:\/\/www.mysexualfantasy.eu\/en\/wp-json\/wp\/v2\/media\/44761"}],"wp:attachment":[{"href":"https:\/\/www.mysexualfantasy.eu\/en\/wp-json\/wp\/v2\/media?parent=20615"}],"wp:term":[{"taxonomy":"product_brand","embeddable":true,"href":"https:\/\/www.mysexualfantasy.eu\/en\/wp-json\/wp\/v2\/product_brand?post=20615"},{"taxonomy":"product_cat","embeddable":true,"href":"https:\/\/www.mysexualfantasy.eu\/en\/wp-json\/wp\/v2\/product_cat?post=20615"},{"taxonomy":"product_tag","embeddable":true,"href":"https:\/\/www.mysexualfantasy.eu\/en\/wp-json\/wp\/v2\/product_tag?post=20615"}],"curies":[{"name":"wp","href":"https:\/\/api.w.org\/{rel}","templated":true}]}}