{"id":20616,"date":"2023-01-13T13:05:39","date_gmt":"2023-01-13T13:05:39","guid":{"rendered":"https:\/\/www.mysexualfantasy.eu\/?post_type=product&#038;p=20616"},"modified":"2023-12-06T15:35:41","modified_gmt":"2023-12-06T15:35:41","slug":"perfecfit-armour-push-transparente","status":"publish","type":"product","link":"https:\/\/www.mysexualfantasy.eu\/en\/product\/perfecfit-armour-push-transparente\/","title":{"rendered":"PERFECFIT ARMOUR PUSH &#8211; TRANSPARENTE"},"content":{"rendered":"<p>El dise\u00f1o revolucionario de este arn\u00e9s para el pene combina el bulto, la erecci\u00f3n y orgasmo como beneficios a tu satisfacci\u00f3n.<\/p>\n<ul>\n<li>Tama\u00f1os est\u00e1ndar: 43 mm<\/li>\n<li>Limpieza: Lavar con jab\u00f3n suave y agua a fondo.<\/li>\n<\/ul>\n<p>Este producto no es compatible con productos de l\u00e1tex. Por favor, almacenar por separado.<\/p>\n<p>Se recomienda su uso con lubricantes de base de agua.<\/p>","protected":false},"excerpt":{"rendered":"<p>PERFECFIT ARMOUR PUSH &#8211; CLEAR<\/p>","protected":false},"featured_media":55444,"comment_status":"open","ping_status":"closed","template":"","meta":{"_monsterinsights_skip_tracking":false,"_monsterinsights_sitenote_active":false,"_monsterinsights_sitenote_note":"","_monsterinsights_sitenote_category":0,"_joinchat":[]},"product_brand":[],"product_cat":[1170,1171,1297,1152,1160],"product_tag":[],"class_list":{"0":"post-20616","1":"product","2":"type-product","3":"status-publish","4":"has-post-thumbnail","6":"product_cat-juguetes-bienestar-juguetes-para-hombresaccesorios-para-el-pene","7":"product_cat-juguetes-bienestar-juguetes-para-hombresaccesorios-para-el-peneanillos-pene","8":"product_cat-juguetes-bienestar-juguetes-para-hombresaccesorios-para-el-peneanillos-peneanillos-sin-vibracion","9":"product_cat-juguetes-bienestar","10":"product_cat-juguetes-bienestar-juguetes-para-hombres","11":"yith_product_brand-perfectfitbrand","13":"first","14":"instock","15":"taxable","16":"shipping-taxable","17":"purchasable","18":"product-type-simple"},"aioseo_notices":[],"_links":{"self":[{"href":"https:\/\/www.mysexualfantasy.eu\/en\/wp-json\/wp\/v2\/product\/20616","targetHints":{"allow":["GET"]}}],"collection":[{"href":"https:\/\/www.mysexualfantasy.eu\/en\/wp-json\/wp\/v2\/product"}],"about":[{"href":"https:\/\/www.mysexualfantasy.eu\/en\/wp-json\/wp\/v2\/types\/product"}],"replies":[{"embeddable":true,"href":"https:\/\/www.mysexualfantasy.eu\/en\/wp-json\/wp\/v2\/comments?post=20616"}],"wp:featuredmedia":[{"embeddable":true,"href":"https:\/\/www.mysexualfantasy.eu\/en\/wp-json\/wp\/v2\/media\/55444"}],"wp:attachment":[{"href":"https:\/\/www.mysexualfantasy.eu\/en\/wp-json\/wp\/v2\/media?parent=20616"}],"wp:term":[{"taxonomy":"product_brand","embeddable":true,"href":"https:\/\/www.mysexualfantasy.eu\/en\/wp-json\/wp\/v2\/product_brand?post=20616"},{"taxonomy":"product_cat","embeddable":true,"href":"https:\/\/www.mysexualfantasy.eu\/en\/wp-json\/wp\/v2\/product_cat?post=20616"},{"taxonomy":"product_tag","embeddable":true,"href":"https:\/\/www.mysexualfantasy.eu\/en\/wp-json\/wp\/v2\/product_tag?post=20616"}],"curies":[{"name":"wp","href":"https:\/\/api.w.org\/{rel}","templated":true}]}}