{"id":20619,"date":"2023-01-13T13:05:41","date_gmt":"2023-01-13T13:05:41","guid":{"rendered":"https:\/\/www.mysexualfantasy.eu\/?post_type=product&#038;p=20619"},"modified":"2023-12-06T15:22:14","modified_gmt":"2023-12-06T15:22:14","slug":"armour-knight-xl-s-m-funda-con-banda-negro","status":"publish","type":"product","link":"https:\/\/www.mysexualfantasy.eu\/en\/product\/armour-knight-xl-s-m-funda-con-banda-negro\/","title":{"rendered":"ARMOUR KNIGHT &#8211; XL &#8211; S\/M FUNDA CON BANDA NEGRO"},"content":{"rendered":"<p>Funda para el pene con cinta de arn\u00e9s el\u00e1stica. Te sentir\u00e1s c\u00f3modo con una agarre seguro.<\/p>\n<p>Te sentir\u00e1s con pene m\u00e1s grande, m\u00e1s duro y m\u00e1s potente, la correa Armour Knight deriva la energ\u00eda que empuja de su pelvis y sin aplastar sus genitales, con un \u00fanico dise\u00f1o moldeado de una sola pieza, para que ambos puedan disfrutar de un empuje m\u00e1s profundo.<\/p>\n<ul>\n<li>Circunferencia externa: 16,2 cm<\/li>\n<li>Circunferencia interna: 12,7 cm<\/li>\n<li>Longitud insertable: 17,7 cm<\/li>\n<li>Tama\u00f1o de la correa:<\/li>\n<li>Peque\u00f1o: 71-76 cm de cintura<\/li>\n<li>Medio: 78- 83 cm de cintura<\/li>\n<\/ul>\n<p>Limpieza: Simplemente desmonte el Armour Knight de la correa del jock y use agua y jab\u00f3n.<\/p>\n<p>Seguridad: El Armour Knight es seguro con lubricantes a base de agua. Este producto no es compatible con productos de l\u00e1tex. Gu\u00e1rdelo por separado.<\/p>","protected":false},"excerpt":{"rendered":"<p>ARMOUR KNIGHT &#8211; XL &#8211; S\/M WAISTBAND BLACK<\/p>","protected":false},"featured_media":55451,"comment_status":"open","ping_status":"closed","template":"","meta":{"_monsterinsights_skip_tracking":false,"_monsterinsights_sitenote_active":false,"_monsterinsights_sitenote_note":"","_monsterinsights_sitenote_category":0,"_joinchat":[]},"product_brand":[],"product_cat":[1170,1173,1174,1184,1152,1160],"product_tag":[],"class_list":{"0":"post-20619","1":"product","2":"type-product","3":"status-publish","4":"has-post-thumbnail","6":"product_cat-juguetes-bienestar-juguetes-para-hombresaccesorios-para-el-pene","7":"product_cat-juguetes-bienestar-arneses","8":"product_cat-juguetes-bienestar-arnesesarneses-sin-vibracion","9":"product_cat-juguetes-bienestar-juguetes-para-hombresaccesorios-para-el-peneextensiones-para-el-pene","10":"product_cat-juguetes-bienestar","11":"product_cat-juguetes-bienestar-juguetes-para-hombres","12":"yith_product_brand-perfectfitbrand","14":"first","15":"instock","16":"taxable","17":"shipping-taxable","18":"purchasable","19":"product-type-simple"},"aioseo_notices":[],"_links":{"self":[{"href":"https:\/\/www.mysexualfantasy.eu\/en\/wp-json\/wp\/v2\/product\/20619","targetHints":{"allow":["GET"]}}],"collection":[{"href":"https:\/\/www.mysexualfantasy.eu\/en\/wp-json\/wp\/v2\/product"}],"about":[{"href":"https:\/\/www.mysexualfantasy.eu\/en\/wp-json\/wp\/v2\/types\/product"}],"replies":[{"embeddable":true,"href":"https:\/\/www.mysexualfantasy.eu\/en\/wp-json\/wp\/v2\/comments?post=20619"}],"wp:featuredmedia":[{"embeddable":true,"href":"https:\/\/www.mysexualfantasy.eu\/en\/wp-json\/wp\/v2\/media\/55451"}],"wp:attachment":[{"href":"https:\/\/www.mysexualfantasy.eu\/en\/wp-json\/wp\/v2\/media?parent=20619"}],"wp:term":[{"taxonomy":"product_brand","embeddable":true,"href":"https:\/\/www.mysexualfantasy.eu\/en\/wp-json\/wp\/v2\/product_brand?post=20619"},{"taxonomy":"product_cat","embeddable":true,"href":"https:\/\/www.mysexualfantasy.eu\/en\/wp-json\/wp\/v2\/product_cat?post=20619"},{"taxonomy":"product_tag","embeddable":true,"href":"https:\/\/www.mysexualfantasy.eu\/en\/wp-json\/wp\/v2\/product_tag?post=20619"}],"curies":[{"name":"wp","href":"https:\/\/api.w.org\/{rel}","templated":true}]}}