{"id":20633,"date":"2023-01-13T13:05:51","date_gmt":"2023-01-13T13:05:51","guid":{"rendered":"https:\/\/www.mysexualfantasy.eu\/?post_type=product&#038;p=20633"},"modified":"2023-12-06T15:35:49","modified_gmt":"2023-12-06T15:35:49","slug":"perfect-fit-double-tunnel-plug-xl-transparente","status":"publish","type":"product","link":"https:\/\/www.mysexualfantasy.eu\/en\/product\/perfect-fit-double-tunnel-plug-xl-transparente\/","title":{"rendered":"PERFECT FIT DOUBLE TUNNEL PLUG XL &#8211; TRANSPARENTE"},"content":{"rendered":"<p>Juguete suave pero firme y flexible. Para el hombre que busca aventura.<\/p>\n<p>Solo, con tu pareja, o en un grupo, podr\u00e1s confiar en esta herramienta para obtener el m\u00e1ximo placer y potenciar al m\u00e1ximo las penetraciones.<\/p>\n<ul>\n<li>Circunferencia Interior: 12,7 cm<\/li>\n<li>Circunferencia Exterior: 25,4 cm<\/li>\n<li>Lavar con jab\u00f3n suave y agua a fondo.<\/li>\n<\/ul>\n<p>Este producto no es compatible con productos de l\u00e1tex. Por favor, almacenar por separado.<\/p>\n<p>Se recomienda usarlo con lubricantes de base de agua.<\/p>","protected":false},"excerpt":{"rendered":"<p>PERFECT FIT DOUBLE TUNNEL PLUG XL LARGE &#8211; CLEAR<\/p>","protected":false},"featured_media":55477,"comment_status":"open","ping_status":"closed","template":"","meta":{"_monsterinsights_skip_tracking":false,"_monsterinsights_sitenote_active":false,"_monsterinsights_sitenote_note":"","_monsterinsights_sitenote_category":0,"_joinchat":[]},"product_brand":[],"product_cat":[1170,1171,1297,1152,1160],"product_tag":[],"class_list":{"0":"post-20633","1":"product","2":"type-product","3":"status-publish","4":"has-post-thumbnail","6":"product_cat-juguetes-bienestar-juguetes-para-hombresaccesorios-para-el-pene","7":"product_cat-juguetes-bienestar-juguetes-para-hombresaccesorios-para-el-peneanillos-pene","8":"product_cat-juguetes-bienestar-juguetes-para-hombresaccesorios-para-el-peneanillos-peneanillos-sin-vibracion","9":"product_cat-juguetes-bienestar","10":"product_cat-juguetes-bienestar-juguetes-para-hombres","11":"yith_product_brand-perfectfitbrand","13":"first","14":"instock","15":"taxable","16":"shipping-taxable","17":"purchasable","18":"product-type-simple"},"aioseo_notices":[],"_links":{"self":[{"href":"https:\/\/www.mysexualfantasy.eu\/en\/wp-json\/wp\/v2\/product\/20633","targetHints":{"allow":["GET"]}}],"collection":[{"href":"https:\/\/www.mysexualfantasy.eu\/en\/wp-json\/wp\/v2\/product"}],"about":[{"href":"https:\/\/www.mysexualfantasy.eu\/en\/wp-json\/wp\/v2\/types\/product"}],"replies":[{"embeddable":true,"href":"https:\/\/www.mysexualfantasy.eu\/en\/wp-json\/wp\/v2\/comments?post=20633"}],"wp:featuredmedia":[{"embeddable":true,"href":"https:\/\/www.mysexualfantasy.eu\/en\/wp-json\/wp\/v2\/media\/55477"}],"wp:attachment":[{"href":"https:\/\/www.mysexualfantasy.eu\/en\/wp-json\/wp\/v2\/media?parent=20633"}],"wp:term":[{"taxonomy":"product_brand","embeddable":true,"href":"https:\/\/www.mysexualfantasy.eu\/en\/wp-json\/wp\/v2\/product_brand?post=20633"},{"taxonomy":"product_cat","embeddable":true,"href":"https:\/\/www.mysexualfantasy.eu\/en\/wp-json\/wp\/v2\/product_cat?post=20633"},{"taxonomy":"product_tag","embeddable":true,"href":"https:\/\/www.mysexualfantasy.eu\/en\/wp-json\/wp\/v2\/product_tag?post=20633"}],"curies":[{"name":"wp","href":"https:\/\/api.w.org\/{rel}","templated":true}]}}