{"id":20639,"date":"2023-01-13T13:05:54","date_gmt":"2023-01-13T13:05:54","guid":{"rendered":"https:\/\/www.mysexualfantasy.eu\/?post_type=product&#038;p=20639"},"modified":"2023-12-06T15:35:53","modified_gmt":"2023-12-06T15:35:53","slug":"perfect-fit-collections-kit-de-entrenamiento-anal","status":"publish","type":"product","link":"https:\/\/www.mysexualfantasy.eu\/en\/product\/perfect-fit-collections-kit-de-entrenamiento-anal\/","title":{"rendered":"PERFECT FIT COLLECTIONS KIT DE ENTRENAMIENTO ANAL"},"content":{"rendered":"<p>Descubre lo \u00faltimo en juguetes sexuales con la colecci\u00f3n Perfect Fit y.. \u00a1elige tu mejor kit!<\/p>\n<p>Este kit contiene:<\/p>\n<ul>\n<li>Master Plug &#8211; Podr\u00e1s sentarte sobre \u00e9l.<\/li>\n<li>Hump Gear &#8211; El dise\u00f1o patentado Hump Gear es lo \u00faltimo en la penetraci\u00f3n anal.<\/li>\n<li>Tunnel Plug &#8211; Plug dilatador con abertura.<\/li>\n<\/ul>","protected":false},"excerpt":{"rendered":"<p>PERFECT FIT ANAL FETISH COLLECTIONS<\/p>","protected":false},"featured_media":55487,"comment_status":"open","ping_status":"closed","template":"","meta":{"_monsterinsights_skip_tracking":false,"_monsterinsights_sitenote_active":false,"_monsterinsights_sitenote_note":"","_monsterinsights_sitenote_category":0,"_joinchat":[]},"product_brand":[],"product_cat":[1170,1162,1152,1160,1185],"product_tag":[],"class_list":{"0":"post-20639","1":"product","2":"type-product","3":"status-publish","4":"has-post-thumbnail","6":"product_cat-juguetes-bienestar-juguetes-para-hombresaccesorios-para-el-pene","7":"product_cat-juguetes-bienestar-anal","8":"product_cat-juguetes-bienestar","9":"product_cat-juguetes-bienestar-juguetes-para-hombres","10":"product_cat-juguetes-bienestar-kits-juguetes-sexuales","11":"yith_product_brand-perfectfitbrand","13":"first","14":"instock","15":"taxable","16":"shipping-taxable","17":"purchasable","18":"product-type-simple"},"aioseo_notices":[],"_links":{"self":[{"href":"https:\/\/www.mysexualfantasy.eu\/en\/wp-json\/wp\/v2\/product\/20639","targetHints":{"allow":["GET"]}}],"collection":[{"href":"https:\/\/www.mysexualfantasy.eu\/en\/wp-json\/wp\/v2\/product"}],"about":[{"href":"https:\/\/www.mysexualfantasy.eu\/en\/wp-json\/wp\/v2\/types\/product"}],"replies":[{"embeddable":true,"href":"https:\/\/www.mysexualfantasy.eu\/en\/wp-json\/wp\/v2\/comments?post=20639"}],"wp:featuredmedia":[{"embeddable":true,"href":"https:\/\/www.mysexualfantasy.eu\/en\/wp-json\/wp\/v2\/media\/55487"}],"wp:attachment":[{"href":"https:\/\/www.mysexualfantasy.eu\/en\/wp-json\/wp\/v2\/media?parent=20639"}],"wp:term":[{"taxonomy":"product_brand","embeddable":true,"href":"https:\/\/www.mysexualfantasy.eu\/en\/wp-json\/wp\/v2\/product_brand?post=20639"},{"taxonomy":"product_cat","embeddable":true,"href":"https:\/\/www.mysexualfantasy.eu\/en\/wp-json\/wp\/v2\/product_cat?post=20639"},{"taxonomy":"product_tag","embeddable":true,"href":"https:\/\/www.mysexualfantasy.eu\/en\/wp-json\/wp\/v2\/product_tag?post=20639"}],"curies":[{"name":"wp","href":"https:\/\/api.w.org\/{rel}","templated":true}]}}