{"id":20766,"date":"2023-02-10T21:19:48","date_gmt":"2023-02-10T21:19:48","guid":{"rendered":"https:\/\/www.mysexualfantasy.eu\/?post_type=product&#038;p=20766"},"modified":"2023-12-06T15:59:30","modified_gmt":"2023-12-06T15:59:30","slug":"satisfyer-pro-2-ng-nueva-edicion-2020","status":"publish","type":"product","link":"https:\/\/www.mysexualfantasy.eu\/en\/product\/satisfyer-pro-2-ng-nueva-edicion-2020\/","title":{"rendered":"SATISFYER PRO 2 NG NUEVA GENERACI\u00d3N"},"content":{"rendered":"<p>Nuestro cl\u00e1sico y elegante Pro 2 estrena nuestra tecnolog\u00eda patentada Air-Pulse, pensada para excitar su cl\u00edtoris hasta alcanzar un aut\u00e9ntico \u00e9xtasis. Con un motor silencioso y un cabezal de silicona suave, el Pro 2 proporciona el estado de \u00e1nimo para alcanzar el punto \u00e1lgido de su deseo.<\/p>\n<div>Estimula el cl\u00edtoris utilizando intensas ondas de presi\u00f3n sin contacto directo<\/div>\n<ul>\n<li>Fabricado con silicona de grado m\u00e9dico supersuave, agradable para la piel, suave al tacto y extremadamente higi\u00e9nica<\/li>\n<li>Gracias a su acabado impermeable (IPX7), este juguete se puede usar de forma segura en el agua, adem\u00e1s de ser f\u00e1cil de limpiar<\/li>\n<\/ul>\n<p>Para conseguir orgasmos m\u00faltiples y m\u00e1s intensos. Satisfyer Pro 2 next generation estimula el cl\u00edtoris sin contacto con ondas expansivas y pulsaciones excitantes para obtener un mayor placer.<\/p>\n<ul>\n<li>11 programas<span style=\"white-space:pre\"> <\/span>Modo de susurro<\/li>\n<li>Estanco IPX7<span style=\"white-space:pre\"> <\/span>Bajo el agua<\/li>\n<li>F\u00e1cil de limpiarz<span style=\"white-space:pre\"> <\/span>Bater\u00eda de iones de litio<\/li>\n<li>Garant\u00eda de 15 a\u00f1os<span style=\"white-space:pre\"> <\/span>Cable de carga magn\u00e9tico por USB<\/li>\n<\/ul>\n<p>MOTOR M\u00c1S POTENTE Y SILENCIOSO<\/p>\n<p>El nuevo modelo es sensiblemente m\u00e1s silencioso que su predecesor. En cuanto el cabezal rodea tu cl\u00edtoris, apenas se oye nada. Si utilizas tu juguete preferido en la ba\u00f1era, tendr\u00e1s que aguzar al m\u00e1ximo el o\u00eddo para o\u00edrlo. Algo que podr\u00e1s hacer sin problema con el Satisfyer Pro 2 de nueva generaci\u00f3n, pues es resistente al agua.<\/p>\n<p>Ahora, abra un poquito los labios de la vulva y sep\u00e1relos para dejar despejado el cl\u00edtoris. Coloque el cabezal ovalado con una ligera presi\u00f3n en el cl\u00edtoris, de modo que se encuentre en la cavidad. Cuando haya encontrado la posici\u00f3n ideal, no tendr\u00e1 que mover m\u00e1s el dildo.<\/p>\n<p>Si quiere aumentar la intensidad, pulse brevemente el bot\u00f3n m\u00e1s grande y ovalado. Cada vez que lo pulse, aumentar\u00e1 la intensidad un nivel. Hay 11 niveles de intensidad que puede elegir. A partir del nivel 11, puede reducir la velocidad paso a paso con el bot\u00f3n m\u00e1s grande y ovalado. Mientras el dildo est\u00e9 en funcionamiento, el LED estar\u00e1 continuamente en el campo del usuario.\u00a0<\/p>\n<p>Es incre\u00edblemente genial. El producto es recargable, por lo que permite un manejo c\u00f3modo y libre de cables.<\/p>\n<p>Importante: debe estar totalmente cargado desde la primera aplicaci\u00f3n, es facil\u00edsimo con el cable de carga USB incluido. Ac\u00f3plelo con los dos contactos magn\u00e9ticos en los lugares de contacto previstos y de metal del dildo. Si el cable de carga no se adhiere, puede conectarlo al circuito el\u00e9ctrico y esperar un momento.<\/p>\n<p>As\u00ed se activar\u00e1 el im\u00e1n y la conexi\u00f3n de los contactos se restablecer\u00e1 autom\u00e1ticamente. Durante el proceso de carga, el LED parpadea. En cuanto se finalice el proceso de carga, lucir\u00e1 de forma continua.<\/p>\n<p>El primer proceso de carga puede durar un m\u00e1ximo de ocho horas.<\/p>\n<p style=\"text-align: center;\">\u00a0<\/p>","protected":false},"excerpt":{"rendered":"<p>SATISFYER PRO 2 NG NEW VERSION<\/p>","protected":false},"featured_media":74290,"comment_status":"open","ping_status":"closed","template":"","meta":{"_monsterinsights_skip_tracking":false,"_monsterinsights_sitenote_active":false,"_monsterinsights_sitenote_note":"","_monsterinsights_sitenote_category":0,"_joinchat":[]},"product_brand":[],"product_cat":[1156,1152,1155,1165,1314,1153,1192],"product_tag":[],"class_list":{"0":"post-20766","1":"product","2":"type-product","3":"status-publish","4":"has-post-thumbnail","6":"product_cat-juguetes-bienestar-juguetes-para-mujeresestimuladores","7":"product_cat-juguetes-bienestar","8":"product_cat-juguetes-bienestar-juguetes-para-mujeres","9":"product_cat-juguetes-bienestar-juguetes-para-mujeresmasturbadores-para-ellas","10":"product_cat-juguetes-bienestar-juguetes-para-mujeressuccionadores","11":"product_cat-juguetes-bienestar-vibradores","12":"product_cat-juguetes-bienestar-vibradoresvibradores-hi-tech","13":"yith_product_brand-satisfyer","14":"yith_product_brand-satisfyer-satisfyer-air-pulse","16":"first","17":"instock","18":"taxable","19":"shipping-taxable","20":"purchasable","21":"product-type-simple"},"aioseo_notices":[],"_links":{"self":[{"href":"https:\/\/www.mysexualfantasy.eu\/en\/wp-json\/wp\/v2\/product\/20766","targetHints":{"allow":["GET"]}}],"collection":[{"href":"https:\/\/www.mysexualfantasy.eu\/en\/wp-json\/wp\/v2\/product"}],"about":[{"href":"https:\/\/www.mysexualfantasy.eu\/en\/wp-json\/wp\/v2\/types\/product"}],"replies":[{"embeddable":true,"href":"https:\/\/www.mysexualfantasy.eu\/en\/wp-json\/wp\/v2\/comments?post=20766"}],"wp:featuredmedia":[{"embeddable":true,"href":"https:\/\/www.mysexualfantasy.eu\/en\/wp-json\/wp\/v2\/media\/74290"}],"wp:attachment":[{"href":"https:\/\/www.mysexualfantasy.eu\/en\/wp-json\/wp\/v2\/media?parent=20766"}],"wp:term":[{"taxonomy":"product_brand","embeddable":true,"href":"https:\/\/www.mysexualfantasy.eu\/en\/wp-json\/wp\/v2\/product_brand?post=20766"},{"taxonomy":"product_cat","embeddable":true,"href":"https:\/\/www.mysexualfantasy.eu\/en\/wp-json\/wp\/v2\/product_cat?post=20766"},{"taxonomy":"product_tag","embeddable":true,"href":"https:\/\/www.mysexualfantasy.eu\/en\/wp-json\/wp\/v2\/product_tag?post=20766"}],"curies":[{"name":"wp","href":"https:\/\/api.w.org\/{rel}","templated":true}]}}