{"id":20771,"date":"2023-01-13T13:06:15","date_gmt":"2023-01-13T13:06:15","guid":{"rendered":"https:\/\/www.mysexualfantasy.eu\/?post_type=product&#038;p=20771"},"modified":"2023-12-06T15:36:12","modified_gmt":"2023-12-06T15:36:12","slug":"perfectfit-stack-it-anillo-transparente","status":"publish","type":"product","link":"https:\/\/www.mysexualfantasy.eu\/en\/product\/perfectfit-stack-it-anillo-transparente\/","title":{"rendered":"PERFECTFIT STACK IT ANILLO TRANSPARENTE"},"content":{"rendered":"<p>El Stack it, hecho de material SilaSkin, es un anillo de pene compacto y extremadamente c\u00f3modo, que es perfecto para usar en el juego o para mostrar tu bulto bajo la ropa. Perfecto para el juego duro en cualquier momento. \u00c9ste es un producto de primera calidad con una sensaci\u00f3n ultra-suave.<\/p>\n<ul>\n<li>Tan suave, dise\u00f1ado para usar para la diversi\u00f3n sexy. Doble m\u00e1s para mayor estanqueidad.<\/li>\n<li>Stack it es apilable &#8211; usa unos pocos o muchoa para obtener m\u00e1s restricciones.<\/li>\n<\/ul>\n<p>Ultra suave ideal para los test\u00edculos o el pene.<\/p>","protected":false},"excerpt":{"rendered":"<p>PERFECTFIT STACK IT COCK RING CLEAR<\/p>","protected":false},"featured_media":55538,"comment_status":"open","ping_status":"closed","template":"","meta":{"_monsterinsights_skip_tracking":false,"_monsterinsights_sitenote_active":false,"_monsterinsights_sitenote_note":"","_monsterinsights_sitenote_category":0,"_joinchat":[]},"product_brand":[],"product_cat":[1170,1171,1297,1152,1160],"product_tag":[],"class_list":{"0":"post-20771","1":"product","2":"type-product","3":"status-publish","4":"has-post-thumbnail","6":"product_cat-juguetes-bienestar-juguetes-para-hombresaccesorios-para-el-pene","7":"product_cat-juguetes-bienestar-juguetes-para-hombresaccesorios-para-el-peneanillos-pene","8":"product_cat-juguetes-bienestar-juguetes-para-hombresaccesorios-para-el-peneanillos-peneanillos-sin-vibracion","9":"product_cat-juguetes-bienestar","10":"product_cat-juguetes-bienestar-juguetes-para-hombres","11":"yith_product_brand-perfectfitbrand","13":"first","14":"instock","15":"taxable","16":"shipping-taxable","17":"purchasable","18":"product-type-simple"},"aioseo_notices":[],"_links":{"self":[{"href":"https:\/\/www.mysexualfantasy.eu\/en\/wp-json\/wp\/v2\/product\/20771","targetHints":{"allow":["GET"]}}],"collection":[{"href":"https:\/\/www.mysexualfantasy.eu\/en\/wp-json\/wp\/v2\/product"}],"about":[{"href":"https:\/\/www.mysexualfantasy.eu\/en\/wp-json\/wp\/v2\/types\/product"}],"replies":[{"embeddable":true,"href":"https:\/\/www.mysexualfantasy.eu\/en\/wp-json\/wp\/v2\/comments?post=20771"}],"wp:featuredmedia":[{"embeddable":true,"href":"https:\/\/www.mysexualfantasy.eu\/en\/wp-json\/wp\/v2\/media\/55538"}],"wp:attachment":[{"href":"https:\/\/www.mysexualfantasy.eu\/en\/wp-json\/wp\/v2\/media?parent=20771"}],"wp:term":[{"taxonomy":"product_brand","embeddable":true,"href":"https:\/\/www.mysexualfantasy.eu\/en\/wp-json\/wp\/v2\/product_brand?post=20771"},{"taxonomy":"product_cat","embeddable":true,"href":"https:\/\/www.mysexualfantasy.eu\/en\/wp-json\/wp\/v2\/product_cat?post=20771"},{"taxonomy":"product_tag","embeddable":true,"href":"https:\/\/www.mysexualfantasy.eu\/en\/wp-json\/wp\/v2\/product_tag?post=20771"}],"curies":[{"name":"wp","href":"https:\/\/api.w.org\/{rel}","templated":true}]}}