{"id":20774,"date":"2023-01-13T13:06:17","date_gmt":"2023-01-13T13:06:17","guid":{"rendered":"https:\/\/www.mysexualfantasy.eu\/?post_type=product&#038;p=20774"},"modified":"2023-12-06T15:36:14","modified_gmt":"2023-12-06T15:36:14","slug":"perfect-fit-speed-shift-rojo","status":"publish","type":"product","link":"https:\/\/www.mysexualfantasy.eu\/en\/product\/perfect-fit-speed-shift-rojo\/","title":{"rendered":"PERFECT FIT SPEED SHIFT ROJO"},"content":{"rendered":"<p>El anillo que se ajusta a todos los tama\u00f1os!! universal.<\/p>\n<p>Este anillo est\u00e1 lleno de sorpresas, cuenta con 17 ajustes distintos de tama\u00f1o y una leng\u00fceta de liberaci\u00f3n r\u00e1pida. Nunca tendr\u00e1s que preocuparte de que no encaje.<\/p>\n<ul>\n<li>Color Rojo<\/li>\n<\/ul>\n<p>Una vez se a\u00f1ada un poco de lubricante, se pueden ajustar f\u00e1cilmente las pesta\u00f1as para adaptarse a tu pene en crecimiento. \u00a1Siempre tendr\u00e1s el ajuste perfecto!<\/p>\n<p>Lavar con jab\u00f3n suave y agua a fondo.<\/p>","protected":false},"excerpt":{"rendered":"<p>PERFECT FIT SPEED SHIFT RED<\/p>","protected":false},"featured_media":55542,"comment_status":"open","ping_status":"closed","template":"","meta":{"_monsterinsights_skip_tracking":false,"_monsterinsights_sitenote_active":false,"_monsterinsights_sitenote_note":"","_monsterinsights_sitenote_category":0,"_joinchat":[]},"product_brand":[],"product_cat":[1170,1172,1171,1152,1160],"product_tag":[],"class_list":{"0":"post-20774","1":"product","2":"type-product","3":"status-publish","4":"has-post-thumbnail","6":"product_cat-juguetes-bienestar-juguetes-para-hombresaccesorios-para-el-pene","7":"product_cat-juguetes-bienestar-juguetes-para-hombresaccesorios-para-el-peneanillos-peneanillos-con-vibracion","8":"product_cat-juguetes-bienestar-juguetes-para-hombresaccesorios-para-el-peneanillos-pene","9":"product_cat-juguetes-bienestar","10":"product_cat-juguetes-bienestar-juguetes-para-hombres","11":"yith_product_brand-perfectfitbrand","13":"first","14":"instock","15":"taxable","16":"shipping-taxable","17":"purchasable","18":"product-type-simple"},"aioseo_notices":[],"_links":{"self":[{"href":"https:\/\/www.mysexualfantasy.eu\/en\/wp-json\/wp\/v2\/product\/20774","targetHints":{"allow":["GET"]}}],"collection":[{"href":"https:\/\/www.mysexualfantasy.eu\/en\/wp-json\/wp\/v2\/product"}],"about":[{"href":"https:\/\/www.mysexualfantasy.eu\/en\/wp-json\/wp\/v2\/types\/product"}],"replies":[{"embeddable":true,"href":"https:\/\/www.mysexualfantasy.eu\/en\/wp-json\/wp\/v2\/comments?post=20774"}],"wp:featuredmedia":[{"embeddable":true,"href":"https:\/\/www.mysexualfantasy.eu\/en\/wp-json\/wp\/v2\/media\/55542"}],"wp:attachment":[{"href":"https:\/\/www.mysexualfantasy.eu\/en\/wp-json\/wp\/v2\/media?parent=20774"}],"wp:term":[{"taxonomy":"product_brand","embeddable":true,"href":"https:\/\/www.mysexualfantasy.eu\/en\/wp-json\/wp\/v2\/product_brand?post=20774"},{"taxonomy":"product_cat","embeddable":true,"href":"https:\/\/www.mysexualfantasy.eu\/en\/wp-json\/wp\/v2\/product_cat?post=20774"},{"taxonomy":"product_tag","embeddable":true,"href":"https:\/\/www.mysexualfantasy.eu\/en\/wp-json\/wp\/v2\/product_tag?post=20774"}],"curies":[{"name":"wp","href":"https:\/\/api.w.org\/{rel}","templated":true}]}}