{"id":21036,"date":"2023-01-13T13:28:15","date_gmt":"2023-01-13T13:28:15","guid":{"rendered":"https:\/\/www.mysexualfantasy.eu\/?post_type=product&#038;p=21036"},"modified":"2023-12-06T15:36:17","modified_gmt":"2023-12-06T15:36:17","slug":"screaming-o-anillo-pene-y-testiculos-ring-o-xxl-rojo","status":"publish","type":"product","link":"https:\/\/www.mysexualfantasy.eu\/en\/product\/screaming-o-anillo-pene-y-testiculos-ring-o-xxl-rojo\/","title":{"rendered":"SCREAMING O &#8211; ANILLO PENE Y TESTICULOS RING O XXL &#8211; ROJO"},"content":{"rendered":"<p>Disfruta de duraderas erecciones con el\u00a0anillo para pene y test\u00edculos Ringo Pro XXL. Este anillo de base ancha, est\u00e1 fabricado con silicona ajustable que restringe el pene y los test\u00edculos y permitir\u00e1 aumentar la duraci\u00f3n de tus relaciones.\u00a0<\/p>\n<ul>\n<li>100% silicona\u00a0<\/li>\n<li>Body-safe<\/li>\n<li>Di\u00e1metro interior: 57\u00a0mm<\/li>\n<li>Color: Rojo<\/li>\n<li>Base de 1 cm<\/li>\n<li>Libre de ftalatos y latex<\/li>\n<li>Reutilizable<\/li>\n<li>100% sumergible<\/li>\n<\/ul>\n<p>Screaming O ofrece dise\u00f1o, calidad y diversi\u00f3n asegurada, en una marca americana l\u00edder en ventas.<\/p>","protected":false},"excerpt":{"rendered":"<p>SCREAMING O &#8211; ANILLO PENE Y TESTICULOS RING O XXL &#8211; ROJO<\/p>","protected":false},"featured_media":59657,"comment_status":"open","ping_status":"closed","template":"","meta":{"_monsterinsights_skip_tracking":false,"_monsterinsights_sitenote_active":false,"_monsterinsights_sitenote_note":"","_monsterinsights_sitenote_category":0,"_joinchat":[]},"product_brand":[],"product_cat":[1170,1171,1297,1152,1160],"product_tag":[],"class_list":{"0":"post-21036","1":"product","2":"type-product","3":"status-publish","4":"has-post-thumbnail","6":"product_cat-juguetes-bienestar-juguetes-para-hombresaccesorios-para-el-pene","7":"product_cat-juguetes-bienestar-juguetes-para-hombresaccesorios-para-el-peneanillos-pene","8":"product_cat-juguetes-bienestar-juguetes-para-hombresaccesorios-para-el-peneanillos-peneanillos-sin-vibracion","9":"product_cat-juguetes-bienestar","10":"product_cat-juguetes-bienestar-juguetes-para-hombres","11":"yith_product_brand-screaming-o","13":"first","14":"instock","15":"taxable","16":"shipping-taxable","17":"purchasable","18":"product-type-simple"},"aioseo_notices":[],"_links":{"self":[{"href":"https:\/\/www.mysexualfantasy.eu\/en\/wp-json\/wp\/v2\/product\/21036","targetHints":{"allow":["GET"]}}],"collection":[{"href":"https:\/\/www.mysexualfantasy.eu\/en\/wp-json\/wp\/v2\/product"}],"about":[{"href":"https:\/\/www.mysexualfantasy.eu\/en\/wp-json\/wp\/v2\/types\/product"}],"replies":[{"embeddable":true,"href":"https:\/\/www.mysexualfantasy.eu\/en\/wp-json\/wp\/v2\/comments?post=21036"}],"wp:featuredmedia":[{"embeddable":true,"href":"https:\/\/www.mysexualfantasy.eu\/en\/wp-json\/wp\/v2\/media\/59657"}],"wp:attachment":[{"href":"https:\/\/www.mysexualfantasy.eu\/en\/wp-json\/wp\/v2\/media?parent=21036"}],"wp:term":[{"taxonomy":"product_brand","embeddable":true,"href":"https:\/\/www.mysexualfantasy.eu\/en\/wp-json\/wp\/v2\/product_brand?post=21036"},{"taxonomy":"product_cat","embeddable":true,"href":"https:\/\/www.mysexualfantasy.eu\/en\/wp-json\/wp\/v2\/product_cat?post=21036"},{"taxonomy":"product_tag","embeddable":true,"href":"https:\/\/www.mysexualfantasy.eu\/en\/wp-json\/wp\/v2\/product_tag?post=21036"}],"curies":[{"name":"wp","href":"https:\/\/api.w.org\/{rel}","templated":true}]}}