{"id":21252,"date":"2023-01-13T13:01:33","date_gmt":"2023-01-13T13:01:33","guid":{"rendered":"https:\/\/www.mysexualfantasy.eu\/?post_type=product&#038;p=21252"},"modified":"2023-12-06T15:59:42","modified_gmt":"2023-12-06T15:59:42","slug":"womanvibe-donna-vibrador-silicona-recargable","status":"publish","type":"product","link":"https:\/\/www.mysexualfantasy.eu\/en\/product\/womanvibe-donna-vibrador-silicona-recargable\/","title":{"rendered":"WOMANVIBE &#8211; DONNA VIBRADOR SILICONA RECARGABLE"},"content":{"rendered":"<p>Womanvibe Donna, un vibrador con motor dual que ofrece estimulaci\u00f3n intensa, en una forma elegante y agradable. \u00a0Donna es perfecto para una masturbaci\u00f3n que te eleve al m\u00e1ximo placer con un dise\u00f1o elegante en color Lila y Dorado ofrece dos motores, uno en su cabezal y otro el cl\u00edtoris, adem\u00e1s el estimulador clitorial tiene puntas en relieve de silicona que transmiten mayor fuerza a la vibraci\u00f3n. Donna incorpora silicona libre de falatos 100% seguro para tu piel y detalles en Abs, completamente flexible y muy agradable!<\/p>\n<ul>\n<li>Medidas; 18.8 x 3.5 cm y estimulador clitorial de 5 x 2.3 cm<\/li>\n<li>Silencioso y discreto<\/li>\n<li>Potente<\/li>\n<li>10 modos de vibraci\u00f3n.<\/li>\n<li>Mayor grosor y mayor flexibilidad del saliente para la estimulaci\u00f3n del cl\u00edtoris<\/li>\n<li>Menor longitud = medida perfecta para un doble placer<\/li>\n<li>Flexible<\/li>\n<li>Teclas de f\u00e1cil manejo con un solo bot\u00f3n.<\/li>\n<li>Indicador de Carga<\/li>\n<li>Materiales que no irritan la piel<\/li>\n<li>Aprox una hora de placer ininterrumpido en la intensidad m\u00e1s alta<\/li>\n<li>2 a\u00f1os de garant\u00eda.<\/li>\n<\/ul>\n<p>Donna es vibraci\u00f3n inteligente! 10 modos vibraci\u00f3n de suave a fuerte que transmiten vibraciones de baja frecuencia potentes.<\/p>\n<ul>\n<li>Bater\u00eda 100% recargable.<\/li>\n<\/ul>\n<p>Donna es completamente sumergible perfecto para el uso en Spa o Ducha.<\/p>\n<p>Este toy puede ser usado de forma Anal.<\/p>\n<p>Instrucciones de uso;\u00a0<\/p>\n<ul>\n<li>Pulsa durante 3 segundos el bot\u00f3n <img decoding=\"async\" src=\"https:\/\/interno.dreamlove.es\/UserFiles\/images\/5%287%29.png\" style=\"width: 22px; height: 21px;\" \/>\u00a0y activar\u00e1 la vibraci\u00f3n en modo 1, seguidamente pulsa de nueva para recorrer los 10 apetecibles modos de vibraci\u00f3n.<\/li>\n<\/ul>\n<p>Indicador de Luces;<\/p>\n<ul>\n<li>Cuando el vibrador est\u00e1 en funcionamiento ver\u00e1 una luz led blanco en el vibrador.<\/li>\n<li>Cuando el vibrador est\u00e1 apagado, ninguna luz led se quedar\u00e1 encendida tras los botones.<\/li>\n<li>Al introducir el cable cargador, el vibrador tendr\u00e1 una luz led blanco intermitente.<\/li>\n<li>Cuando el vibrador est\u00e1 cargado la luz se queda fija.<\/li>\n<\/ul>\n<p><strong>Cargar<\/strong><\/p>\n<p>El vibrador es recargable y permite un manejo c\u00f3modo, sin molestos cables. Antes de utilizarlo por primera vez, debes cargarlo completamente. Utiliza para ello el cable de carga USB incluido.\u00a0Introducir la clavija del cable USB\u00a0<img decoding=\"async\" alt=\"\" src=\"https:\/\/interno.dreamlove.es\/UserFiles\/images\/3%282%29.png\" style=\"width: 17px; height: 20px;\" \/>\u00a0en el orificio de conexi\u00f3n de carga. Enchufar a la corriente con un conector o al ordenador mediante USB. Mientras el masajeador est\u00e1 en carga una luz estar\u00e1 en modo intermitente, una vez finalizada la carga la luz led se quedar\u00e1 fija.<\/p>\n<p><strong>Advertencia<\/strong>: el primer proceso de carga puede durar hasta cinco horas.<\/p>\n<p><strong>Soluci\u00f3n de problemas<\/strong><\/p>\n<p>En caso de errores o dificultades de manejo relacionadas con el funcionamiento de Donna pulsa el bot\u00f3n de encendido durante 5 segundos. Si el producto siguiera sin funcionar, ponte en contacto con; <a href=\"https:\/\/interno.dreamlove.es\/mailto:service@womanvibe-toy.es\">service@womanvibe-toy.es<\/a><\/p>\n<p><strong>Eliminaci\u00f3n<\/strong><\/p>\n<p>La eliminaci\u00f3n de aparatos electr\u00f3nicos debe realizarse seg\u00fan la normativa para residuos peligrosos vigente en la Uni\u00f3n Europea y en otros pa\u00edses europeos o seg\u00fan las reglamentaciones locales. Respeta las normativas de eliminaci\u00f3n de basuras espec\u00edficas de tu pa\u00eds y, en caso de duda, pregunta a tu distribuidor sobre las opciones de eliminaci\u00f3n.<\/p>\n<p><strong>Contenido<\/strong><\/p>\n<p>Abrir una caja de productos Womanvibe es exclusividad. Todos los productos incluyen caja de presentaci\u00f3n Deluxe en fondo dorado.<\/p>\n<p>En su interior encontrar\u00e1s<\/p>\n<ul>\n<li>Donna vibrador<\/li>\n<li>Cargador Usb<\/li>\n<\/ul>\n<p style=\"text-align: center;\"><iframe allow=\"autoplay; encrypted-media\" allowfullscreen=\"\" frameborder=\"0\" height=\"400\" scrolling=\"no\" src=\"https:\/\/www.youtube.com\/embed\/dHYagKTORg0\" width=\"800\"><\/iframe><\/p>","protected":false},"excerpt":{"rendered":"<p>WOMANVIBE &#8211; DONNA VIBRADOR SILICONA RECARGABLE<\/p>","protected":false},"featured_media":54778,"comment_status":"open","ping_status":"closed","template":"","meta":{"_monsterinsights_skip_tracking":false,"_monsterinsights_sitenote_active":false,"_monsterinsights_sitenote_note":"","_monsterinsights_sitenote_category":0,"_joinchat":[]},"product_brand":[],"product_cat":[1156,1152,1155,1165,1309,1153,1293],"product_tag":[],"class_list":{"0":"post-21252","1":"product","2":"type-product","3":"status-publish","4":"has-post-thumbnail","6":"product_cat-juguetes-bienestar-juguetes-para-mujeresestimuladores","7":"product_cat-juguetes-bienestar","8":"product_cat-juguetes-bienestar-juguetes-para-mujeres","9":"product_cat-juguetes-bienestar-juguetes-para-mujeresmasturbadores-para-ellas","10":"product_cat-juguetes-bienestar-juguetes-para-mujerespunto-g","11":"product_cat-juguetes-bienestar-vibradores","12":"product_cat-juguetes-bienestar-vibradoresvibradores-punto-g","13":"yith_product_brand-womanvibe","15":"first","16":"instock","17":"taxable","18":"shipping-taxable","19":"purchasable","20":"product-type-simple"},"aioseo_notices":[],"_links":{"self":[{"href":"https:\/\/www.mysexualfantasy.eu\/en\/wp-json\/wp\/v2\/product\/21252","targetHints":{"allow":["GET"]}}],"collection":[{"href":"https:\/\/www.mysexualfantasy.eu\/en\/wp-json\/wp\/v2\/product"}],"about":[{"href":"https:\/\/www.mysexualfantasy.eu\/en\/wp-json\/wp\/v2\/types\/product"}],"replies":[{"embeddable":true,"href":"https:\/\/www.mysexualfantasy.eu\/en\/wp-json\/wp\/v2\/comments?post=21252"}],"wp:featuredmedia":[{"embeddable":true,"href":"https:\/\/www.mysexualfantasy.eu\/en\/wp-json\/wp\/v2\/media\/54778"}],"wp:attachment":[{"href":"https:\/\/www.mysexualfantasy.eu\/en\/wp-json\/wp\/v2\/media?parent=21252"}],"wp:term":[{"taxonomy":"product_brand","embeddable":true,"href":"https:\/\/www.mysexualfantasy.eu\/en\/wp-json\/wp\/v2\/product_brand?post=21252"},{"taxonomy":"product_cat","embeddable":true,"href":"https:\/\/www.mysexualfantasy.eu\/en\/wp-json\/wp\/v2\/product_cat?post=21252"},{"taxonomy":"product_tag","embeddable":true,"href":"https:\/\/www.mysexualfantasy.eu\/en\/wp-json\/wp\/v2\/product_tag?post=21252"}],"curies":[{"name":"wp","href":"https:\/\/api.w.org\/{rel}","templated":true}]}}