{"id":21262,"date":"2023-01-13T13:01:46","date_gmt":"2023-01-13T13:01:46","guid":{"rendered":"https:\/\/www.mysexualfantasy.eu\/?post_type=product&#038;p=21262"},"modified":"2023-12-06T14:56:59","modified_gmt":"2023-12-06T14:56:59","slug":"womanvibe-alsan-huevo-control-remoto-negro-silicona-purple","status":"publish","type":"product","link":"https:\/\/www.mysexualfantasy.eu\/en\/product\/womanvibe-alsan-huevo-control-remoto-negro-silicona-purple\/","title":{"rendered":"WOMANVIBE &#8211; ALSAN HUEVO CONTROL REMOTO NEGRO SILICONA PURPLE"},"content":{"rendered":"<p>Womanvibe Alsan huevo vibrador control remoto, perfectamente dise\u00f1ado, contiene un poderoso motor de nueva generaci\u00f3n que vibra hasta 12000 rpm. El motor tiene 12 diferentes patrones de vibraci\u00f3n \u00fanica de ondas y pulsaciones que pueden ser cambiadas a trav\u00e9s de su elegante control remoto, que funciona hasta a 20 metros (65 pies de distancia). Tambi\u00e9n posee una capa suave, lisa y sedosa que le da una sensaci\u00f3n \u00fanica.<\/p>\n<ul>\n<li>Tacto Seda con suave capa de Silicona<\/li>\n<li>12 Modos de vibraci\u00f3n<\/li>\n<li>F\u00e1cil uso<\/li>\n<li>Si Ftalatos<\/li>\n<li>Medidas; 3.5 x 7.1 cm<\/li>\n<li>Motor Potente<\/li>\n<li>Funciona con 3 pilas AAA no incluidas.<\/li>\n<li>Color: Lila<\/li>\n<\/ul>\n<p>Instrucciones de uso;\u00a0<\/p>\n<ul>\n<li>Introduce dos pilas AAA en el huevo y una pila AAA, en el mando, act\u00edvalo en el bot\u00f3n de f\u00e1cil uso del mando Womanvibe y empieza a sentir la vibraci\u00f3n, continua pulsando el mismo bot\u00f3n para modificar los patrones de vibraci\u00f3n.<\/li>\n<\/ul>\n<p><strong>Contenido<\/strong><\/p>\n<p>Abrir una caja de productos Womanvibe es exclusividad. Todos los productos incluyen caja de presentaci\u00f3n Deluxe en fondo dorado.<\/p>\n<p>En su interior encontrar\u00e1s<\/p>\n<ul>\n<li>Alsan Huevo<\/li>\n<li>Alsan Control Remoto.<\/li>\n<\/ul>\n<p style=\"text-align: center;\"><iframe allow=\"autoplay; encrypted-media\" allowfullscreen=\"\" frameborder=\"0\" height=\"400\" scrolling=\"no\" src=\"https:\/\/www.youtube.com\/embed\/02QEPM59JFE\" width=\"800\"><\/iframe><\/p>","protected":false},"excerpt":{"rendered":"<p>WOMANVIBE &#8211; ALSAN HUEVO CONTROL REMOTO NEGRO SILICONA PURPLE<\/p>","protected":false},"featured_media":54816,"comment_status":"open","ping_status":"closed","template":"","meta":{"_monsterinsights_skip_tracking":false,"_monsterinsights_sitenote_active":false,"_monsterinsights_sitenote_note":"","_monsterinsights_sitenote_category":0,"_joinchat":[]},"product_brand":[],"product_cat":[1152,1153,1154],"product_tag":[],"class_list":{"0":"post-21262","1":"product","2":"type-product","3":"status-publish","4":"has-post-thumbnail","6":"product_cat-juguetes-bienestar","7":"product_cat-juguetes-bienestar-vibradores","8":"product_cat-juguetes-bienestar-vibradoresvibradores-control-remoto","9":"yith_product_brand-womanvibe","11":"first","12":"instock","13":"taxable","14":"shipping-taxable","15":"purchasable","16":"product-type-simple"},"aioseo_notices":[],"_links":{"self":[{"href":"https:\/\/www.mysexualfantasy.eu\/en\/wp-json\/wp\/v2\/product\/21262","targetHints":{"allow":["GET"]}}],"collection":[{"href":"https:\/\/www.mysexualfantasy.eu\/en\/wp-json\/wp\/v2\/product"}],"about":[{"href":"https:\/\/www.mysexualfantasy.eu\/en\/wp-json\/wp\/v2\/types\/product"}],"replies":[{"embeddable":true,"href":"https:\/\/www.mysexualfantasy.eu\/en\/wp-json\/wp\/v2\/comments?post=21262"}],"wp:featuredmedia":[{"embeddable":true,"href":"https:\/\/www.mysexualfantasy.eu\/en\/wp-json\/wp\/v2\/media\/54816"}],"wp:attachment":[{"href":"https:\/\/www.mysexualfantasy.eu\/en\/wp-json\/wp\/v2\/media?parent=21262"}],"wp:term":[{"taxonomy":"product_brand","embeddable":true,"href":"https:\/\/www.mysexualfantasy.eu\/en\/wp-json\/wp\/v2\/product_brand?post=21262"},{"taxonomy":"product_cat","embeddable":true,"href":"https:\/\/www.mysexualfantasy.eu\/en\/wp-json\/wp\/v2\/product_cat?post=21262"},{"taxonomy":"product_tag","embeddable":true,"href":"https:\/\/www.mysexualfantasy.eu\/en\/wp-json\/wp\/v2\/product_tag?post=21262"}],"curies":[{"name":"wp","href":"https:\/\/api.w.org\/{rel}","templated":true}]}}