{"id":2135,"date":"2023-01-13T12:36:36","date_gmt":"2023-01-13T12:36:36","guid":{"rendered":"https:\/\/www.mysexualfantasy.eu\/?post_type=product&#038;p=2135"},"modified":"2023-12-06T14:59:29","modified_gmt":"2023-12-06T14:59:29","slug":"aquaglide-lubricante-50-ml","status":"publish","type":"product","link":"https:\/\/www.mysexualfantasy.eu\/en\/product\/aquaglide-lubricante-50-ml\/","title":{"rendered":"AQUAGLIDE LUBRICANTE 50 ML."},"content":{"rendered":"<p>El agradable AQUAglide Original de base acuosa ofrece una soluci\u00f3n sencilla y confiable ante una vagina con humectaci\u00f3n natural insuficiente.<\/p>\n<p>Pero a\u00fan sin este problema podr\u00e1 sentir esa sensaci\u00f3n efervecente e intensiva durante el juego amoroso.<\/p>\n<p>Da igual c\u00f3mo lo utiliza  \u00a1con AQUAglide Ud. y su pareja experimentar\u00e1n la plenitud en el juego amoroso! Confirmado por muchas mujeres y hombres que hicieron posible que AQUAglide sea el gel lubricante m\u00e1s popular de Europa desde hace m\u00e1s de 10 a\u00f1os.<\/p>\n<p>Este gel lubricante que millones de veces ha demostrado su eficacia, es un lubricante medicinal de alt\u00edsima calidad con excelentes propiedades deslizantes de larga duraci\u00f3n, id\u00f3neo tambi\u00e9n para el uso de juguetes er\u00f3ticos.<\/p>\n<ul>\n<li>\u00a0Homologado como producto medicinal \u00a0\u00a0\u00a0\u00a0\u00a0\u00a0\u00a0\u00a0\u00a0\u00a0<\/li>\n<li>\u00a0Hidrosoluble y libre de grasas<\/li>\n<li>\u00a0Apto tambi\u00e9n para el sexo oral<\/li>\n<li>\u00a0Con propiedades de lubricaci\u00f3n de larga duraci\u00f3n\u00a0\u00a0\u00a0 \u00a0\u00a0<\/li>\n<li>\u00a0Valor pH optimizado<\/li>\n<li>\u00a0Muy efectivo y rentable \u00a0\u00a0\u00a0\u00a0\u00a0\u00a0\u00a0\u00a0<\/li>\n<li>\u00a0Ensayos m\u00e9dicos y dermatol\u00f3gicos regulares \u00a0\u00a0\u00a0\u00a0\u00a0\u00a0\u00a0\u00a0\u00a0\u00a0\u00a0\u00a0\u00a0\u00a0<\/li>\n<li>\u00a0Apto para usar con preservativo<\/li>\n<\/ul>\n<p>Especialmente respetuoso con la piel (compatibilidad dermatol\u00f3gica y cl\u00ednicamente testada), 100% compatible con preservativos, de pH \u00f3ptimo, soluble en agua y libre de grasas.<\/p>\n<p>No mancha. F\u00e1cil de eliminar.<\/p>\n<p>Ingredientes: Agua, Glicerina, Hidroxietil Celulosa, Metil-paraben.<\/p>\n<p>Envase de 50 ml.<\/p>\n<p><span style=\"line-height: 20.8px;\">Joydivision marca la diferencia!<\/span><\/p>","protected":false},"excerpt":{"rendered":"<p>PACKAGING DISPONIBLE EN: \/es\/en\/de\/<\/p>","protected":false},"featured_media":52163,"comment_status":"open","ping_status":"closed","template":"","meta":{"_monsterinsights_skip_tracking":false,"_monsterinsights_sitenote_active":false,"_monsterinsights_sitenote_note":"","_monsterinsights_sitenote_category":0,"_joinchat":[]},"product_brand":[],"product_cat":[1207,1203,1206],"product_tag":[],"class_list":{"0":"post-2135","1":"product","2":"type-product","3":"status-publish","4":"has-post-thumbnail","6":"product_cat-drogueria-lubricantesbase-agua","7":"product_cat-drogueria","8":"product_cat-drogueria-lubricantes","9":"yith_product_brand-joydivision","10":"yith_product_brand-joydivisionjoydivision-aquaglide","12":"first","13":"instock","14":"taxable","15":"shipping-taxable","16":"purchasable","17":"product-type-simple"},"aioseo_notices":[],"_links":{"self":[{"href":"https:\/\/www.mysexualfantasy.eu\/en\/wp-json\/wp\/v2\/product\/2135","targetHints":{"allow":["GET"]}}],"collection":[{"href":"https:\/\/www.mysexualfantasy.eu\/en\/wp-json\/wp\/v2\/product"}],"about":[{"href":"https:\/\/www.mysexualfantasy.eu\/en\/wp-json\/wp\/v2\/types\/product"}],"replies":[{"embeddable":true,"href":"https:\/\/www.mysexualfantasy.eu\/en\/wp-json\/wp\/v2\/comments?post=2135"}],"wp:featuredmedia":[{"embeddable":true,"href":"https:\/\/www.mysexualfantasy.eu\/en\/wp-json\/wp\/v2\/media\/52163"}],"wp:attachment":[{"href":"https:\/\/www.mysexualfantasy.eu\/en\/wp-json\/wp\/v2\/media?parent=2135"}],"wp:term":[{"taxonomy":"product_brand","embeddable":true,"href":"https:\/\/www.mysexualfantasy.eu\/en\/wp-json\/wp\/v2\/product_brand?post=2135"},{"taxonomy":"product_cat","embeddable":true,"href":"https:\/\/www.mysexualfantasy.eu\/en\/wp-json\/wp\/v2\/product_cat?post=2135"},{"taxonomy":"product_tag","embeddable":true,"href":"https:\/\/www.mysexualfantasy.eu\/en\/wp-json\/wp\/v2\/product_tag?post=2135"}],"curies":[{"name":"wp","href":"https:\/\/api.w.org\/{rel}","templated":true}]}}