{"id":2141,"date":"2023-01-13T12:53:10","date_gmt":"2023-01-13T12:53:10","guid":{"rendered":"https:\/\/www.mysexualfantasy.eu\/?post_type=product&#038;p=2141"},"modified":"2023-12-06T15:01:49","modified_gmt":"2023-12-06T15:01:49","slug":"aquaglide-lubricante-sabor-cereza-100-ml","status":"publish","type":"product","link":"https:\/\/www.mysexualfantasy.eu\/en\/product\/aquaglide-lubricante-sabor-cereza-100-ml\/","title":{"rendered":"AQUAGLIDE LUBRICANTE SABOR CEREZA 100 ML."},"content":{"rendered":"<p>Este gel lubricante que millones de veces ha demostrado su eficacia, es un lubricante medicinal de alt\u00edsima calidad con excelentes propiedades deslizantes de larga duraci\u00f3n, id\u00f3neo tambi\u00e9n para el uso de juguetes er\u00f3ticos.<\/p>\n<p>Especialmente respetuoso con la piel (compatibilidad dermatol\u00f3gica y cl\u00ednicamente testada), 100% compatible con preservativos, de pH \u00f3ptimo, soluble en agua y libre de grasas.<\/p>\n<ul>\n<li>Aroma a Frambuesa y sabor a Cereza<\/li>\n<li>No mancha. F\u00e1cil de eliminar.<\/li>\n<\/ul>\n<p>Composici\u00f3n: Agua, Glicerina, Hidroxietil Celulosa, Metil-paraben y Imidazolidinil Urea.<\/p>\n<p>Envase de 100 ml.<\/p>\n<p><span style=\"line-height: 20.8px;\">Joydivision marca la diferencia!<\/span><\/p>","protected":false},"excerpt":{"rendered":"<p>PACKAGING DISPONIBLE EN: \/es\/en\/de\/<\/p>","protected":false},"featured_media":54184,"comment_status":"open","ping_status":"closed","template":"","meta":{"_monsterinsights_skip_tracking":false,"_monsterinsights_sitenote_active":false,"_monsterinsights_sitenote_note":"","_monsterinsights_sitenote_category":0,"_joinchat":[]},"product_brand":[],"product_cat":[1212,1203,1206],"product_tag":[],"class_list":{"0":"post-2141","1":"product","2":"type-product","3":"status-publish","4":"has-post-thumbnail","6":"product_cat-drogueria-lubricantescon-deliciosos-sabores","7":"product_cat-drogueria","8":"product_cat-drogueria-lubricantes","9":"yith_product_brand-joydivision","10":"yith_product_brand-joydivisionjoydivision-aquaglide","12":"first","13":"instock","14":"taxable","15":"shipping-taxable","16":"purchasable","17":"product-type-simple"},"aioseo_notices":[],"_links":{"self":[{"href":"https:\/\/www.mysexualfantasy.eu\/en\/wp-json\/wp\/v2\/product\/2141","targetHints":{"allow":["GET"]}}],"collection":[{"href":"https:\/\/www.mysexualfantasy.eu\/en\/wp-json\/wp\/v2\/product"}],"about":[{"href":"https:\/\/www.mysexualfantasy.eu\/en\/wp-json\/wp\/v2\/types\/product"}],"replies":[{"embeddable":true,"href":"https:\/\/www.mysexualfantasy.eu\/en\/wp-json\/wp\/v2\/comments?post=2141"}],"wp:featuredmedia":[{"embeddable":true,"href":"https:\/\/www.mysexualfantasy.eu\/en\/wp-json\/wp\/v2\/media\/54184"}],"wp:attachment":[{"href":"https:\/\/www.mysexualfantasy.eu\/en\/wp-json\/wp\/v2\/media?parent=2141"}],"wp:term":[{"taxonomy":"product_brand","embeddable":true,"href":"https:\/\/www.mysexualfantasy.eu\/en\/wp-json\/wp\/v2\/product_brand?post=2141"},{"taxonomy":"product_cat","embeddable":true,"href":"https:\/\/www.mysexualfantasy.eu\/en\/wp-json\/wp\/v2\/product_cat?post=2141"},{"taxonomy":"product_tag","embeddable":true,"href":"https:\/\/www.mysexualfantasy.eu\/en\/wp-json\/wp\/v2\/product_tag?post=2141"}],"curies":[{"name":"wp","href":"https:\/\/api.w.org\/{rel}","templated":true}]}}