{"id":21521,"date":"2023-01-13T12:02:13","date_gmt":"2023-01-13T12:02:13","guid":{"rendered":"https:\/\/www.mysexualfantasy.eu\/?post_type=product&#038;p=21521"},"modified":"2023-12-06T15:59:46","modified_gmt":"2023-12-06T15:59:46","slug":"svakom-candy-estimulador-especial-preliminares-azul","status":"publish","type":"product","link":"https:\/\/www.mysexualfantasy.eu\/en\/product\/svakom-candy-estimulador-especial-preliminares-azul\/","title":{"rendered":"SVAKOM &#8211; CANDY ESTIMULADOR ESPECIAL PRELIMINARES AZUL"},"content":{"rendered":"<p>El Candy\u00a0es tan suave que no necesitar\u00e1s lubricante cuando lo uses, El placer que te proporcionar\u00e1 ayudar\u00e1 a que generes lubricaci\u00f3n natural as\u00ed que olv\u00eddate de comprar lubricantes. A diferencia de otros juguetes del mercado, est\u00e1 hecho exclusivamente para los preliminares para usarlo en cl\u00edtoris y pezones.<\/p>\n<p>Bater\u00eda recargable<\/p>\n<ul>\n<li>Utiliza bater\u00eda de alto rendimiento recargable. Proporciona con una carga simple de una hora, una hora de placer.<\/li>\n<\/ul>\n<p>Sumergible<\/p>\n<ul>\n<li>Est\u00e1 dise\u00f1ado con puertos de carga profundos con lo que es totalmente sumergible, as\u00ed que usalo en el ba\u00f1o o la ducha para una diferencia sexual completamente diferente<\/li>\n<\/ul>\n<p>Materiales Eco-friendly<\/p>\n<ul>\n<li>Est\u00e1 hecho de silicona eco-friendly que ha pasado por estrictos controles de calidad internacionales antes de su inclusi\u00f3n en el mercado.<\/li>\n<\/ul>\n<p>3 intensidades de vibraci\u00f3n<\/p>\n<ul>\n<li>Elige la mejor para t\u00ed para vivir experiencias inigualables. Tres modos\n<ul>\n<li>Modo Normal<\/li>\n<li>Modo Climax<\/li>\n<li>Modo Caressing<\/li>\n<\/ul>\n<\/li>\n<\/ul>\n<p>Las principales caracter\u00edsticas del Candy\u00a0son sus potentes motores, panel de control intuitivo con un modo y 3 intensidades diferentes. Est\u00e1 fabricado con silicona s\u00faper suave que cubre un motor extra y proporciona una sensaci\u00f3n de textura real\u00edstica incre\u00edble. Los motores est\u00e1n dise\u00f1ados para proveer el placer m\u00e1s real\u00edstico para ella con su texturado especial. Las mujeres tendr\u00e1n placer garantizado. Todos los componentes usados en este juguete son materiales seguros para su uso y para el medio ambiente. Est\u00e1 Fabricado con silicona que ha pasado por estrictos controles de calidad y seguridad internacionales.<\/p>\n<ul>\n<li>Material: Ultra silicona + body safe ABS<\/li>\n<li>Tama\u00f1o: 96\u00a0mm x 52\u00a0mm x 42 mm<\/li>\n<li>Peso: 76 gr<\/li>\n<li>Bater\u00eda de litio<\/li>\n<li>Capacidad bater\u00eda: 300 mAh<\/li>\n<li>Tiempo de carga: 1\u00a0 hora<\/li>\n<li>Tiempo de uso: 1 hora<\/li>\n<li>Sumergible<\/li>\n<li>3 intensidades<\/li>\n<li>Color: Azul<\/li>\n<\/ul>\n<p style=\"text-align: center;\"><img decoding=\"async\" alt=\"\" src=\"https:\/\/interno.dreamlove.es\/UserFiles\/images\/candy003.gif\" style=\"width: 640px; height: 262px;\" \/><\/p>","protected":false},"excerpt":{"rendered":"<p>SVAKOM &#8211; CANDY ESTIMULADOR ESPECIAL PRELIMINARES AZUL<\/p>","protected":false},"featured_media":44808,"comment_status":"open","ping_status":"closed","template":"","meta":{"_monsterinsights_skip_tracking":false,"_monsterinsights_sitenote_active":false,"_monsterinsights_sitenote_note":"","_monsterinsights_sitenote_category":0,"_joinchat":[]},"product_brand":[],"product_cat":[1156,1152,1155,148,1153],"product_tag":[],"class_list":{"0":"post-21521","1":"product","2":"type-product","3":"status-publish","4":"has-post-thumbnail","6":"product_cat-juguetes-bienestar-juguetes-para-mujeresestimuladores","7":"product_cat-juguetes-bienestar","8":"product_cat-juguetes-bienestar-juguetes-para-mujeres","9":"product_cat-ofertas","10":"product_cat-juguetes-bienestar-vibradores","11":"yith_product_brand-svakom","13":"first","14":"instock","15":"taxable","16":"shipping-taxable","17":"purchasable","18":"product-type-simple"},"aioseo_notices":[],"_links":{"self":[{"href":"https:\/\/www.mysexualfantasy.eu\/en\/wp-json\/wp\/v2\/product\/21521","targetHints":{"allow":["GET"]}}],"collection":[{"href":"https:\/\/www.mysexualfantasy.eu\/en\/wp-json\/wp\/v2\/product"}],"about":[{"href":"https:\/\/www.mysexualfantasy.eu\/en\/wp-json\/wp\/v2\/types\/product"}],"replies":[{"embeddable":true,"href":"https:\/\/www.mysexualfantasy.eu\/en\/wp-json\/wp\/v2\/comments?post=21521"}],"wp:featuredmedia":[{"embeddable":true,"href":"https:\/\/www.mysexualfantasy.eu\/en\/wp-json\/wp\/v2\/media\/44808"}],"wp:attachment":[{"href":"https:\/\/www.mysexualfantasy.eu\/en\/wp-json\/wp\/v2\/media?parent=21521"}],"wp:term":[{"taxonomy":"product_brand","embeddable":true,"href":"https:\/\/www.mysexualfantasy.eu\/en\/wp-json\/wp\/v2\/product_brand?post=21521"},{"taxonomy":"product_cat","embeddable":true,"href":"https:\/\/www.mysexualfantasy.eu\/en\/wp-json\/wp\/v2\/product_cat?post=21521"},{"taxonomy":"product_tag","embeddable":true,"href":"https:\/\/www.mysexualfantasy.eu\/en\/wp-json\/wp\/v2\/product_tag?post=21521"}],"curies":[{"name":"wp","href":"https:\/\/api.w.org\/{rel}","templated":true}]}}