{"id":2156,"date":"2023-01-13T12:48:32","date_gmt":"2023-01-13T12:48:32","guid":{"rendered":"https:\/\/www.mysexualfantasy.eu\/?post_type=product&#038;p=2156"},"modified":"2023-12-06T16:19:09","modified_gmt":"2023-12-06T16:19:09","slug":"eropharm-crema-del-amor-espanola-40ml","status":"publish","type":"product","link":"https:\/\/www.mysexualfantasy.eu\/en\/product\/eropharm-crema-del-amor-espanola-40ml\/","title":{"rendered":"EROPHARM CREMA DEL AMOR ESPA\u00d1OLA 40ML"},"content":{"rendered":"<p>Mima y refresca la piel de los genitales con los mejores ingredientes activos y de cuidado que refrescan la zona con sus sustancias de alta calidad como la albahaca y el extracto de maca.<\/p>\n<p>Una de las mejores\u00a0cremas para el pene\u00a0y\/o la vulva que aporta:\u00a0<\/p>\n<ul>\n<li>Consigue una piel suave e hidratada<\/li>\n<li>Mejora la circulaci\u00f3n de la sangre<\/li>\n<li>Refresca la piel sin irritar<\/li>\n<li>Estimula la elasticidad\u00a0<\/li>\n<li>Efecto vitalizante<\/li>\n<li>Potencia el bienestar<\/li>\n<li>Previene el cansancio prematuro<\/li>\n<li>Ingredientes de alta calidad<\/li>\n<li>Envase: 40 ml<\/li>\n<\/ul>\n<p><strong>M\u00e1s informaci\u00f3n:\u00a0<\/strong><\/p>\n<p>La crema\u00a0para genitales\u00a0Eropharm crema del amor espa\u00f1ola\u00a0incorpora un alto poder estimulante gracias a sus ingredientes activos como\u00a0la albahaca con propiedades estimulantes\u00a0en la piel o el\u00a0extracto de maca con efectos energ\u00e9ticos, revitalizantes y que aumentan la libido.<\/p>\n<p>Sus propiedades beneficiosas aumentar el rendimiento en ambos aportando esa chispa que aumentan la vitalidad y la potencia sexual para llevar a cabo relaciones sexuales durante m\u00e1s tiempo.\u00a0<\/p>\n<p>Al estimular la circulaci\u00f3n sangu\u00ednea en los genitales al pene le aporta potentes erecciones y a\u00a0la vulva una sensibilidad que aumentan las sensaciones durante las relaciones \u00edntimas para que sean a\u00fan m\u00e1s placenteras.<\/p>\n<p><strong>Modo de empleo:<\/strong><\/p>\n<p>Aplica un poco de Eropham crema del amor espa\u00f1ola en tu mano, exti\u00e9ndela haciendo movimientos circulares suaves en el pene y test\u00edculos, en la vulva aplicar en los labios exteriores y el cl\u00edtoris.<\/p>\n<p style=\"text-align: center;\">No es apta para el uso con preservativo.<\/p>\n<p style=\"text-align: center;\">Testado dermatol\u00f3gicamente.<\/p>\n<p style=\"text-align: center;\">Fabricado en Alemania.\u00a0<\/p>\n<p><strong>Ingredientes:\u00a0<\/strong><\/p>\n<p>Aqua, Cetyl Dimethicone, Vegetable Glycerin, Caprylic\/Capric Triglyceride, Benzyl Benzoate, Hexyldecanol, Cetearyl Alcohol, Glyceryl Stearate, Glyceryl Stearate Citrate, Simmondsia Chinensis Seed Oil, Hexyldecyl Laurate, Cera Flava, Phenoxyethanol, Xanthan Gum, Tocopheryl Acetate, Methylparaben, Propylparaben, Ethylparaben, Cinnamomum Zeylanicum Bark Oil, Juniperus Communis Fruit Oil, Cinnamal, Sodium Hydroxide, Rosmarinus Officinalis Leaf Oil, Lepidium Meyenii Root Extract, Ocimum Basilicum Flower\/Leaf Extract, Panax Ginseng Root Extract, Eugenol, Eugenia Caryophyllus Leaf Oil, Linalool, Limonene, Geraniol, Cinnamyl Alcohol, Coumarin, Citral, Citronellol<\/p>","protected":false},"excerpt":{"rendered":"<p>PACKAGING DISPONIBLE EN: \/es\/en\/de\/<\/p>","protected":false},"featured_media":53549,"comment_status":"open","ping_status":"closed","template":"","meta":{"_monsterinsights_skip_tracking":false,"_monsterinsights_sitenote_active":false,"_monsterinsights_sitenote_note":"","_monsterinsights_sitenote_category":0,"_joinchat":[]},"product_brand":[],"product_cat":[1350,1203,1209,1342,1225],"product_tag":[],"class_list":{"0":"post-2156","1":"product","2":"type-product","3":"status-publish","4":"has-post-thumbnail","6":"product_cat-drogueria-estimulantes-para-ellosaumento-ereccion","7":"product_cat-drogueria","8":"product_cat-drogueria-estimulantes-para-ellas","9":"product_cat-drogueria-estimulantes-para-ellos","10":"product_cat-drogueria-estimulantes-para-ellasintensificador-orgasmos","11":"yith_product_brand-joydivision","12":"yith_product_brand-joydivisionjoydivision-eropharm","14":"first","15":"instock","16":"taxable","17":"shipping-taxable","18":"purchasable","19":"product-type-simple"},"aioseo_notices":[],"_links":{"self":[{"href":"https:\/\/www.mysexualfantasy.eu\/en\/wp-json\/wp\/v2\/product\/2156","targetHints":{"allow":["GET"]}}],"collection":[{"href":"https:\/\/www.mysexualfantasy.eu\/en\/wp-json\/wp\/v2\/product"}],"about":[{"href":"https:\/\/www.mysexualfantasy.eu\/en\/wp-json\/wp\/v2\/types\/product"}],"replies":[{"embeddable":true,"href":"https:\/\/www.mysexualfantasy.eu\/en\/wp-json\/wp\/v2\/comments?post=2156"}],"wp:featuredmedia":[{"embeddable":true,"href":"https:\/\/www.mysexualfantasy.eu\/en\/wp-json\/wp\/v2\/media\/53549"}],"wp:attachment":[{"href":"https:\/\/www.mysexualfantasy.eu\/en\/wp-json\/wp\/v2\/media?parent=2156"}],"wp:term":[{"taxonomy":"product_brand","embeddable":true,"href":"https:\/\/www.mysexualfantasy.eu\/en\/wp-json\/wp\/v2\/product_brand?post=2156"},{"taxonomy":"product_cat","embeddable":true,"href":"https:\/\/www.mysexualfantasy.eu\/en\/wp-json\/wp\/v2\/product_cat?post=2156"},{"taxonomy":"product_tag","embeddable":true,"href":"https:\/\/www.mysexualfantasy.eu\/en\/wp-json\/wp\/v2\/product_tag?post=2156"}],"curies":[{"name":"wp","href":"https:\/\/api.w.org\/{rel}","templated":true}]}}