{"id":21656,"date":"2023-01-13T12:19:10","date_gmt":"2023-01-13T12:19:10","guid":{"rendered":"https:\/\/www.mysexualfantasy.eu\/?post_type=product&#038;p=21656"},"modified":"2023-12-06T17:26:26","modified_gmt":"2023-12-06T17:26:26","slug":"obsessive-b112-teddy-s-m-l","status":"publish","type":"product","link":"https:\/\/www.mysexualfantasy.eu\/en\/product\/obsessive-b112-teddy-s-m-l\/","title":{"rendered":"OBSESSIVE &#8211; B112 TEDDY S\/M\/L"},"content":{"rendered":"<p>Tela el\u00e1stica, dise\u00f1o muy travieso e increibles patrones. Crees que necesitas algo m\u00e1s para calentar la atm\u00f3sfera y soprender a tu pareja? Absolutamente nada m\u00e1s. Ponte este teddy y ser\u00e1s la seducci\u00f3n en persona. Llevatelo a casa y ya tienes plan para esta noche.\u00a0<\/p>\n<p>Caracter\u00edsticas:\u00a0<\/p>\n<ul>\n<li>Sensual mezclas de negros<\/li>\n<li>Cuello bajo<\/li>\n<li>Dise\u00f1o \u00fanico\u00a0<\/li>\n<li>Con abertura<\/li>\n<li>Increiblemente suave y el\u00e1stico<\/li>\n<li>Composici\u00f3n: 90% nylon \/ 10% el\u00e1stano.<\/li>\n<li>Talla: S\/M\/L<\/li>\n<\/ul>\n<p>\u00a0<\/p>\n<p 1.5=\"\" color:=\"\" font-size:=\"\" line-height:=\"\" margin-top:=\"\" roboto=\"\" style=\"box-sizing: border-box;\">Obsessive significa inspiraci\u00f3n en la mujer!\u00a0 Elegancia, sensualidad, amor a la costura&#8230;.significa mucho para la mujer, pocos son los adjetivos que pueden calificar a Obsessive, donde una labor de a\u00f1os han conseguido unir la mejor relaci\u00f3n calidad-precio.<\/p>\n<p 1.5=\"\" color:=\"\" font-size:=\"\" line-height:=\"\" margin-top:=\"\" roboto=\"\" style=\"box-sizing: border-box;\">\u00a1L\u00edderes mundiales en lencer\u00eda, nadie lo hace mejor!<\/p>\n<p 1.5=\"\" color:=\"\" font-size:=\"\" line-height:=\"\" margin-top:=\"\" roboto=\"\" style=\"box-sizing: border-box;\">\u00a0<\/p>\n<p 1.5=\"\" color:=\"\" font-size:=\"\" line-height:=\"\" margin-top:=\"\" roboto=\"\" style=\"box-sizing: border-box; text-align: center;\"><img decoding=\"async\" src=\"https:\/\/store.dreamlove.es\/UserFiles\/images\/SIZES.png\" \/><\/p>","protected":false},"excerpt":{"rendered":"<p>OBSESSIVE &#8211; B112 TEDDY S\/M\/L<\/p>","protected":false},"featured_media":49023,"comment_status":"open","ping_status":"closed","template":"","meta":{"_monsterinsights_skip_tracking":false,"_monsterinsights_sitenote_active":false,"_monsterinsights_sitenote_note":"","_monsterinsights_sitenote_category":0,"_joinchat":[]},"product_brand":[],"product_cat":[1448,1196,1197,1199,1166],"product_tag":[],"class_list":{"0":"post-21656","1":"product","2":"type-product","3":"status-publish","4":"has-post-thumbnail","6":"product_cat-moda-lencerialenceria-mujerlenceria-picantebodys-sin-entrepierna","7":"product_cat-moda-lencerialenceria-mujer","8":"product_cat-moda-lencerialenceria-mujerlenceria-picante","9":"product_cat-moda-lencerialenceria-mujerlenceria-sexy","10":"product_cat-moda-lenceria","11":"yith_product_brand-obsessive","12":"yith_product_brand-obsessiveobsessive-teddies","14":"first","15":"instock","16":"taxable","17":"shipping-taxable","18":"purchasable","19":"product-type-variable"},"aioseo_notices":[],"_links":{"self":[{"href":"https:\/\/www.mysexualfantasy.eu\/en\/wp-json\/wp\/v2\/product\/21656","targetHints":{"allow":["GET"]}}],"collection":[{"href":"https:\/\/www.mysexualfantasy.eu\/en\/wp-json\/wp\/v2\/product"}],"about":[{"href":"https:\/\/www.mysexualfantasy.eu\/en\/wp-json\/wp\/v2\/types\/product"}],"replies":[{"embeddable":true,"href":"https:\/\/www.mysexualfantasy.eu\/en\/wp-json\/wp\/v2\/comments?post=21656"}],"wp:featuredmedia":[{"embeddable":true,"href":"https:\/\/www.mysexualfantasy.eu\/en\/wp-json\/wp\/v2\/media\/49023"}],"wp:attachment":[{"href":"https:\/\/www.mysexualfantasy.eu\/en\/wp-json\/wp\/v2\/media?parent=21656"}],"wp:term":[{"taxonomy":"product_brand","embeddable":true,"href":"https:\/\/www.mysexualfantasy.eu\/en\/wp-json\/wp\/v2\/product_brand?post=21656"},{"taxonomy":"product_cat","embeddable":true,"href":"https:\/\/www.mysexualfantasy.eu\/en\/wp-json\/wp\/v2\/product_cat?post=21656"},{"taxonomy":"product_tag","embeddable":true,"href":"https:\/\/www.mysexualfantasy.eu\/en\/wp-json\/wp\/v2\/product_tag?post=21656"}],"curies":[{"name":"wp","href":"https:\/\/api.w.org\/{rel}","templated":true}]}}