{"id":21778,"date":"2023-01-13T12:37:07","date_gmt":"2023-01-13T12:37:07","guid":{"rendered":"https:\/\/www.mysexualfantasy.eu\/?post_type=product&#038;p=21778"},"modified":"2023-12-06T16:20:28","modified_gmt":"2023-12-06T16:20:28","slug":"secretplay-lubricante-organico-oceanic-100ml","status":"publish","type":"product","link":"https:\/\/www.mysexualfantasy.eu\/en\/product\/secretplay-lubricante-organico-oceanic-100ml\/","title":{"rendered":"SECRETPLAY &#8211; LUBRICANTE ORGANICO OCEANIC 100ML"},"content":{"rendered":"<p>Eres de los que piensa que tenemos que ponernos las pilas cuidando el planeta? Sientes que todav\u00eda no ha llegado el lubricante natural para ti?<\/p>\n<p>Por fin lo hemos encontrado! La f\u00f3rmula secreta sin trampas. De lo natural, a tu casa.<\/p>\n<p>Prueba nuestro nuevo lubricante OCEANIC, hemos buscado como locos, los mejores ingredientes para adaptarnos a ti, te van a encantar. Est\u00e1s preparada\/o?\u00a0\u00a0<\/p>\n<p>El OCEANIC es ideal para personas que tienen la piel m\u00e1s delicada, contiene\u00a0 Nori y Wakame, unas algas marinas que mejoran la elasticidad de la piel, curan las posibles irritaciones y gracias al \u00e1cido hialur\u00f3nico nos deja un acabado s\u00faper suave en la piel. La maravillosa sensaci\u00f3n que te deja , te va a enamorar tanto que le vas a pedir un masaje con amor a tu pareja. Emula tan bien la lubricaci\u00f3n natural , que no solo lo vas a utilizar en momentos sexuales, tambi\u00e9n lo echaras de menos para el cuidado de tu zona \u00edntima.<\/p>\n<p>Es maravilloso verdad que s\u00ed?<\/p>\n<ul>\n<li>Caracter\u00edsticas:<\/li>\n<li>Componente base: agua.<\/li>\n<li>Ingredientes org\u00e1nicos y veganos de alta calidad.<\/li>\n<li>Sin experimentaci\u00f3n animal.<\/li>\n<li>Compatible con l\u00e1tex y perfecto para usar con sex toys.<\/li>\n<li>Apto para veganos.<\/li>\n<li>Textura suave, no es pegajosa, ni tiene un tacto viscoso.<\/li>\n<li>No contienen parabenos, ni gluten, ni az\u00facar.<\/li>\n<li>Botella de 100ml reciclable. Tacto soft touch.<\/li>\n<\/ul>\n<p>CERTIFICADO POR UN LABORATORIO EXTERNO SUIZO BIO INSPECTA\u00a0<\/p>","protected":false},"excerpt":{"rendered":"<p>PACKAGING DISPONIBLE EN: \/en\/es\/fr\/de\/it\/pt\/<\/p>","protected":false},"featured_media":52243,"comment_status":"open","ping_status":"closed","template":"","meta":{"_monsterinsights_skip_tracking":false,"_monsterinsights_sitenote_active":false,"_monsterinsights_sitenote_note":"","_monsterinsights_sitenote_category":0,"_joinchat":[]},"product_brand":[],"product_cat":[1367,1203,1206],"product_tag":[],"class_list":{"0":"post-21778","1":"product","2":"type-product","3":"status-publish","4":"has-post-thumbnail","6":"product_cat-drogueria-lubricantesbio-ecologico","7":"product_cat-drogueria","8":"product_cat-drogueria-lubricantes","9":"yith_product_brand-secretplay","10":"yith_product_brand-secretplaysecretplay-cosmetic","12":"first","13":"instock","14":"taxable","15":"shipping-taxable","16":"purchasable","17":"product-type-simple"},"aioseo_notices":[],"_links":{"self":[{"href":"https:\/\/www.mysexualfantasy.eu\/en\/wp-json\/wp\/v2\/product\/21778","targetHints":{"allow":["GET"]}}],"collection":[{"href":"https:\/\/www.mysexualfantasy.eu\/en\/wp-json\/wp\/v2\/product"}],"about":[{"href":"https:\/\/www.mysexualfantasy.eu\/en\/wp-json\/wp\/v2\/types\/product"}],"replies":[{"embeddable":true,"href":"https:\/\/www.mysexualfantasy.eu\/en\/wp-json\/wp\/v2\/comments?post=21778"}],"wp:featuredmedia":[{"embeddable":true,"href":"https:\/\/www.mysexualfantasy.eu\/en\/wp-json\/wp\/v2\/media\/52243"}],"wp:attachment":[{"href":"https:\/\/www.mysexualfantasy.eu\/en\/wp-json\/wp\/v2\/media?parent=21778"}],"wp:term":[{"taxonomy":"product_brand","embeddable":true,"href":"https:\/\/www.mysexualfantasy.eu\/en\/wp-json\/wp\/v2\/product_brand?post=21778"},{"taxonomy":"product_cat","embeddable":true,"href":"https:\/\/www.mysexualfantasy.eu\/en\/wp-json\/wp\/v2\/product_cat?post=21778"},{"taxonomy":"product_tag","embeddable":true,"href":"https:\/\/www.mysexualfantasy.eu\/en\/wp-json\/wp\/v2\/product_tag?post=21778"}],"curies":[{"name":"wp","href":"https:\/\/api.w.org\/{rel}","templated":true}]}}