{"id":21779,"date":"2023-01-13T12:37:08","date_gmt":"2023-01-13T12:37:08","guid":{"rendered":"https:\/\/www.mysexualfantasy.eu\/?post_type=product&#038;p=21779"},"modified":"2023-12-06T16:20:29","modified_gmt":"2023-12-06T16:20:29","slug":"secretplay-lubricante-organico-hibrido-100ml","status":"publish","type":"product","link":"https:\/\/www.mysexualfantasy.eu\/en\/product\/secretplay-lubricante-organico-hibrido-100ml\/","title":{"rendered":"SECRETPLAY &#8211; LUBRICANTE ORGANICO HIBRIDO 100 ML"},"content":{"rendered":"<p>Eres de los que piensa que tenemos que ponernos las pilas cuidando el planeta? Sientes que todav\u00eda no ha llegado el lubricante natural para ti?<\/p>\n<p>Por fin lo hemos encontrado! La f\u00f3rmula secreta sin trampas. De lo natural, a tu casa.<\/p>\n<p>Prueba nuestro nuevo lubricante hibrido, hemos buscado como locos, los mejores ingredientes para adaptarnos a ti, te van a encantar. Est\u00e1s preparada\/o?\u00a0<\/p>\n<p>El HYBRID contiene Aloe Vera y extracto de aceituna, una mezcla perfecta para aquellas personas que necesitan larga duraci\u00f3n en sus relaciones. Emulan la lubricaci\u00f3n natural de la mujer e intensifican al momento el placer de la penetraci\u00f3n. Cuida de tu piel y en especial, las zonas \u00edntimas, te va a gustar tanto que no te vas a poder separar de \u00e9l, y no solo para el sexo, ya ver\u00e1s.\u00a0<\/p>\n<p>Es maravilloso verdad que s\u00ed?<\/p>\n<p>Caracter\u00edsticas:<\/p>\n<ul>\n<li>Componente base: agua.<\/li>\n<li>Ingredientes org\u00e1nicos y veganos de alta calidad.<\/li>\n<li>Sin experimentaci\u00f3n animal.<\/li>\n<li>Compatible con l\u00e1tex y perfecto para usar con sex toys.<\/li>\n<li>Apto para veganos.<\/li>\n<li>Textura suave, no es pegajosa, ni tiene un tacto viscoso.<\/li>\n<li>No contienen parabenos, ni gluten, ni az\u00facar.<\/li>\n<li>Botella de 100ml reciclable. tacto soft touch.<\/li>\n<\/ul>\n<p>CERTIFICADO POR UN LABORATORIO EXTERNO SUIZO BIO INSPECTA.<\/p>","protected":false},"excerpt":{"rendered":"<p>PACKAGING DISPONIBLE EN: \/en\/es\/fr\/de\/it\/pt\/<\/p>","protected":false},"featured_media":52244,"comment_status":"open","ping_status":"closed","template":"","meta":{"_monsterinsights_skip_tracking":false,"_monsterinsights_sitenote_active":false,"_monsterinsights_sitenote_note":"","_monsterinsights_sitenote_category":0,"_joinchat":[]},"product_brand":[],"product_cat":[1367,1203,1206],"product_tag":[],"class_list":{"0":"post-21779","1":"product","2":"type-product","3":"status-publish","4":"has-post-thumbnail","6":"product_cat-drogueria-lubricantesbio-ecologico","7":"product_cat-drogueria","8":"product_cat-drogueria-lubricantes","9":"yith_product_brand-secretplay","10":"yith_product_brand-secretplaysecretplay-cosmetic","12":"first","13":"instock","14":"taxable","15":"shipping-taxable","16":"purchasable","17":"product-type-simple"},"aioseo_notices":[],"_links":{"self":[{"href":"https:\/\/www.mysexualfantasy.eu\/en\/wp-json\/wp\/v2\/product\/21779","targetHints":{"allow":["GET"]}}],"collection":[{"href":"https:\/\/www.mysexualfantasy.eu\/en\/wp-json\/wp\/v2\/product"}],"about":[{"href":"https:\/\/www.mysexualfantasy.eu\/en\/wp-json\/wp\/v2\/types\/product"}],"replies":[{"embeddable":true,"href":"https:\/\/www.mysexualfantasy.eu\/en\/wp-json\/wp\/v2\/comments?post=21779"}],"wp:featuredmedia":[{"embeddable":true,"href":"https:\/\/www.mysexualfantasy.eu\/en\/wp-json\/wp\/v2\/media\/52244"}],"wp:attachment":[{"href":"https:\/\/www.mysexualfantasy.eu\/en\/wp-json\/wp\/v2\/media?parent=21779"}],"wp:term":[{"taxonomy":"product_brand","embeddable":true,"href":"https:\/\/www.mysexualfantasy.eu\/en\/wp-json\/wp\/v2\/product_brand?post=21779"},{"taxonomy":"product_cat","embeddable":true,"href":"https:\/\/www.mysexualfantasy.eu\/en\/wp-json\/wp\/v2\/product_cat?post=21779"},{"taxonomy":"product_tag","embeddable":true,"href":"https:\/\/www.mysexualfantasy.eu\/en\/wp-json\/wp\/v2\/product_tag?post=21779"}],"curies":[{"name":"wp","href":"https:\/\/api.w.org\/{rel}","templated":true}]}}