{"id":2186,"date":"2023-01-13T12:08:26","date_gmt":"2023-01-13T12:08:26","guid":{"rendered":"https:\/\/www.mysexualfantasy.eu\/?post_type=product&#038;p=2186"},"modified":"2023-12-06T16:14:27","modified_gmt":"2023-12-06T16:14:27","slug":"wanachi-mini-masajeador-negro","status":"publish","type":"product","link":"https:\/\/www.mysexualfantasy.eu\/en\/product\/wanachi-mini-masajeador-negro\/","title":{"rendered":"WANACHI MINI MASAJEADOR NEGRO"},"content":{"rendered":"<p>Disfruta de las relajantes vibraciones en cualquier lugar que vayas con este masajeador inal\u00e1mbrico.<\/p>\n<p>\u00a0<\/p>\n<p>Con un ultra silencioso motor, el masajeador Wanachi Mini Mini es la primera opci\u00f3n para estimular y revitalizar unos m\u00fasculos cansados.<\/p>\n<p>\u00a0<\/p>\n<p>Elige la velocidad que es \u00f3ptima para ti y d\u00e9jate llevar por la libertad de la estimulaci\u00f3n sin cables.<\/p>\n<p>Las relajantes vibraciones aliviar\u00e1n la tensi\u00f3n y la fatiga de tus m\u00fasculos, d\u00e1ndole a tu cuerpo la satisfacci\u00f3n que se merece.<\/p>\n<p>Medidas: 21 cm. longitud x 3,2 cm. di\u00e1metro.<\/p>\n<p>Funciona con 2 pilas AA no incluidas.<\/p>\n<p><span class=\"basica\">\u00a0<\/span><\/p>","protected":false},"excerpt":{"rendered":"<p>WANACHI MINI WATERPROOF MASSAGER BLACK<\/p>","protected":false},"featured_media":46353,"comment_status":"open","ping_status":"closed","template":"","meta":{"_monsterinsights_skip_tracking":false,"_monsterinsights_sitenote_active":false,"_monsterinsights_sitenote_note":"","_monsterinsights_sitenote_category":0,"_joinchat":[]},"product_brand":[],"product_cat":[1156,1152,1155,1165,1153],"product_tag":[],"class_list":{"0":"post-2186","1":"product","2":"type-product","3":"status-publish","4":"has-post-thumbnail","6":"product_cat-juguetes-bienestar-juguetes-para-mujeresestimuladores","7":"product_cat-juguetes-bienestar","8":"product_cat-juguetes-bienestar-juguetes-para-mujeres","9":"product_cat-juguetes-bienestar-juguetes-para-mujeresmasturbadores-para-ellas","10":"product_cat-juguetes-bienestar-vibradores","11":"yith_product_brand-pipedreams","12":"yith_product_brand-pipedreamswanachi","14":"first","15":"instock","16":"taxable","17":"shipping-taxable","18":"purchasable","19":"product-type-simple"},"aioseo_notices":[],"_links":{"self":[{"href":"https:\/\/www.mysexualfantasy.eu\/en\/wp-json\/wp\/v2\/product\/2186","targetHints":{"allow":["GET"]}}],"collection":[{"href":"https:\/\/www.mysexualfantasy.eu\/en\/wp-json\/wp\/v2\/product"}],"about":[{"href":"https:\/\/www.mysexualfantasy.eu\/en\/wp-json\/wp\/v2\/types\/product"}],"replies":[{"embeddable":true,"href":"https:\/\/www.mysexualfantasy.eu\/en\/wp-json\/wp\/v2\/comments?post=2186"}],"wp:featuredmedia":[{"embeddable":true,"href":"https:\/\/www.mysexualfantasy.eu\/en\/wp-json\/wp\/v2\/media\/46353"}],"wp:attachment":[{"href":"https:\/\/www.mysexualfantasy.eu\/en\/wp-json\/wp\/v2\/media?parent=2186"}],"wp:term":[{"taxonomy":"product_brand","embeddable":true,"href":"https:\/\/www.mysexualfantasy.eu\/en\/wp-json\/wp\/v2\/product_brand?post=2186"},{"taxonomy":"product_cat","embeddable":true,"href":"https:\/\/www.mysexualfantasy.eu\/en\/wp-json\/wp\/v2\/product_cat?post=2186"},{"taxonomy":"product_tag","embeddable":true,"href":"https:\/\/www.mysexualfantasy.eu\/en\/wp-json\/wp\/v2\/product_tag?post=2186"}],"curies":[{"name":"wp","href":"https:\/\/api.w.org\/{rel}","templated":true}]}}