{"id":2193,"date":"2023-01-13T11:37:49","date_gmt":"2023-01-13T11:37:49","guid":{"rendered":"https:\/\/www.mysexualfantasy.eu\/?post_type=product&#038;p=2193"},"modified":"2023-12-06T14:50:57","modified_gmt":"2023-12-06T14:50:57","slug":"fetish-fantasy-kit-de-bondage-cadenas-del-amor","status":"publish","type":"product","link":"https:\/\/www.mysexualfantasy.eu\/en\/product\/fetish-fantasy-kit-de-bondage-cadenas-del-amor\/","title":{"rendered":"FETISH FANTASY KIT DE BONDAGE CADENAS DEL AMOR."},"content":{"rendered":"<p>Rompe las cadenas del aburrimiento en el dormitorio y a\u00f1ade alguna chispa a tu vida amorosa con estas \u201cCadenas del amor\u201d!<\/p>\n<p>Explora el lado m\u00e1s travieso y convierte tus fantas\u00edas en realidad con este emocionante kit de sujeci\u00f3n para principiantes. Son casi una obligaci\u00f3n para \u00a0novatos que siempre han querido probar algo diferente. Este kit tiene todo lo necesario para experimentar el poder de tener el control, as\u00ed como el placer de ser controlado!<\/p>\n<p>\u00a0<\/p>\n<p>Incluye:<\/p>\n<ul>\n<li>Esposas para las mu\u00f1ecas \u00a0ajustables<\/li>\n<li>Esposas para los tobillos ajustables<\/li>\n<li>Antifaz Free Satin Love<\/li>\n<li>Velas de cera caliente<\/li>\n<li>L\u00e1tigo de cuero<\/li>\n<li>M\u00e1scara de amor libre de Sat\u00e9n<\/li>\n<\/ul>\n<p style=\"text-align: center;\">\u00a0<\/p>\n<p style=\"text-align: center;\"><embed allowfullscreen=\"true\" allowscriptaccess=\"always\" flashvars=\"controlbar=bottomnetstreambasepath=http%3A%2F%2Fwww.pipedreamproducts.com%2Ffile=http%3A%2F%2Fwww.pipedreamproducts.com%2Fvideos%2Fpd2126-00.m4vautostart=true\" height=\"304\" src=\"http:\/\/www.pipedreamproducts.com\/jwplayer\/player.swf\" width=\"500\"><\/embed><\/p>","protected":false},"excerpt":{"rendered":"<p>FETISH FANTASY CHAINS OF LOVE BONDAGE KIT<\/p>","protected":false},"featured_media":39879,"comment_status":"open","ping_status":"closed","template":"","meta":{"_monsterinsights_skip_tracking":false,"_monsterinsights_sitenote_active":false,"_monsterinsights_sitenote_note":"","_monsterinsights_sitenote_category":0,"_joinchat":[]},"product_brand":[],"product_cat":[1175,1178,1152,1179],"product_tag":[],"class_list":{"0":"post-2193","1":"product","2":"type-product","3":"status-publish","4":"has-post-thumbnail","6":"product_cat-bdsm-bondage","7":"product_cat-bdsm-bondage-bondage","8":"product_cat-juguetes-bienestar","9":"product_cat-bdsm-bondage-bondagesets-bondage","10":"yith_product_brand-pipedreamsfetish-fantasy-series","11":"yith_product_brand-pipedreams","13":"first","14":"instock","15":"taxable","16":"shipping-taxable","17":"purchasable","18":"product-type-simple"},"aioseo_notices":[],"_links":{"self":[{"href":"https:\/\/www.mysexualfantasy.eu\/en\/wp-json\/wp\/v2\/product\/2193","targetHints":{"allow":["GET"]}}],"collection":[{"href":"https:\/\/www.mysexualfantasy.eu\/en\/wp-json\/wp\/v2\/product"}],"about":[{"href":"https:\/\/www.mysexualfantasy.eu\/en\/wp-json\/wp\/v2\/types\/product"}],"replies":[{"embeddable":true,"href":"https:\/\/www.mysexualfantasy.eu\/en\/wp-json\/wp\/v2\/comments?post=2193"}],"wp:featuredmedia":[{"embeddable":true,"href":"https:\/\/www.mysexualfantasy.eu\/en\/wp-json\/wp\/v2\/media\/39879"}],"wp:attachment":[{"href":"https:\/\/www.mysexualfantasy.eu\/en\/wp-json\/wp\/v2\/media?parent=2193"}],"wp:term":[{"taxonomy":"product_brand","embeddable":true,"href":"https:\/\/www.mysexualfantasy.eu\/en\/wp-json\/wp\/v2\/product_brand?post=2193"},{"taxonomy":"product_cat","embeddable":true,"href":"https:\/\/www.mysexualfantasy.eu\/en\/wp-json\/wp\/v2\/product_cat?post=2193"},{"taxonomy":"product_tag","embeddable":true,"href":"https:\/\/www.mysexualfantasy.eu\/en\/wp-json\/wp\/v2\/product_tag?post=2193"}],"curies":[{"name":"wp","href":"https:\/\/api.w.org\/{rel}","templated":true}]}}