{"id":21930,"date":"2023-01-13T13:02:15","date_gmt":"2023-01-13T13:02:15","guid":{"rendered":"https:\/\/www.mysexualfantasy.eu\/?post_type=product&#038;p=21930"},"modified":"2023-12-06T15:59:52","modified_gmt":"2023-12-06T15:59:52","slug":"intense-leo-vibrador-rosa-silicon-luxe","status":"publish","type":"product","link":"https:\/\/www.mysexualfantasy.eu\/en\/product\/intense-leo-vibrador-rosa-silicon-luxe\/","title":{"rendered":"INTENSE LEO VIBRADOR ROSA SILICON LUXE"},"content":{"rendered":"<p>El para\u00edso es intenso y por eso desc\u00fabrelo con Hilari, el perfecto vibrador rabbit que estimular\u00e1 cada sentido de tu cl\u00edtoris. Es un vibrador flexible y ergon\u00f3mico con 30 modos de vibraci\u00f3n, completamente flexible.<\/p>\n<p>Incorpora dos motores potentes, uno en la zona superior y otro en el rabbit.<\/p>\n<ul>\n<li>Libre de falatos<\/li>\n<li>Silicona suave<\/li>\n<li>Flexible<\/li>\n<li>30 modos de vibraci\u00f3n<\/li>\n<li>Estimulaci\u00f3n clitorial.<\/li>\n<li>Sumergible.<\/li>\n<li>Potente<\/li>\n<li>Medidas; 3.4 x 18.9 cm<\/li>\n<li>Funciona con dos pilas AA no incluidas que puedes encontrar en la secci\u00f3n pilas.<\/li>\n<\/ul>\n<p>Todos los motores intensen son silenciosos.<\/p>\n<p>Completamente sumergible es apto para la ducha o Spa y perfecto para tus momentos de ba\u00f1o<\/p>\n<p>La silicona Intense es suave y sedosa, no porosa y compatible con lubricantes a base de agua.<\/p>\n<p>Leo est\u00e1 presentado en caja elegante e incluye una bolsa para guardarlo despu\u00e9s de su uso.<\/p>\n<p>Disfruta de Intense con 1 a\u00f1o de garant\u00eda total.<\/p>","protected":false},"excerpt":{"rendered":"<p>INTENSE LEO VIBRATOR  SILICON PINK<\/p>","protected":false},"featured_media":54881,"comment_status":"open","ping_status":"closed","template":"","meta":{"_monsterinsights_skip_tracking":false,"_monsterinsights_sitenote_active":false,"_monsterinsights_sitenote_note":"","_monsterinsights_sitenote_category":0,"_joinchat":[]},"product_brand":[],"product_cat":[1193,1156,1152,1155,1165,1309,1153,1292,1293],"product_tag":[],"class_list":{"0":"post-21930","1":"product","2":"type-product","3":"status-publish","4":"has-post-thumbnail","6":"product_cat-juguetes-bienestar-vibradores100-sumergible","7":"product_cat-juguetes-bienestar-juguetes-para-mujeresestimuladores","8":"product_cat-juguetes-bienestar","9":"product_cat-juguetes-bienestar-juguetes-para-mujeres","10":"product_cat-juguetes-bienestar-juguetes-para-mujeresmasturbadores-para-ellas","11":"product_cat-juguetes-bienestar-juguetes-para-mujerespunto-g","12":"product_cat-juguetes-bienestar-vibradores","13":"product_cat-juguetes-bienestar-vibradoresvibradores-clasicos-anales-o-vaginales","14":"product_cat-juguetes-bienestar-vibradoresvibradores-punto-g","15":"yith_product_brand-intense","16":"yith_product_brand-intenseintense-toysintense-couples-toys","17":"yith_product_brand-intenseintense-toys","19":"first","20":"instock","21":"taxable","22":"shipping-taxable","23":"purchasable","24":"product-type-simple"},"aioseo_notices":[],"_links":{"self":[{"href":"https:\/\/www.mysexualfantasy.eu\/en\/wp-json\/wp\/v2\/product\/21930","targetHints":{"allow":["GET"]}}],"collection":[{"href":"https:\/\/www.mysexualfantasy.eu\/en\/wp-json\/wp\/v2\/product"}],"about":[{"href":"https:\/\/www.mysexualfantasy.eu\/en\/wp-json\/wp\/v2\/types\/product"}],"replies":[{"embeddable":true,"href":"https:\/\/www.mysexualfantasy.eu\/en\/wp-json\/wp\/v2\/comments?post=21930"}],"wp:featuredmedia":[{"embeddable":true,"href":"https:\/\/www.mysexualfantasy.eu\/en\/wp-json\/wp\/v2\/media\/54881"}],"wp:attachment":[{"href":"https:\/\/www.mysexualfantasy.eu\/en\/wp-json\/wp\/v2\/media?parent=21930"}],"wp:term":[{"taxonomy":"product_brand","embeddable":true,"href":"https:\/\/www.mysexualfantasy.eu\/en\/wp-json\/wp\/v2\/product_brand?post=21930"},{"taxonomy":"product_cat","embeddable":true,"href":"https:\/\/www.mysexualfantasy.eu\/en\/wp-json\/wp\/v2\/product_cat?post=21930"},{"taxonomy":"product_tag","embeddable":true,"href":"https:\/\/www.mysexualfantasy.eu\/en\/wp-json\/wp\/v2\/product_tag?post=21930"}],"curies":[{"name":"wp","href":"https:\/\/api.w.org\/{rel}","templated":true}]}}