{"id":2194,"date":"2023-01-13T11:43:18","date_gmt":"2023-01-13T11:43:18","guid":{"rendered":"https:\/\/www.mysexualfantasy.eu\/?post_type=product&#038;p=2194"},"modified":"2023-12-06T16:14:26","modified_gmt":"2023-12-06T16:14:26","slug":"fetish-fantasy-asiento-caliente","status":"publish","type":"product","link":"https:\/\/www.mysexualfantasy.eu\/en\/product\/fetish-fantasy-asiento-caliente\/","title":{"rendered":"FETISH FANTASY ASIENTO CALIENTE"},"content":{"rendered":"<p>Coge las riendas de tu vida! Con el pene de gelatina vibrador anclado firmemente en el medio de este coj\u00edn hinchable, disfrutar\u00e1s de muchos momentos de placer ya que estar\u00e1 siempre listo para la acci\u00f3n..<\/p>\n<p>Col\u00f3calo sobre una superficie plana, h\u00ednchalo, escoge la velocidad del vibrador id\u00f3nea para ti y empieza a sentir como te excita.<\/p>\n<p>Una vez que la diversi\u00f3n ha terminado, presiona la v\u00e1lvula para que se deshinche y gu\u00e1rdalo.<\/p>\n<p>Este set contiene:<\/p>\n<ul>\n<li>Pene multivibrador.<\/li>\n<li>Asiento hinchable.<\/li>\n<li>M\u00e1scara de sat\u00e9n.<\/li>\n<li>Soporta 136 Kg.<\/li>\n<\/ul>\n<p>Descubre nuevas experiencias!!<\/p>","protected":false},"excerpt":{"rendered":"<p>FETISH FANTASY INFLATABLE HOT SEAT<\/p>","protected":false},"featured_media":41848,"comment_status":"open","ping_status":"closed","template":"","meta":{"_monsterinsights_skip_tracking":false,"_monsterinsights_sitenote_active":false,"_monsterinsights_sitenote_note":"","_monsterinsights_sitenote_category":0,"_joinchat":[]},"product_brand":[],"product_cat":[1175,1152,1155,1165],"product_tag":[],"class_list":{"0":"post-2194","1":"product","2":"type-product","3":"status-publish","4":"has-post-thumbnail","6":"product_cat-bdsm-bondage","7":"product_cat-juguetes-bienestar","8":"product_cat-juguetes-bienestar-juguetes-para-mujeres","9":"product_cat-juguetes-bienestar-juguetes-para-mujeresmasturbadores-para-ellas","10":"yith_product_brand-pipedreamsfetish-fantasy-series","11":"yith_product_brand-pipedreams","13":"first","14":"instock","15":"taxable","16":"shipping-taxable","17":"purchasable","18":"product-type-simple"},"aioseo_notices":[],"_links":{"self":[{"href":"https:\/\/www.mysexualfantasy.eu\/en\/wp-json\/wp\/v2\/product\/2194","targetHints":{"allow":["GET"]}}],"collection":[{"href":"https:\/\/www.mysexualfantasy.eu\/en\/wp-json\/wp\/v2\/product"}],"about":[{"href":"https:\/\/www.mysexualfantasy.eu\/en\/wp-json\/wp\/v2\/types\/product"}],"replies":[{"embeddable":true,"href":"https:\/\/www.mysexualfantasy.eu\/en\/wp-json\/wp\/v2\/comments?post=2194"}],"wp:featuredmedia":[{"embeddable":true,"href":"https:\/\/www.mysexualfantasy.eu\/en\/wp-json\/wp\/v2\/media\/41848"}],"wp:attachment":[{"href":"https:\/\/www.mysexualfantasy.eu\/en\/wp-json\/wp\/v2\/media?parent=2194"}],"wp:term":[{"taxonomy":"product_brand","embeddable":true,"href":"https:\/\/www.mysexualfantasy.eu\/en\/wp-json\/wp\/v2\/product_brand?post=2194"},{"taxonomy":"product_cat","embeddable":true,"href":"https:\/\/www.mysexualfantasy.eu\/en\/wp-json\/wp\/v2\/product_cat?post=2194"},{"taxonomy":"product_tag","embeddable":true,"href":"https:\/\/www.mysexualfantasy.eu\/en\/wp-json\/wp\/v2\/product_tag?post=2194"}],"curies":[{"name":"wp","href":"https:\/\/api.w.org\/{rel}","templated":true}]}}