{"id":2195,"date":"2023-01-13T11:37:35","date_gmt":"2023-01-13T11:37:35","guid":{"rendered":"https:\/\/www.mysexualfantasy.eu\/?post_type=product&#038;p=2195"},"modified":"2023-12-06T14:50:49","modified_gmt":"2023-12-06T14:50:49","slug":"fetish-fantasy-arnes-realistico-18cm","status":"publish","type":"product","link":"https:\/\/www.mysexualfantasy.eu\/en\/product\/fetish-fantasy-arnes-realistico-18cm\/","title":{"rendered":"FETISH FANTASY ARNES REALISTICO 18CM"},"content":{"rendered":"<p>Estimula el lugar correcto en cada momento con este incre\u00edble arn\u00e9s real\u00edstico.<\/p>\n<p>Se dobla y se adapta a cualquier forma, lo que te permite estimular esos puntos dif\u00edciles de alcanzar que impulsan a tu amante hacia el lado salvaje.<\/p>\n<p>La suave y rel\u00edstica textura del dildo es casi como la piel real y siempre estar\u00e1 duro y listo para la acci\u00f3n, satisfaciendo a tu amante en cualquier momento que dese\u00e9.<\/p>\n<p>Solamente aj\u00fastate el arn\u00e9s, practica la postura y dale placer a tu amante durante toda la noche!<\/p>\n<ul>\n<li>Medidas: 18 cm. x 4 cm.<\/li>\n<\/ul>\n<p>Incluye una m\u00e1scara de regalo.<\/p>","protected":false},"excerpt":{"rendered":"<p>FETISH FANTASY POSABLE PARTNER STRAP-ON<\/p>","protected":false},"featured_media":39763,"comment_status":"open","ping_status":"closed","template":"","meta":{"_monsterinsights_skip_tracking":false,"_monsterinsights_sitenote_active":false,"_monsterinsights_sitenote_note":"","_monsterinsights_sitenote_category":0,"_joinchat":[]},"product_brand":[],"product_cat":[1173,1152],"product_tag":[],"class_list":{"0":"post-2195","1":"product","2":"type-product","3":"status-publish","4":"has-post-thumbnail","6":"product_cat-juguetes-bienestar-arneses","7":"product_cat-juguetes-bienestar","8":"yith_product_brand-pipedreamsfetish-fantasy-series","9":"yith_product_brand-pipedreams","11":"first","12":"instock","13":"taxable","14":"shipping-taxable","15":"purchasable","16":"product-type-simple"},"aioseo_notices":[],"_links":{"self":[{"href":"https:\/\/www.mysexualfantasy.eu\/en\/wp-json\/wp\/v2\/product\/2195","targetHints":{"allow":["GET"]}}],"collection":[{"href":"https:\/\/www.mysexualfantasy.eu\/en\/wp-json\/wp\/v2\/product"}],"about":[{"href":"https:\/\/www.mysexualfantasy.eu\/en\/wp-json\/wp\/v2\/types\/product"}],"replies":[{"embeddable":true,"href":"https:\/\/www.mysexualfantasy.eu\/en\/wp-json\/wp\/v2\/comments?post=2195"}],"wp:featuredmedia":[{"embeddable":true,"href":"https:\/\/www.mysexualfantasy.eu\/en\/wp-json\/wp\/v2\/media\/39763"}],"wp:attachment":[{"href":"https:\/\/www.mysexualfantasy.eu\/en\/wp-json\/wp\/v2\/media?parent=2195"}],"wp:term":[{"taxonomy":"product_brand","embeddable":true,"href":"https:\/\/www.mysexualfantasy.eu\/en\/wp-json\/wp\/v2\/product_brand?post=2195"},{"taxonomy":"product_cat","embeddable":true,"href":"https:\/\/www.mysexualfantasy.eu\/en\/wp-json\/wp\/v2\/product_cat?post=2195"},{"taxonomy":"product_tag","embeddable":true,"href":"https:\/\/www.mysexualfantasy.eu\/en\/wp-json\/wp\/v2\/product_tag?post=2195"}],"curies":[{"name":"wp","href":"https:\/\/api.w.org\/{rel}","templated":true}]}}