{"id":21950,"date":"2023-01-13T11:39:11","date_gmt":"2023-01-13T11:39:11","guid":{"rendered":"https:\/\/www.mysexualfantasy.eu\/?post_type=product&#038;p=21950"},"modified":"2023-12-06T15:53:13","modified_gmt":"2023-12-06T15:53:13","slug":"high-grade-pretty-love-magic-finger-estimulador","status":"publish","type":"product","link":"https:\/\/www.mysexualfantasy.eu\/en\/product\/high-grade-pretty-love-magic-finger-estimulador\/","title":{"rendered":"HIGH GRADE PRETTY LOVE- MAGIC FINGER ESTIMULADOR"},"content":{"rendered":"<p>Los c\u00e1lculos son f\u00e1ciles, a doble estimulaci\u00f3n, doble placer! El magic fingers es un fabuloso juguete\u00a0con dos pliegues que estimulan mediante vibraci\u00f3n, la cual podr\u00e1s controlar en todo momento con el mando. Es de suave silicona premium, completamente sumergible y recargable mediante USB.<\/p>\n<p>Caracter\u00edsticas:\u00a0<\/p>\n<ul>\n<li>Estimulador masajeador Magic fingers.<\/li>\n<li>Sumergible<\/li>\n<li>Silicona premium\u00a0<\/li>\n<li>USB recargable\u00a0<\/li>\n<li>Mando a distancia\u00a0<\/li>\n<li>12 modos de vibraci\u00f3n\u00a0<\/li>\n<li>Medidas: Ver imagen<\/li>\n<\/ul>\n<p style=\"line-height: 16.64px;\"><span style=\"line-height: 16.64px;\">Pretty Love fabrica productos con exigentes normas de calidad, todos sus productos estan dise\u00f1ados en Estados Unidos y tienen 1 a\u00f1o de garant\u00eda en defectos t\u00e9cnicos.<\/span><\/p>\n<div>\u00a0<\/div>","protected":false},"excerpt":{"rendered":"<p>HIGH GRADE PRETTY LOVE &#8211; MAGIC FINGER ESTIMULADOR<\/p>","protected":false},"featured_media":40407,"comment_status":"open","ping_status":"closed","template":"","meta":{"_monsterinsights_skip_tracking":false,"_monsterinsights_sitenote_active":false,"_monsterinsights_sitenote_note":"","_monsterinsights_sitenote_category":0,"_joinchat":[]},"product_brand":[],"product_cat":[1193,1162,1152,1153,1305,1154],"product_tag":[],"class_list":{"0":"post-21950","1":"product","2":"type-product","3":"status-publish","4":"has-post-thumbnail","6":"product_cat-juguetes-bienestar-vibradores100-sumergible","7":"product_cat-juguetes-bienestar-anal","8":"product_cat-juguetes-bienestar","9":"product_cat-juguetes-bienestar-vibradores","10":"product_cat-juguetes-bienestar-analvibradores-anales","11":"product_cat-juguetes-bienestar-vibradoresvibradores-control-remoto","12":"yith_product_brand-pretty-love","13":"yith_product_brand-pretty-lovepretty-love-high-grade","15":"first","16":"instock","17":"taxable","18":"shipping-taxable","19":"purchasable","20":"product-type-simple"},"aioseo_notices":[],"_links":{"self":[{"href":"https:\/\/www.mysexualfantasy.eu\/en\/wp-json\/wp\/v2\/product\/21950","targetHints":{"allow":["GET"]}}],"collection":[{"href":"https:\/\/www.mysexualfantasy.eu\/en\/wp-json\/wp\/v2\/product"}],"about":[{"href":"https:\/\/www.mysexualfantasy.eu\/en\/wp-json\/wp\/v2\/types\/product"}],"replies":[{"embeddable":true,"href":"https:\/\/www.mysexualfantasy.eu\/en\/wp-json\/wp\/v2\/comments?post=21950"}],"wp:featuredmedia":[{"embeddable":true,"href":"https:\/\/www.mysexualfantasy.eu\/en\/wp-json\/wp\/v2\/media\/40407"}],"wp:attachment":[{"href":"https:\/\/www.mysexualfantasy.eu\/en\/wp-json\/wp\/v2\/media?parent=21950"}],"wp:term":[{"taxonomy":"product_brand","embeddable":true,"href":"https:\/\/www.mysexualfantasy.eu\/en\/wp-json\/wp\/v2\/product_brand?post=21950"},{"taxonomy":"product_cat","embeddable":true,"href":"https:\/\/www.mysexualfantasy.eu\/en\/wp-json\/wp\/v2\/product_cat?post=21950"},{"taxonomy":"product_tag","embeddable":true,"href":"https:\/\/www.mysexualfantasy.eu\/en\/wp-json\/wp\/v2\/product_tag?post=21950"}],"curies":[{"name":"wp","href":"https:\/\/api.w.org\/{rel}","templated":true}]}}