{"id":22024,"date":"2023-01-13T11:49:03","date_gmt":"2023-01-13T11:49:03","guid":{"rendered":"https:\/\/www.mysexualfantasy.eu\/?post_type=product&#038;p=22024"},"modified":"2023-12-06T15:59:50","modified_gmt":"2023-12-06T15:59:50","slug":"nalone-dancer-vibrador-con-rabbit-y-vibracion-por-sonido","status":"publish","type":"product","link":"https:\/\/www.mysexualfantasy.eu\/en\/product\/nalone-dancer-vibrador-con-rabbit-y-vibracion-por-sonido\/","title":{"rendered":"NALONE DANCER VIBRADOR CON RABBIT Y VIBRACION POR SONIDO"},"content":{"rendered":"<p>El Dancer ser\u00e1 tu juguete favorito, tu mejor compa\u00f1ero de baile. Se activa por sonido y gracias a su dise\u00f1o conseguir\u00e1s estimulaci\u00f3n tanto interna como externa con potentes y silenciosas vibraciones que podr\u00e1s controlar o bien por voz o bien con sus botones. Cambia y elige entre sus 7 modos de vibraci\u00f3n o eligue el modo de vibraci\u00f3n por sonido y alcanza el cl\u00edmax de forma \u00fanica y excitante.\u00a0<\/p>\n<p>Caracter\u00edsticas.\u00a0<\/p>\n<ul>\n<li>Material: Silicona y ABS<\/li>\n<li>Recargable<\/li>\n<li>Bater\u00eda de Litio<\/li>\n<li>Silenciosas vibraciones: Menos de 50 dB<\/li>\n<li>7 modos de vibraci\u00f3n\u00a0<\/li>\n<li>VIbraci\u00f3n por voz<\/li>\n<li>Longitud total: 223 mm<\/li>\n<\/ul>","protected":false},"excerpt":{"rendered":"<p>NALONE &#8211; DANCER VIBRADOR CON RABBIT Y VIBRACION POR SONIDO<\/p>","protected":false},"featured_media":43633,"comment_status":"open","ping_status":"closed","template":"","meta":{"_monsterinsights_skip_tracking":false,"_monsterinsights_sitenote_active":false,"_monsterinsights_sitenote_note":"","_monsterinsights_sitenote_category":0,"_joinchat":[]},"product_brand":[],"product_cat":[1156,1152,1155,1165,1309,1153,1192],"product_tag":[],"class_list":{"0":"post-22024","1":"product","2":"type-product","3":"status-publish","4":"has-post-thumbnail","6":"product_cat-juguetes-bienestar-juguetes-para-mujeresestimuladores","7":"product_cat-juguetes-bienestar","8":"product_cat-juguetes-bienestar-juguetes-para-mujeres","9":"product_cat-juguetes-bienestar-juguetes-para-mujeresmasturbadores-para-ellas","10":"product_cat-juguetes-bienestar-juguetes-para-mujerespunto-g","11":"product_cat-juguetes-bienestar-vibradores","12":"product_cat-juguetes-bienestar-vibradoresvibradores-hi-tech","13":"yith_product_brand-nalone","15":"first","16":"instock","17":"taxable","18":"shipping-taxable","19":"purchasable","20":"product-type-simple"},"aioseo_notices":[],"_links":{"self":[{"href":"https:\/\/www.mysexualfantasy.eu\/en\/wp-json\/wp\/v2\/product\/22024","targetHints":{"allow":["GET"]}}],"collection":[{"href":"https:\/\/www.mysexualfantasy.eu\/en\/wp-json\/wp\/v2\/product"}],"about":[{"href":"https:\/\/www.mysexualfantasy.eu\/en\/wp-json\/wp\/v2\/types\/product"}],"replies":[{"embeddable":true,"href":"https:\/\/www.mysexualfantasy.eu\/en\/wp-json\/wp\/v2\/comments?post=22024"}],"wp:featuredmedia":[{"embeddable":true,"href":"https:\/\/www.mysexualfantasy.eu\/en\/wp-json\/wp\/v2\/media\/43633"}],"wp:attachment":[{"href":"https:\/\/www.mysexualfantasy.eu\/en\/wp-json\/wp\/v2\/media?parent=22024"}],"wp:term":[{"taxonomy":"product_brand","embeddable":true,"href":"https:\/\/www.mysexualfantasy.eu\/en\/wp-json\/wp\/v2\/product_brand?post=22024"},{"taxonomy":"product_cat","embeddable":true,"href":"https:\/\/www.mysexualfantasy.eu\/en\/wp-json\/wp\/v2\/product_cat?post=22024"},{"taxonomy":"product_tag","embeddable":true,"href":"https:\/\/www.mysexualfantasy.eu\/en\/wp-json\/wp\/v2\/product_tag?post=22024"}],"curies":[{"name":"wp","href":"https:\/\/api.w.org\/{rel}","templated":true}]}}