{"id":2204,"date":"2023-01-13T11:42:19","date_gmt":"2023-01-13T11:42:19","guid":{"rendered":"https:\/\/www.mysexualfantasy.eu\/?post_type=product&#038;p=2204"},"modified":"2023-12-06T15:50:26","modified_gmt":"2023-12-06T15:50:26","slug":"tenga-3d-module-sculpted-ecstasy","status":"publish","type":"product","link":"https:\/\/www.mysexualfantasy.eu\/en\/product\/tenga-3d-module-sculpted-ecstasy\/","title":{"rendered":"TENGA 3D MODULE SCULPTED ECSTASY"},"content":{"rendered":"<p>Es el innovador masturbador masculino, que ha revolucionado los juguetes de placer para el hombre.<\/p>\n<p>Est\u00e9ticamente ha sido dise\u00f1ado con la apariencia de un estiloso producto, evitando la imitaci\u00f3n visual de \u00f3rgano sexual alguno.<\/p>\n<p>TENGA 3D MODULE SCULPTED ECSTASY, es el\u00a0<b>innovador masturbador masculino<\/b>, que ha revolucionado los juguetes de placer para el hombre.<\/p>\n<p>Est\u00e9ticamente ha sido dise\u00f1ado con la apariencia de un estiloso producto, evitando la imitaci\u00f3n visual de \u00f3rgano sexual alguno.<\/p>\n<p>Con detalles en su interior que solo pueden mantener el prop\u00f3sito de dar placer y un novedoso sistema de \u00ab<b>DALE LA VUELTA-L\u00c1VALO-D\u00c9JALO SECAR<\/b>\u00ab, convierte los detalles internos en detalles externos, dotando al juguete de un dise\u00f1o \u00fanico. En un instante, el cambio de apariencia queda visible, la fusi\u00f3n de texturas estimulantes con una belleza estructural, hacen que este juguete sea ideal para la b\u00fasqueda de la cima del placer mediante la masturbaci\u00f3n.<br \/>Estructuralmente la combinaci\u00f3n de materiales y formas ergon\u00f3micamente complejas hacen de\u00a0<b>TENGA<\/b>\u00a0el masturbador m\u00e1s innovador del mercado.<\/p>\n<p>El modelo\u00a0<b>POLYGON<\/b>\u00a0se compone de m\u00faltiples tri\u00e1ngulos erigidos aleatoriamente, que embellecen su superficie. Descubre la marca de diferencia de este juguete mediante los nuevos est\u00edmulos que descubrir\u00e1s escondidos dentro de las deslizantes caras poligonales y los inesperados picos, para una experiencia trascendental que nunca antes hab\u00edas sentido&#8230;<\/p>\n<ul>\n<li>Producto prelubricado.<\/li>\n<li>Manga de 11.5 cm<\/li>\n<\/ul>\n<p style=\"text-align: center;\">\u00a0<\/p>","protected":false},"excerpt":{"rendered":"<p>TENGA 3D MODULE SCULPTED ECSTASY<\/p>","protected":false},"featured_media":41528,"comment_status":"open","ping_status":"closed","template":"","meta":{"_monsterinsights_skip_tracking":false,"_monsterinsights_sitenote_active":false,"_monsterinsights_sitenote_note":"","_monsterinsights_sitenote_category":0,"_joinchat":[]},"product_brand":[],"product_cat":[1152,1160,1167],"product_tag":[],"class_list":{"0":"post-2204","1":"product","2":"type-product","3":"status-publish","4":"has-post-thumbnail","6":"product_cat-juguetes-bienestar","7":"product_cat-juguetes-bienestar-juguetes-para-hombres","8":"product_cat-juguetes-bienestar-juguetes-para-hombresmasturbadores-para-ellos","9":"yith_product_brand-tenga","11":"first","12":"instock","13":"taxable","14":"shipping-taxable","15":"purchasable","16":"product-type-simple"},"aioseo_notices":[],"_links":{"self":[{"href":"https:\/\/www.mysexualfantasy.eu\/en\/wp-json\/wp\/v2\/product\/2204","targetHints":{"allow":["GET"]}}],"collection":[{"href":"https:\/\/www.mysexualfantasy.eu\/en\/wp-json\/wp\/v2\/product"}],"about":[{"href":"https:\/\/www.mysexualfantasy.eu\/en\/wp-json\/wp\/v2\/types\/product"}],"replies":[{"embeddable":true,"href":"https:\/\/www.mysexualfantasy.eu\/en\/wp-json\/wp\/v2\/comments?post=2204"}],"wp:featuredmedia":[{"embeddable":true,"href":"https:\/\/www.mysexualfantasy.eu\/en\/wp-json\/wp\/v2\/media\/41528"}],"wp:attachment":[{"href":"https:\/\/www.mysexualfantasy.eu\/en\/wp-json\/wp\/v2\/media?parent=2204"}],"wp:term":[{"taxonomy":"product_brand","embeddable":true,"href":"https:\/\/www.mysexualfantasy.eu\/en\/wp-json\/wp\/v2\/product_brand?post=2204"},{"taxonomy":"product_cat","embeddable":true,"href":"https:\/\/www.mysexualfantasy.eu\/en\/wp-json\/wp\/v2\/product_cat?post=2204"},{"taxonomy":"product_tag","embeddable":true,"href":"https:\/\/www.mysexualfantasy.eu\/en\/wp-json\/wp\/v2\/product_tag?post=2204"}],"curies":[{"name":"wp","href":"https:\/\/api.w.org\/{rel}","templated":true}]}}