{"id":22062,"date":"2023-01-13T13:14:43","date_gmt":"2023-01-13T13:14:43","guid":{"rendered":"https:\/\/www.mysexualfantasy.eu\/?post_type=product&#038;p=22062"},"modified":"2023-12-06T16:17:11","modified_gmt":"2023-12-06T16:17:11","slug":"macho-mc087-boxer-largo-negro-talla-s","status":"publish","type":"product","link":"https:\/\/www.mysexualfantasy.eu\/en\/product\/macho-mc087-boxer-largo-negro-talla-s\/","title":{"rendered":"MACHO &#8211; MC087 BOXER LARGO NEGRO TALLA S"},"content":{"rendered":"<p>El MC087\u00a0es un b\u00f3xer largo de talle bajo, excelente complemento para casi todo ocasi\u00f3n y especialmente para \u00e9poca de invierno, est\u00e1 confeccionado en suave algod\u00f3n el\u00e1stico de excelente calidad y tiene una copa de realce en la zona genital, d\u00e1ndole volumen y mayor visibilidad.\u00a0<\/p>\n<p>Sus tonos cl\u00e1sicos en blanco, negro y gris, un modelo ideal para aquellos hombres que quieren sentirse seguros y elegantes, el el\u00e1stico de la cintura tiene el logo MACHO en el costado derecho, d\u00e1ndole un toque diferente y viene en colores blanco\/gris, negro\/blanco y blanco\/azul , logrando una equilibrada mezcla de colores.\u00a0<\/p>\n<p>Composici\u00f3n:<\/p>\n<ul>\n<li>Blanco y Negro:\u00a0Algod\u00f3n 94%\u00a0\/\u00a0Elastano 6%<\/li>\n<li>Gris: Poliester 62% \/\u00a0Algod\u00f3n 34% \/ Elastano 4%<\/li>\n<li>Talla: S<\/li>\n<li>Color: Negro<\/li>\n<\/ul>\n<p style=\"text-align: center;\"><img decoding=\"async\" alt=\"\" src=\"https:\/\/interno.dreamlove.es\/UserFiles\/images\/TALLAJE-MACHO-WEB_35698a36-fae1-4154-81c3-ccaf7a2b44fe_1024x1024%282%29.png\" style=\"width: 500px; height: 276px;\" \/><\/p>","protected":false},"excerpt":{"rendered":"<p>MACHO &#8211; MC087 BOXER LARGO NEGRO TALLA S<\/p>","protected":false},"featured_media":56835,"comment_status":"open","ping_status":"closed","template":"","meta":{"_monsterinsights_skip_tracking":false,"_monsterinsights_sitenote_active":false,"_monsterinsights_sitenote_note":"","_monsterinsights_sitenote_category":0,"_joinchat":[]},"product_brand":[],"product_cat":[1332,1255,1252,1166,148],"product_tag":[],"class_list":{"0":"post-22062","1":"product","2":"type-product","3":"status-publish","4":"has-post-thumbnail","6":"product_cat-moda-lencerialenceria-hombrebasicos","7":"product_cat-moda-lencerialenceria-hombreboxers","8":"product_cat-moda-lencerialenceria-hombre","9":"product_cat-moda-lenceria","10":"product_cat-ofertas","11":"yith_product_brand-macho-underwear","13":"first","14":"instock","15":"taxable","16":"shipping-taxable","17":"purchasable","18":"product-type-variable"},"aioseo_notices":[],"_links":{"self":[{"href":"https:\/\/www.mysexualfantasy.eu\/en\/wp-json\/wp\/v2\/product\/22062","targetHints":{"allow":["GET"]}}],"collection":[{"href":"https:\/\/www.mysexualfantasy.eu\/en\/wp-json\/wp\/v2\/product"}],"about":[{"href":"https:\/\/www.mysexualfantasy.eu\/en\/wp-json\/wp\/v2\/types\/product"}],"replies":[{"embeddable":true,"href":"https:\/\/www.mysexualfantasy.eu\/en\/wp-json\/wp\/v2\/comments?post=22062"}],"wp:featuredmedia":[{"embeddable":true,"href":"https:\/\/www.mysexualfantasy.eu\/en\/wp-json\/wp\/v2\/media\/56835"}],"wp:attachment":[{"href":"https:\/\/www.mysexualfantasy.eu\/en\/wp-json\/wp\/v2\/media?parent=22062"}],"wp:term":[{"taxonomy":"product_brand","embeddable":true,"href":"https:\/\/www.mysexualfantasy.eu\/en\/wp-json\/wp\/v2\/product_brand?post=22062"},{"taxonomy":"product_cat","embeddable":true,"href":"https:\/\/www.mysexualfantasy.eu\/en\/wp-json\/wp\/v2\/product_cat?post=22062"},{"taxonomy":"product_tag","embeddable":true,"href":"https:\/\/www.mysexualfantasy.eu\/en\/wp-json\/wp\/v2\/product_tag?post=22062"}],"curies":[{"name":"wp","href":"https:\/\/api.w.org\/{rel}","templated":true}]}}