{"id":22160,"date":"2023-01-13T14:03:35","date_gmt":"2023-01-13T14:03:35","guid":{"rendered":"https:\/\/www.mysexualfantasy.eu\/?post_type=product&#038;p=22160"},"modified":"2023-12-06T17:10:56","modified_gmt":"2023-12-06T17:10:56","slug":"eros-latex-ayuda-a-vestir-prendas-100ml","status":"publish","type":"product","link":"https:\/\/www.mysexualfantasy.eu\/en\/product\/eros-latex-ayuda-a-vestir-prendas-100ml\/","title":{"rendered":"EROS LATEX AYUDA A VESTIR PRENDAS  100ML"},"content":{"rendered":"<p>Para prendas ce\u00f1idas: Latex Dressing Aid es la ayuda ideal para vestirse con prendas ajustadas de caucho y l\u00e1tex. Es seguro, ya no tendr\u00e1 m\u00e1s dificultades para vestirse. Pocas gotas son suficientes para entrar en su segunda piel  \u00a1incluso con mucha vellosidad!<\/p>\n<p>Gracias a sus ingredientes especiales, aumentar\u00e1 la longevidad de su ropa; el caucho y el l\u00e1tex se ablandan y se ajustan perfectamente a la forma del cuerpo. EROS Latex Dressing Aid no es pegajoso, es respetuoso con la piel y neutro al olor. Esta ayuda para vestirse sin agua ni perfume no contiene aceites o grasas y es por eso muy agradable<\/p>\n<p>100ML<\/p>\n<ul>\n<li>PROPIEDADES: \u2022 rinde mucho \u2022 no es pegajoso \u2022 no contiene conservantes<\/li>\n<\/ul>","protected":false},"excerpt":{"rendered":"<p>EROS LATEX DRESSING AID 100ML<\/p>","protected":false},"featured_media":64474,"comment_status":"open","ping_status":"closed","template":"","meta":{"_monsterinsights_skip_tracking":false,"_monsterinsights_sitenote_active":false,"_monsterinsights_sitenote_note":"","_monsterinsights_sitenote_category":0,"_joinchat":[]},"product_brand":[],"product_cat":[1176,1175,1452,1196,1197,1199,1411,1166],"product_tag":[],"class_list":{"0":"post-22160","1":"product","2":"type-product","3":"status-publish","4":"has-post-thumbnail","6":"product_cat-bdsm-bondage-articulos-bdsm","7":"product_cat-bdsm-bondage","8":"product_cat-moda-lencerialenceria-mujerlenceria-picanteestilo-fetish","9":"product_cat-moda-lencerialenceria-mujer","10":"product_cat-moda-lencerialenceria-mujerlenceria-picante","11":"product_cat-moda-lencerialenceria-mujerlenceria-sexy","12":"product_cat-bdsm-bondage-articulos-bdsmmoda-bdsm","13":"product_cat-moda-lenceria","14":"yith_product_brand-eros","15":"yith_product_brand-eroseros-classic-line","17":"first","18":"instock","19":"taxable","20":"shipping-taxable","21":"purchasable","22":"product-type-simple"},"aioseo_notices":[],"_links":{"self":[{"href":"https:\/\/www.mysexualfantasy.eu\/en\/wp-json\/wp\/v2\/product\/22160","targetHints":{"allow":["GET"]}}],"collection":[{"href":"https:\/\/www.mysexualfantasy.eu\/en\/wp-json\/wp\/v2\/product"}],"about":[{"href":"https:\/\/www.mysexualfantasy.eu\/en\/wp-json\/wp\/v2\/types\/product"}],"replies":[{"embeddable":true,"href":"https:\/\/www.mysexualfantasy.eu\/en\/wp-json\/wp\/v2\/comments?post=22160"}],"wp:featuredmedia":[{"embeddable":true,"href":"https:\/\/www.mysexualfantasy.eu\/en\/wp-json\/wp\/v2\/media\/64474"}],"wp:attachment":[{"href":"https:\/\/www.mysexualfantasy.eu\/en\/wp-json\/wp\/v2\/media?parent=22160"}],"wp:term":[{"taxonomy":"product_brand","embeddable":true,"href":"https:\/\/www.mysexualfantasy.eu\/en\/wp-json\/wp\/v2\/product_brand?post=22160"},{"taxonomy":"product_cat","embeddable":true,"href":"https:\/\/www.mysexualfantasy.eu\/en\/wp-json\/wp\/v2\/product_cat?post=22160"},{"taxonomy":"product_tag","embeddable":true,"href":"https:\/\/www.mysexualfantasy.eu\/en\/wp-json\/wp\/v2\/product_tag?post=22160"}],"curies":[{"name":"wp","href":"https:\/\/api.w.org\/{rel}","templated":true}]}}