{"id":22309,"date":"2023-01-13T13:02:45","date_gmt":"2023-01-13T13:02:45","guid":{"rendered":"https:\/\/www.mysexualfantasy.eu\/?post_type=product&#038;p=22309"},"modified":"2023-12-06T16:00:04","modified_gmt":"2023-12-06T16:00:04","slug":"intense-naila-vibrating-silicone-lila","status":"publish","type":"product","link":"https:\/\/www.mysexualfantasy.eu\/en\/product\/intense-naila-vibrating-silicone-lila\/","title":{"rendered":"INTENSE NAILA VIBRATING SILICONE LILA"},"content":{"rendered":"<p>Intensifica tu placer con Intese toys, un concepto clasico que no todos consiguen hacer. Con Naila\u00a0aumentar\u00e1s tu instinto sexual, curvado para una estimulaci\u00f3n del punto g que ademas a\u00f1ade sensacion en salientes suaves de silicona, punta estimulador clitorial y mango de facil sujeci\u00f3n para un uso placentero. 100% Fabricado en silicona suave y sedosa medica.<\/p>\n<ul>\n<li>Libre de Phalatos<\/li>\n<li>Medidas; 17.5 x 3.5 cm<\/li>\n<li>Flexible<\/li>\n<li>Resistente\u00a0al agua.<\/li>\n<li>Pilas: 3 x\u00a0LR41<\/li>\n<\/ul>\n<p>Se recomienda usar lubricante a base de agua waterfeel y limpiar tras su uso con el toycleaner waterfeeel.<\/p>","protected":false},"excerpt":{"rendered":"<p>INTENSE NAILA VIBRATING SILICONE PURPLE<\/p>","protected":false},"featured_media":54985,"comment_status":"open","ping_status":"closed","template":"","meta":{"_monsterinsights_skip_tracking":false,"_monsterinsights_sitenote_active":false,"_monsterinsights_sitenote_note":"","_monsterinsights_sitenote_category":0,"_joinchat":[]},"product_brand":[],"product_cat":[1156,1152,1155,1165,1309,1153,1195],"product_tag":[],"class_list":{"0":"post-22309","1":"product","2":"type-product","3":"status-publish","4":"has-post-thumbnail","6":"product_cat-juguetes-bienestar-juguetes-para-mujeresestimuladores","7":"product_cat-juguetes-bienestar","8":"product_cat-juguetes-bienestar-juguetes-para-mujeres","9":"product_cat-juguetes-bienestar-juguetes-para-mujeresmasturbadores-para-ellas","10":"product_cat-juguetes-bienestar-juguetes-para-mujerespunto-g","11":"product_cat-juguetes-bienestar-vibradores","12":"product_cat-juguetes-bienestar-vibradoresvibradores-rabbit","13":"yith_product_brand-intense","14":"yith_product_brand-intenseintense-toysintense-fun","15":"yith_product_brand-intenseintense-toys","17":"first","18":"instock","19":"taxable","20":"shipping-taxable","21":"purchasable","22":"product-type-simple"},"aioseo_notices":[],"_links":{"self":[{"href":"https:\/\/www.mysexualfantasy.eu\/en\/wp-json\/wp\/v2\/product\/22309","targetHints":{"allow":["GET"]}}],"collection":[{"href":"https:\/\/www.mysexualfantasy.eu\/en\/wp-json\/wp\/v2\/product"}],"about":[{"href":"https:\/\/www.mysexualfantasy.eu\/en\/wp-json\/wp\/v2\/types\/product"}],"replies":[{"embeddable":true,"href":"https:\/\/www.mysexualfantasy.eu\/en\/wp-json\/wp\/v2\/comments?post=22309"}],"wp:featuredmedia":[{"embeddable":true,"href":"https:\/\/www.mysexualfantasy.eu\/en\/wp-json\/wp\/v2\/media\/54985"}],"wp:attachment":[{"href":"https:\/\/www.mysexualfantasy.eu\/en\/wp-json\/wp\/v2\/media?parent=22309"}],"wp:term":[{"taxonomy":"product_brand","embeddable":true,"href":"https:\/\/www.mysexualfantasy.eu\/en\/wp-json\/wp\/v2\/product_brand?post=22309"},{"taxonomy":"product_cat","embeddable":true,"href":"https:\/\/www.mysexualfantasy.eu\/en\/wp-json\/wp\/v2\/product_cat?post=22309"},{"taxonomy":"product_tag","embeddable":true,"href":"https:\/\/www.mysexualfantasy.eu\/en\/wp-json\/wp\/v2\/product_tag?post=22309"}],"curies":[{"name":"wp","href":"https:\/\/api.w.org\/{rel}","templated":true}]}}