{"id":22310,"date":"2023-01-13T13:02:46","date_gmt":"2023-01-13T13:02:46","guid":{"rendered":"https:\/\/www.mysexualfantasy.eu\/?post_type=product&#038;p=22310"},"modified":"2023-12-06T16:00:04","modified_gmt":"2023-12-06T16:00:04","slug":"intense-sugar-seven-speeds-silicone-lila","status":"publish","type":"product","link":"https:\/\/www.mysexualfantasy.eu\/en\/product\/intense-sugar-seven-speeds-silicone-lila\/","title":{"rendered":"INTENSE SUGAR SEVEN SPEEDS SILICONE LILA"},"content":{"rendered":"<p>Intensifica tu placer con Intese toys, un concepto clasico que no todos consiguen hacer. A\u00f1ade placer de forma sensacional con Sugar\u00a0. Este dildo fabricado en silicona de grado medico tiene un dise\u00f1o perfecto para la penetraci\u00f3n suave y placentera estimulando el cl\u00edtoris y la zona vaginal simultaneamente\u00a0, de forma sencilla y en cualquier lugar. La garant\u00eda de un juguete seguro.<\/p>\n<ul>\n<li>Resistente al Agua<\/li>\n<li>Flexible<\/li>\n<li>Silicona suave y sedosa<\/li>\n<li>Ergonomico<\/li>\n<li>7 Modos de vibraci\u00f3n<\/li>\n<li>Medidas; 3 x 17.5 cm.<\/li>\n<\/ul>\n<p>Se recomienda usar lubricante a base de agua waterfeel y limpiar tras su uso con el toycleaner waterfeeel.<\/p>","protected":false},"excerpt":{"rendered":"<p>INTENSE SUGAR SEVEN SPEEDS SILICONE PURPLE<\/p>","protected":false},"featured_media":54990,"comment_status":"open","ping_status":"closed","template":"","meta":{"_monsterinsights_skip_tracking":false,"_monsterinsights_sitenote_active":false,"_monsterinsights_sitenote_note":"","_monsterinsights_sitenote_category":0,"_joinchat":[]},"product_brand":[],"product_cat":[1156,1152,1155,1165,1153,1292,1195,1295],"product_tag":[],"class_list":{"0":"post-22310","1":"product","2":"type-product","3":"status-publish","4":"has-post-thumbnail","6":"product_cat-juguetes-bienestar-juguetes-para-mujeresestimuladores","7":"product_cat-juguetes-bienestar","8":"product_cat-juguetes-bienestar-juguetes-para-mujeres","9":"product_cat-juguetes-bienestar-juguetes-para-mujeresmasturbadores-para-ellas","10":"product_cat-juguetes-bienestar-vibradores","11":"product_cat-juguetes-bienestar-vibradoresvibradores-clasicos-anales-o-vaginales","12":"product_cat-juguetes-bienestar-vibradoresvibradores-rabbit","13":"product_cat-juguetes-bienestar-vibradoresvibradores-realisticos","14":"yith_product_brand-intense","15":"yith_product_brand-intenseintense-toysintense-fun","16":"yith_product_brand-intenseintense-toys","18":"first","19":"instock","20":"taxable","21":"shipping-taxable","22":"purchasable","23":"product-type-simple"},"aioseo_notices":[],"_links":{"self":[{"href":"https:\/\/www.mysexualfantasy.eu\/en\/wp-json\/wp\/v2\/product\/22310","targetHints":{"allow":["GET"]}}],"collection":[{"href":"https:\/\/www.mysexualfantasy.eu\/en\/wp-json\/wp\/v2\/product"}],"about":[{"href":"https:\/\/www.mysexualfantasy.eu\/en\/wp-json\/wp\/v2\/types\/product"}],"replies":[{"embeddable":true,"href":"https:\/\/www.mysexualfantasy.eu\/en\/wp-json\/wp\/v2\/comments?post=22310"}],"wp:featuredmedia":[{"embeddable":true,"href":"https:\/\/www.mysexualfantasy.eu\/en\/wp-json\/wp\/v2\/media\/54990"}],"wp:attachment":[{"href":"https:\/\/www.mysexualfantasy.eu\/en\/wp-json\/wp\/v2\/media?parent=22310"}],"wp:term":[{"taxonomy":"product_brand","embeddable":true,"href":"https:\/\/www.mysexualfantasy.eu\/en\/wp-json\/wp\/v2\/product_brand?post=22310"},{"taxonomy":"product_cat","embeddable":true,"href":"https:\/\/www.mysexualfantasy.eu\/en\/wp-json\/wp\/v2\/product_cat?post=22310"},{"taxonomy":"product_tag","embeddable":true,"href":"https:\/\/www.mysexualfantasy.eu\/en\/wp-json\/wp\/v2\/product_tag?post=22310"}],"curies":[{"name":"wp","href":"https:\/\/api.w.org\/{rel}","templated":true}]}}