{"id":22380,"date":"2023-01-13T13:28:51","date_gmt":"2023-01-13T13:28:51","guid":{"rendered":"https:\/\/www.mysexualfantasy.eu\/?post_type=product&#038;p=22380"},"modified":"2023-12-06T15:36:44","modified_gmt":"2023-12-06T15:36:44","slug":"screaming-o-ring-pro-set-3-anillos-azul","status":"publish","type":"product","link":"https:\/\/www.mysexualfantasy.eu\/en\/product\/screaming-o-ring-pro-set-3-anillos-azul\/","title":{"rendered":"SCREAMING O RING PRO SET 3 ANILLOS AZUL"},"content":{"rendered":"<p>Explora el excitante mundo de los anillos para el pene con Screaming O. Con este fant\u00e1stico pack de 3 anillos podr\u00edas obtendr\u00e1s 3 sensaciones distintas. Todos est\u00e1n hechos de silicona bodysafe. Su tacto es suave y da un ajuste perfecto. Su base es ancha y redondeada en los bordes.<\/p>\n<p>Son compatibles con la mayor\u00eda de lubricantes incluyendo los de silicona y por supuesto son reutilizables. Se recomienda limpiar con jab\u00f3n y agua templada despues de usar para que est\u00e9n listos para la pr\u00f3xima vez que los uses.\u00a0<\/p>\n<p>Caracter\u00edsticas:<\/p>\n<ul>\n<li>3 anillos de silicona<\/li>\n<li>Base ancha\u00a0<\/li>\n<li>Testado en laboratorios<\/li>\n<li>Bodysafe silicona<\/li>\n<li>Reutilizables y f\u00e1cil de limpiar.\u00a0<\/li>\n<li>Base:1 cm<\/li>\n<li>Di\u00e1metros interiores: 6 cm \/ 5 cm \/ 2.5 cm<\/li>\n<li>100% sumergible<\/li>\n<li>Color: Azul<\/li>\n<\/ul>\n<p>Screaming O ofrece dise\u00f1o, calidad y diversi\u00f3n asegurada, en una marca americana l\u00edder en ventas.<\/p>","protected":false},"excerpt":{"rendered":"<p>SCREAMING O RING PRO SET 3 ANILLOS AZUL<\/p>","protected":false},"featured_media":59797,"comment_status":"open","ping_status":"closed","template":"","meta":{"_monsterinsights_skip_tracking":false,"_monsterinsights_sitenote_active":false,"_monsterinsights_sitenote_note":"","_monsterinsights_sitenote_category":0,"_joinchat":[]},"product_brand":[],"product_cat":[1170,1171,1297,1152,1160],"product_tag":[],"class_list":{"0":"post-22380","1":"product","2":"type-product","3":"status-publish","4":"has-post-thumbnail","6":"product_cat-juguetes-bienestar-juguetes-para-hombresaccesorios-para-el-pene","7":"product_cat-juguetes-bienestar-juguetes-para-hombresaccesorios-para-el-peneanillos-pene","8":"product_cat-juguetes-bienestar-juguetes-para-hombresaccesorios-para-el-peneanillos-peneanillos-sin-vibracion","9":"product_cat-juguetes-bienestar","10":"product_cat-juguetes-bienestar-juguetes-para-hombres","11":"yith_product_brand-screaming-o","13":"first","14":"instock","15":"taxable","16":"shipping-taxable","17":"purchasable","18":"product-type-simple"},"aioseo_notices":[],"_links":{"self":[{"href":"https:\/\/www.mysexualfantasy.eu\/en\/wp-json\/wp\/v2\/product\/22380","targetHints":{"allow":["GET"]}}],"collection":[{"href":"https:\/\/www.mysexualfantasy.eu\/en\/wp-json\/wp\/v2\/product"}],"about":[{"href":"https:\/\/www.mysexualfantasy.eu\/en\/wp-json\/wp\/v2\/types\/product"}],"replies":[{"embeddable":true,"href":"https:\/\/www.mysexualfantasy.eu\/en\/wp-json\/wp\/v2\/comments?post=22380"}],"wp:featuredmedia":[{"embeddable":true,"href":"https:\/\/www.mysexualfantasy.eu\/en\/wp-json\/wp\/v2\/media\/59797"}],"wp:attachment":[{"href":"https:\/\/www.mysexualfantasy.eu\/en\/wp-json\/wp\/v2\/media?parent=22380"}],"wp:term":[{"taxonomy":"product_brand","embeddable":true,"href":"https:\/\/www.mysexualfantasy.eu\/en\/wp-json\/wp\/v2\/product_brand?post=22380"},{"taxonomy":"product_cat","embeddable":true,"href":"https:\/\/www.mysexualfantasy.eu\/en\/wp-json\/wp\/v2\/product_cat?post=22380"},{"taxonomy":"product_tag","embeddable":true,"href":"https:\/\/www.mysexualfantasy.eu\/en\/wp-json\/wp\/v2\/product_tag?post=22380"}],"curies":[{"name":"wp","href":"https:\/\/api.w.org\/{rel}","templated":true}]}}