{"id":22570,"date":"2023-01-13T13:25:14","date_gmt":"2023-01-13T13:25:14","guid":{"rendered":"https:\/\/www.mysexualfantasy.eu\/?post_type=product&#038;p=22570"},"modified":"2023-12-06T16:55:24","modified_gmt":"2023-12-06T16:55:24","slug":"leg-avenue-ligas-dobles-elasticas-con-corazon-talla-unica","status":"publish","type":"product","link":"https:\/\/www.mysexualfantasy.eu\/en\/product\/leg-avenue-ligas-dobles-elasticas-con-corazon-talla-unica\/","title":{"rendered":"LEG AVENUE &#8211; LIGAS DOBLES ELASTICAS CON CORAZON TALLA UNICA"},"content":{"rendered":"<p>Ligas dobles con coraz\u00f3n decorativo dise\u00f1adas y fabricadas por la prestigiosa marca de lencer\u00eda \u00edntima Leg Avenue<\/p>\n<ul>\n<li>Ligas dobles con coraz\u00f3n decorativo.\u00a0<\/li>\n<li>Medias no incluidas<\/li>\n<li>Talla \u00fanica<\/li>\n<li>Color: Negro.\u00a0<\/li>\n<\/ul>\n<p>Con Leg Avenue refuerza tu feminidad y dale ese toque justo de seducci\u00f3n, sensualidad\u00a0y elegancia.<\/p>","protected":false},"excerpt":{"rendered":"<p>LEG AVENUE &#8211; LIGAS DOBLES ELASTICAS CON CORAZON TALLA UNICA<\/p>","protected":false},"featured_media":58978,"comment_status":"open","ping_status":"closed","template":"","meta":{"_monsterinsights_skip_tracking":false,"_monsterinsights_sitenote_active":false,"_monsterinsights_sitenote_note":"","_monsterinsights_sitenote_category":0,"_joinchat":[]},"product_brand":[],"product_cat":[1196,1199,1202,1166],"product_tag":[],"class_list":{"0":"post-22570","1":"product","2":"type-product","3":"status-publish","4":"has-post-thumbnail","6":"product_cat-moda-lencerialenceria-mujer","7":"product_cat-moda-lencerialenceria-mujerlenceria-sexy","8":"product_cat-moda-lencerialenceria-mujerlenceria-sexymedias","9":"product_cat-moda-lenceria","10":"yith_product_brand-leg-avenue","11":"yith_product_brand-leg-avenueleg-avenue-hosiery","13":"first","14":"instock","15":"taxable","16":"shipping-taxable","17":"purchasable","18":"product-type-simple"},"aioseo_notices":[],"_links":{"self":[{"href":"https:\/\/www.mysexualfantasy.eu\/en\/wp-json\/wp\/v2\/product\/22570","targetHints":{"allow":["GET"]}}],"collection":[{"href":"https:\/\/www.mysexualfantasy.eu\/en\/wp-json\/wp\/v2\/product"}],"about":[{"href":"https:\/\/www.mysexualfantasy.eu\/en\/wp-json\/wp\/v2\/types\/product"}],"replies":[{"embeddable":true,"href":"https:\/\/www.mysexualfantasy.eu\/en\/wp-json\/wp\/v2\/comments?post=22570"}],"wp:featuredmedia":[{"embeddable":true,"href":"https:\/\/www.mysexualfantasy.eu\/en\/wp-json\/wp\/v2\/media\/58978"}],"wp:attachment":[{"href":"https:\/\/www.mysexualfantasy.eu\/en\/wp-json\/wp\/v2\/media?parent=22570"}],"wp:term":[{"taxonomy":"product_brand","embeddable":true,"href":"https:\/\/www.mysexualfantasy.eu\/en\/wp-json\/wp\/v2\/product_brand?post=22570"},{"taxonomy":"product_cat","embeddable":true,"href":"https:\/\/www.mysexualfantasy.eu\/en\/wp-json\/wp\/v2\/product_cat?post=22570"},{"taxonomy":"product_tag","embeddable":true,"href":"https:\/\/www.mysexualfantasy.eu\/en\/wp-json\/wp\/v2\/product_tag?post=22570"}],"curies":[{"name":"wp","href":"https:\/\/api.w.org\/{rel}","templated":true}]}}