{"id":22619,"date":"2023-01-13T14:13:20","date_gmt":"2023-01-13T14:13:20","guid":{"rendered":"https:\/\/www.mysexualfantasy.eu\/?post_type=product&#038;p=22619"},"modified":"2023-12-06T17:25:37","modified_gmt":"2023-12-06T17:25:37","slug":"obsessive-834-cst-6-disfraz-enfermera-sexy-s-m","status":"publish","type":"product","link":"https:\/\/www.mysexualfantasy.eu\/en\/product\/obsessive-834-cst-6-disfraz-enfermera-sexy-s-m\/","title":{"rendered":"OBSESSIVE &#8211; 834-CST-6 DISFRAZ ENFERMERA SEXY S\/M"},"content":{"rendered":"<p>Disfraz picant\u00f3n y fabuloso set a la vez y en una cajita? Ahh si, Vas a amarlo. hora de un chequeo m\u00e9dico. Solicita a tu paciente que vaya a la habitaci\u00f3n. La cita va a ser increiblemente satisfactoria para ambos.\u00a0<\/p>\n<p>Caracter\u00edsticas<\/p>\n<ul>\n<li>Tentador disfraz de enfermera<\/li>\n<li>Realza los pechos.\u00a0<\/li>\n<li>Tiras regulables y c\u00f3modas<\/li>\n<li>Incluye sujetador, pantie liguero y cofia<\/li>\n<li>Composici\u00f3n:94% poliamida \/ 6% el\u00e1stano.\u00a0<\/li>\n<li>Talla: S\/M<\/li>\n<\/ul>\n<p>Obsessive means inspiration for women. Elegance,sensuality, embroidery love &#8230; Best fabrics and best embroideries to create unique pieces of lingerie. Years working to join the best quality &#8211; prize relation.<\/p>\n<p>World leaders in\u00a0lingerie! Nobody makes better!<\/p>\n<p style=\"text-align: center;\"><img decoding=\"async\" src=\"https:\/\/store.dreamlove.es\/UserFiles\/images\/SIZES.png\" style=\"text-align: center;\" \/><\/p>\n<p>\u00a0<\/p>","protected":false},"excerpt":{"rendered":"<p>OBSESSIVE &#8211; 834-CST-6 DISFRAZ ENFERMERA SEXY S\/M<\/p>","protected":false},"featured_media":65883,"comment_status":"open","ping_status":"closed","template":"","meta":{"_monsterinsights_skip_tracking":false,"_monsterinsights_sitenote_active":false,"_monsterinsights_sitenote_note":"","_monsterinsights_sitenote_category":0,"_joinchat":[]},"product_brand":[],"product_cat":[961,326,948],"product_tag":[],"class_list":{"0":"post-22619","1":"product","2":"type-product","3":"status-publish","4":"has-post-thumbnail","6":"product_cat-lencerialenceria-mujerdisfraces-mujer","7":"product_cat-lenceria","8":"product_cat-lencerialenceria-mujer","9":"yith_product_brand-obsessive","10":"yith_product_brand-obsessiveobsessive-costumes","12":"first","13":"instock","14":"taxable","15":"shipping-taxable","16":"purchasable","17":"product-type-variable"},"aioseo_notices":[],"_links":{"self":[{"href":"https:\/\/www.mysexualfantasy.eu\/en\/wp-json\/wp\/v2\/product\/22619","targetHints":{"allow":["GET"]}}],"collection":[{"href":"https:\/\/www.mysexualfantasy.eu\/en\/wp-json\/wp\/v2\/product"}],"about":[{"href":"https:\/\/www.mysexualfantasy.eu\/en\/wp-json\/wp\/v2\/types\/product"}],"replies":[{"embeddable":true,"href":"https:\/\/www.mysexualfantasy.eu\/en\/wp-json\/wp\/v2\/comments?post=22619"}],"wp:featuredmedia":[{"embeddable":true,"href":"https:\/\/www.mysexualfantasy.eu\/en\/wp-json\/wp\/v2\/media\/65883"}],"wp:attachment":[{"href":"https:\/\/www.mysexualfantasy.eu\/en\/wp-json\/wp\/v2\/media?parent=22619"}],"wp:term":[{"taxonomy":"product_brand","embeddable":true,"href":"https:\/\/www.mysexualfantasy.eu\/en\/wp-json\/wp\/v2\/product_brand?post=22619"},{"taxonomy":"product_cat","embeddable":true,"href":"https:\/\/www.mysexualfantasy.eu\/en\/wp-json\/wp\/v2\/product_cat?post=22619"},{"taxonomy":"product_tag","embeddable":true,"href":"https:\/\/www.mysexualfantasy.eu\/en\/wp-json\/wp\/v2\/product_tag?post=22619"}],"curies":[{"name":"wp","href":"https:\/\/api.w.org\/{rel}","templated":true}]}}