{"id":2288,"date":"2023-01-13T13:46:20","date_gmt":"2023-01-13T13:46:20","guid":{"rendered":"https:\/\/www.mysexualfantasy.eu\/?post_type=product&#038;p=2288"},"modified":"2023-12-06T15:48:27","modified_gmt":"2023-12-06T15:48:27","slug":"fetish-arnes-hueco-vibrador-para-el-y-ella-negro-14cm","status":"publish","type":"product","link":"https:\/\/www.mysexualfantasy.eu\/en\/product\/fetish-arnes-hueco-vibrador-para-el-y-ella-negro-14cm\/","title":{"rendered":"FETISH  ARNES HUECO VIBRADOR PARA EL Y ELLA NEGRO 14CM"},"content":{"rendered":"<p>Aqu\u00ed est\u00e1 el arn\u00e9s perfecto para ambos.<\/p>\n<p>Muchos hombres aman las emociones sexuales anales y este arn\u00e9s le proporcionar\u00e1 esa vibrante emoci\u00f3n.<\/p>\n<p><strong>El dildo hueco tambi\u00e9n puede ayudar a los hombres con dificultad para la erecci\u00f3n, o para los que no pueden aguantar m\u00e1s de un asalto seguido. <\/strong><\/p>\n<p>El arn\u00e9s se adapta f\u00e1cilmente a la mayor\u00eda de tallas y son aptos tambi\u00e9n para las mujeres.<\/p>\n<p>El vibrador funciona con 2 pilas AA no incluidas.<\/p>\n<p>Medidas: 14 cm. x 3,8 cm.<\/p>\n<p>Incluye una m\u00e1scara de regalo.<\/p>\n<p style=\"text-align: center;\"><embed allowfullscreen=\"true\" allowscriptaccess=\"always\" flashvars=\"controlbar=bottomnetstreambasepath=http%3A%2F%2Fwww.pipedreamproducts.com%2Ffile=http%3A%2F%2Fwww.pipedreamproducts.com%2Fvideos%2Fpd3367-21.m4vautostart=true\" height=\"304\" src=\"http:\/\/www.pipedreamproducts.com\/jwplayer\/player.swf\" width=\"500\"><\/embed><\/p>","protected":false},"excerpt":{"rendered":"<p>FETISH FANTASY VIBRATING HOLLOW STRAP-ON FOR HER OR HIM BLACK<\/p>","protected":false},"featured_media":61478,"comment_status":"open","ping_status":"closed","template":"","meta":{"_monsterinsights_skip_tracking":false,"_monsterinsights_sitenote_active":false,"_monsterinsights_sitenote_note":"","_monsterinsights_sitenote_category":0,"_joinchat":[]},"product_brand":[],"product_cat":[1170,1173,1279,1281,1299,1184,1152,1160],"product_tag":[],"class_list":{"0":"post-2288","1":"product","2":"type-product","3":"status-publish","4":"has-post-thumbnail","6":"product_cat-juguetes-bienestar-juguetes-para-hombresaccesorios-para-el-pene","7":"product_cat-juguetes-bienestar-arneses","8":"product_cat-juguetes-bienestar-arnesesarneses-con-vibracion","9":"product_cat-juguetes-bienestar-arnesesarneses-huecos","10":"product_cat-juguetes-bienestar-juguetes-para-hombresaccesorios-para-el-penearneses-pene","11":"product_cat-juguetes-bienestar-juguetes-para-hombresaccesorios-para-el-peneextensiones-para-el-pene","12":"product_cat-juguetes-bienestar","13":"product_cat-juguetes-bienestar-juguetes-para-hombres","14":"yith_product_brand-pipedreamsfetish-fantasy-series","15":"yith_product_brand-pipedreams","17":"first","18":"instock","19":"taxable","20":"shipping-taxable","21":"purchasable","22":"product-type-simple"},"aioseo_notices":[],"_links":{"self":[{"href":"https:\/\/www.mysexualfantasy.eu\/en\/wp-json\/wp\/v2\/product\/2288","targetHints":{"allow":["GET"]}}],"collection":[{"href":"https:\/\/www.mysexualfantasy.eu\/en\/wp-json\/wp\/v2\/product"}],"about":[{"href":"https:\/\/www.mysexualfantasy.eu\/en\/wp-json\/wp\/v2\/types\/product"}],"replies":[{"embeddable":true,"href":"https:\/\/www.mysexualfantasy.eu\/en\/wp-json\/wp\/v2\/comments?post=2288"}],"wp:featuredmedia":[{"embeddable":true,"href":"https:\/\/www.mysexualfantasy.eu\/en\/wp-json\/wp\/v2\/media\/61478"}],"wp:attachment":[{"href":"https:\/\/www.mysexualfantasy.eu\/en\/wp-json\/wp\/v2\/media?parent=2288"}],"wp:term":[{"taxonomy":"product_brand","embeddable":true,"href":"https:\/\/www.mysexualfantasy.eu\/en\/wp-json\/wp\/v2\/product_brand?post=2288"},{"taxonomy":"product_cat","embeddable":true,"href":"https:\/\/www.mysexualfantasy.eu\/en\/wp-json\/wp\/v2\/product_cat?post=2288"},{"taxonomy":"product_tag","embeddable":true,"href":"https:\/\/www.mysexualfantasy.eu\/en\/wp-json\/wp\/v2\/product_tag?post=2288"}],"curies":[{"name":"wp","href":"https:\/\/api.w.org\/{rel}","templated":true}]}}