{"id":23020,"date":"2023-01-13T14:13:43","date_gmt":"2023-01-13T14:13:43","guid":{"rendered":"https:\/\/www.mysexualfantasy.eu\/?post_type=product&#038;p=23020"},"modified":"2023-12-06T17:23:53","modified_gmt":"2023-12-06T17:23:53","slug":"byebra-extensores-de-contorno-flexibles-3-ganchos-3-uds","status":"publish","type":"product","link":"https:\/\/www.mysexualfantasy.eu\/en\/product\/byebra-extensores-de-contorno-flexibles-3-ganchos-3-uds\/","title":{"rendered":"BYE-BRA ACCESORIES &#8211; EXTENSORES DE CONTORNO FLEXIBLES 3 GANCHOS 3 UDS"},"content":{"rendered":"<p>Bye Bra propone la nueva generaci\u00f3n de extensores de contorno que se adaptan a sostenes de 2 o 3 ganchos. Los extensores se usan para alargar los sujetadores demasiado apretados al nivel de la cintura, mejorando la comodidad del sost\u00e9n.<\/p>\n<p>Varias marcas de lencer\u00eda proponen extensores con diferentes tipos de ganchos, cuales no se adaptan siempre con los ganchos de los sujetadores. Los extensores Bye Bra tienen extremidades flexibles.<\/p>\n<p>Los extensores est\u00e1n hecho de un material muy suave, aportando un m\u00e1ximo confort, mientras que las extremidades flexibles permiten usarlos con cualquier tipo de sost\u00e9n.<\/p>\n<p>Adem\u00e1s de ser un producto innovador, los extensores Bye Bra reducir\u00e1n los retornos negativos y las devueltas de productos visto que se adaptan a todo tipo de sujetador.<\/p>\n<ul>\n<li>Extremidades flexibles adaptable a todas las\u00a0tallas.<\/li>\n<li>Cuatro extensores por caja.<\/li>\n<li>3\u00a0 Ganchos<\/li>\n<li>Alargan el sujetador hasta 8 cent\u00edmetros<\/li>\n<li>Incluye 3 Unidades;<\/li>\n<\/ul>","protected":false},"excerpt":{"rendered":"<p>BYEBRA -FLEXIBLE BRA EXTENDERS 3 HOOK 3 UNITS<\/p>","protected":false},"featured_media":65957,"comment_status":"open","ping_status":"closed","template":"","meta":{"_monsterinsights_skip_tracking":false,"_monsterinsights_sitenote_active":false,"_monsterinsights_sitenote_note":"","_monsterinsights_sitenote_category":0,"_joinchat":[]},"product_brand":[],"product_cat":[1455,1196,1199,1166],"product_tag":[],"class_list":{"0":"post-23020","1":"product","2":"type-product","3":"status-publish","4":"has-post-thumbnail","6":"product_cat-moda-lencerialenceria-mujerlenceria-sexyaccesorios-sujetadores","7":"product_cat-moda-lencerialenceria-mujer","8":"product_cat-moda-lencerialenceria-mujerlenceria-sexy","9":"product_cat-moda-lenceria","10":"yith_product_brand-bye-bra","11":"yith_product_brand-bye-brabye-bra-accessories","13":"first","14":"instock","15":"taxable","16":"shipping-taxable","17":"purchasable","18":"product-type-simple"},"aioseo_notices":[],"_links":{"self":[{"href":"https:\/\/www.mysexualfantasy.eu\/en\/wp-json\/wp\/v2\/product\/23020","targetHints":{"allow":["GET"]}}],"collection":[{"href":"https:\/\/www.mysexualfantasy.eu\/en\/wp-json\/wp\/v2\/product"}],"about":[{"href":"https:\/\/www.mysexualfantasy.eu\/en\/wp-json\/wp\/v2\/types\/product"}],"replies":[{"embeddable":true,"href":"https:\/\/www.mysexualfantasy.eu\/en\/wp-json\/wp\/v2\/comments?post=23020"}],"wp:featuredmedia":[{"embeddable":true,"href":"https:\/\/www.mysexualfantasy.eu\/en\/wp-json\/wp\/v2\/media\/65957"}],"wp:attachment":[{"href":"https:\/\/www.mysexualfantasy.eu\/en\/wp-json\/wp\/v2\/media?parent=23020"}],"wp:term":[{"taxonomy":"product_brand","embeddable":true,"href":"https:\/\/www.mysexualfantasy.eu\/en\/wp-json\/wp\/v2\/product_brand?post=23020"},{"taxonomy":"product_cat","embeddable":true,"href":"https:\/\/www.mysexualfantasy.eu\/en\/wp-json\/wp\/v2\/product_cat?post=23020"},{"taxonomy":"product_tag","embeddable":true,"href":"https:\/\/www.mysexualfantasy.eu\/en\/wp-json\/wp\/v2\/product_tag?post=23020"}],"curies":[{"name":"wp","href":"https:\/\/api.w.org\/{rel}","templated":true}]}}