{"id":23106,"date":"2023-01-13T12:37:11","date_gmt":"2023-01-13T12:37:11","guid":{"rendered":"https:\/\/www.mysexualfantasy.eu\/?post_type=product&#038;p=23106"},"modified":"2023-12-06T15:00:12","modified_gmt":"2023-12-06T15:00:12","slug":"saninex-extra-lubricant-glicex-4-in-1-infinite-passion-100ml","status":"publish","type":"product","link":"https:\/\/www.mysexualfantasy.eu\/en\/product\/saninex-extra-lubricant-glicex-4-in-1-infinite-passion-100ml\/","title":{"rendered":"SANINEX OILS &#8211; EXTRA LUBRICANT GLICEX 4 IN 1 INFINITE PASSION 100 ML"},"content":{"rendered":"<p>Saninex GLICEX\u00a0 EXTRA lubricantes \u00edntimos 4 en 1.\u00a0 Potenciadores del placer.\u00a0<\/p>\n<p>5 Nuevas formas de tocar el cielo.\u00a0 Extra lubricantes \u00edntimos SANINEX GLICEX.\u00a0<br \/>Nuevas experiencias que no podr\u00e1s resistir.<\/p>\n<ul>\n<li>Saninex Glicex fusiona lo imposible!\u00a0 Los espectaculares efectos extra lubricantes de los\u00a0 aceites afrodis\u00edacos Saninex y\u00a0 la comodidad, limpieza y f\u00e1cil uso de los lubricantes \u00edntimos afrodis\u00edacos Saninex base agua.\u00a0<\/li>\n<\/ul>\n<p>Saninex\u00a0 Glicex, dise\u00f1ado para quienes siempre desean\u00a0 los limites del placer unidos a un perfecto cuidado corporal.<\/p>\n<p>Consejo General de Colegios Oficiales Farmac\u00e9uticos Espa\u00f1ol Licencia sanitaria Saninex. Emitida por el Ministerio de Sanidad. Agencia Espa\u00f1ola de medicamentos y productos sanitarios. Numero de registro 26007\/RG\u00a0 Grupo Saninex.\u00a0<\/p>\n<p>Saninex GLICEX\u00a0 \u00a0 Extra lubricante\u00a0 \u00a04 en 1\u00a0<\/p>\n<p>\u00a0 Infinite passion\u00a0 \u00a0100ml.\u00a0<\/p>\n<ul>\n<li>&#8211; Potente gel lubricante \u00edntimo<\/li>\n<li>&#8211; Potenciador multiorg\u00e1smico\u00a0<\/li>\n<li>&#8211; Efecto calor<\/li>\n<li>&#8211; Gel masaje<\/li>\n<\/ul>\n<p>Saninex Glicex Infinite passion. EXTRA lubricante \u00edntimo y masaje 4 en 1,\u00a0 formulado y dise\u00f1ado para hacer realidad las relaciones sexuales multiorgasmicas y apasionadas.\u00a0<\/p>\n<p>Saninex Glicex es el espectacular efecto extra lubricante y deslizante de los aceites afrodis\u00edacos Saninex\u00a0 y\u00a0 la comodidad y limpieza del lubricante afrodis\u00edaco base agua Saninex.\u00a0 Hacemos la\u00a0 realidad de lo imposible!<\/p>\n<p>Dise\u00f1ado para quienes siempre desean\u00a0 los limites del placer, unidos a un perfecto cuidado corporal.<\/p>\n<p>Saninex\u00a0 Glicex Infinite passion. Ingredients: Glicerin. Formulation composition Re. 10 A10MO power<\/p>\n<p>How to use : Apply a small amount to the desired area and escalate by gentle massage and experience the sensuality and eroticism at the highest level. Use Precautions : In patients with possible skin allergies, minimal apply forearm for verification.<\/p>\n<p>Saninex Made in Spain. Saninex fabricaci\u00f3n: naut. 981- CS<\/p>\n<p>Saninex Glicex\u00a0 Infinite passion.<\/p>\n<p>V\u00edvete a ti misma\/o\u00a0 con EXTRA gigantescos placeres.<\/p>\n<p>Disponibles 5\u00a0 nuevos modelos. 5 nuevas formas de tocar el cielo.\u00a0<\/p>\n<ul>\n<li>Extra lubricantes \u00edntimos SANINEX GLICEX.\u00a0<\/li>\n<\/ul>\n<p>Nuevas experiencias que no podr\u00e1s resistir.<\/p>","protected":false},"excerpt":{"rendered":"<p>SANINEX OILS &#8211; EXTRA LUBRICANT GLICEX 4 IN 1 INFINITE PASSION 100 ML<\/p>","protected":false},"featured_media":52250,"comment_status":"open","ping_status":"closed","template":"","meta":{"_monsterinsights_skip_tracking":false,"_monsterinsights_sitenote_active":false,"_monsterinsights_sitenote_note":"","_monsterinsights_sitenote_category":0,"_joinchat":[]},"product_brand":[],"product_cat":[1207,1203,1206,148],"product_tag":[],"class_list":{"0":"post-23106","1":"product","2":"type-product","3":"status-publish","4":"has-post-thumbnail","6":"product_cat-drogueria-lubricantesbase-agua","7":"product_cat-drogueria","8":"product_cat-drogueria-lubricantes","9":"product_cat-ofertas","10":"yith_product_brand-saninex","11":"yith_product_brand-saninexsaninex-oils-lubes","13":"first","14":"instock","15":"taxable","16":"shipping-taxable","17":"purchasable","18":"product-type-simple"},"aioseo_notices":[],"_links":{"self":[{"href":"https:\/\/www.mysexualfantasy.eu\/en\/wp-json\/wp\/v2\/product\/23106","targetHints":{"allow":["GET"]}}],"collection":[{"href":"https:\/\/www.mysexualfantasy.eu\/en\/wp-json\/wp\/v2\/product"}],"about":[{"href":"https:\/\/www.mysexualfantasy.eu\/en\/wp-json\/wp\/v2\/types\/product"}],"replies":[{"embeddable":true,"href":"https:\/\/www.mysexualfantasy.eu\/en\/wp-json\/wp\/v2\/comments?post=23106"}],"wp:featuredmedia":[{"embeddable":true,"href":"https:\/\/www.mysexualfantasy.eu\/en\/wp-json\/wp\/v2\/media\/52250"}],"wp:attachment":[{"href":"https:\/\/www.mysexualfantasy.eu\/en\/wp-json\/wp\/v2\/media?parent=23106"}],"wp:term":[{"taxonomy":"product_brand","embeddable":true,"href":"https:\/\/www.mysexualfantasy.eu\/en\/wp-json\/wp\/v2\/product_brand?post=23106"},{"taxonomy":"product_cat","embeddable":true,"href":"https:\/\/www.mysexualfantasy.eu\/en\/wp-json\/wp\/v2\/product_cat?post=23106"},{"taxonomy":"product_tag","embeddable":true,"href":"https:\/\/www.mysexualfantasy.eu\/en\/wp-json\/wp\/v2\/product_tag?post=23106"}],"curies":[{"name":"wp","href":"https:\/\/api.w.org\/{rel}","templated":true}]}}