{"id":23205,"date":"2023-01-13T11:38:22","date_gmt":"2023-01-13T11:38:22","guid":{"rendered":"https:\/\/www.mysexualfantasy.eu\/?post_type=product&#038;p=23205"},"modified":"2023-12-06T15:54:09","modified_gmt":"2023-12-06T15:54:09","slug":"all-black-dildo-17cm","status":"publish","type":"product","link":"https:\/\/www.mysexualfantasy.eu\/en\/product\/all-black-dildo-17cm\/","title":{"rendered":"ALL BLACK &#8211; DILDO 17 CM"},"content":{"rendered":"<p>Este consolador All Black es una verdadera fiesta para el amante del realistico. \u00a1En forma de 3 volumenes apiladas a lo largo del eje completo, este juguete es \u00fanico en su tipo! Los lubricantes basados tanto en agua como en silicona se pueden usar aqu\u00ed. Es importante limpiar el dildo completamente despu\u00e9s de su uso. Cada juguete se envuelve individualmente con una funda protectora de pl\u00e1stico transparente.<\/p>\n<ul>\n<li>Dimensiones: 17 x 5 x 5 cm<\/li>\n<\/ul>\n<p>* Para conseguir una experiencia \u00f3ptima y poder disfrutar de manera placentera y sin dolor, ALL BLACK recomienda el uso de los lubricantes de la marca Black Hole<\/p>","protected":false},"excerpt":{"rendered":"<p>ALL BLACK &#8211; DILDO 17 CM<\/p>","protected":false},"featured_media":40093,"comment_status":"open","ping_status":"closed","template":"","meta":{"_monsterinsights_skip_tracking":false,"_monsterinsights_sitenote_active":false,"_monsterinsights_sitenote_note":"","_monsterinsights_sitenote_category":0,"_joinchat":[]},"product_brand":[],"product_cat":[1162,1182,1306,1152],"product_tag":[],"class_list":{"0":"post-23205","1":"product","2":"type-product","3":"status-publish","4":"has-post-thumbnail","6":"product_cat-juguetes-bienestar-anal","7":"product_cat-juguetes-bienestar-dildos","8":"product_cat-juguetes-bienestar-analdildos-anales","9":"product_cat-juguetes-bienestar","10":"yith_product_brand-all-black","12":"first","13":"instock","14":"taxable","15":"shipping-taxable","16":"purchasable","17":"product-type-simple"},"aioseo_notices":[],"_links":{"self":[{"href":"https:\/\/www.mysexualfantasy.eu\/en\/wp-json\/wp\/v2\/product\/23205","targetHints":{"allow":["GET"]}}],"collection":[{"href":"https:\/\/www.mysexualfantasy.eu\/en\/wp-json\/wp\/v2\/product"}],"about":[{"href":"https:\/\/www.mysexualfantasy.eu\/en\/wp-json\/wp\/v2\/types\/product"}],"replies":[{"embeddable":true,"href":"https:\/\/www.mysexualfantasy.eu\/en\/wp-json\/wp\/v2\/comments?post=23205"}],"wp:featuredmedia":[{"embeddable":true,"href":"https:\/\/www.mysexualfantasy.eu\/en\/wp-json\/wp\/v2\/media\/40093"}],"wp:attachment":[{"href":"https:\/\/www.mysexualfantasy.eu\/en\/wp-json\/wp\/v2\/media?parent=23205"}],"wp:term":[{"taxonomy":"product_brand","embeddable":true,"href":"https:\/\/www.mysexualfantasy.eu\/en\/wp-json\/wp\/v2\/product_brand?post=23205"},{"taxonomy":"product_cat","embeddable":true,"href":"https:\/\/www.mysexualfantasy.eu\/en\/wp-json\/wp\/v2\/product_cat?post=23205"},{"taxonomy":"product_tag","embeddable":true,"href":"https:\/\/www.mysexualfantasy.eu\/en\/wp-json\/wp\/v2\/product_tag?post=23205"}],"curies":[{"name":"wp","href":"https:\/\/api.w.org\/{rel}","templated":true}]}}