{"id":23227,"date":"2023-01-13T13:06:36","date_gmt":"2023-01-13T13:06:36","guid":{"rendered":"https:\/\/www.mysexualfantasy.eu\/?post_type=product&#038;p=23227"},"modified":"2023-12-06T14:51:08","modified_gmt":"2023-12-06T14:51:08","slug":"all-black-dilatador-anal-y-vaginal-20cm","status":"publish","type":"product","link":"https:\/\/www.mysexualfantasy.eu\/en\/product\/all-black-dilatador-anal-y-vaginal-20cm\/","title":{"rendered":"ALL BLACK &#8211; DILATADOR ANAL Y VAGINAL 20 CM"},"content":{"rendered":"<p>Este consolador All Black hace maravillosas noches. El consolador no solo tiene buen aspecto debido a su dise\u00f1o simple y brillante, sino que tambi\u00e9n se siente incre\u00edble. Este cl\u00e1sico es f\u00e1cil de insertar a trav\u00e9s de la parte superior m\u00e1s estrecha. El material liso del que est\u00e1 hecho hace que la penetraci\u00f3n tambi\u00e9n sea muy f\u00e1cil. Los lubricantes basados tanto en agua como en silicona se pueden usar aqu\u00ed. Es importante limpiar el dildo completamente despu\u00e9s de su uso. Cada juguete se envuelve individualmente de forma ajustada en una funda protectora de pl\u00e1stico transparente.<\/p>\n<ul>\n<li>Dimensiones: 19 x 3,50 x 3,50 cm<\/li>\n<\/ul>\n<p>\u00a0* Para conseguir una experiencia \u00f3ptima y poder disfrutar de manera placentera y sin sentir dolor, ALL BLACK\u00a0recomienda el uso de los lubricantes de la marca Black Hole<\/p>","protected":false},"excerpt":{"rendered":"<p>ALL BLACK &#8211; DILATOR ANAL Y VAGINAL 20 CM<\/p>","protected":false},"featured_media":55601,"comment_status":"open","ping_status":"closed","template":"","meta":{"_monsterinsights_skip_tracking":false,"_monsterinsights_sitenote_active":false,"_monsterinsights_sitenote_note":"","_monsterinsights_sitenote_category":0,"_joinchat":[]},"product_brand":[],"product_cat":[1182,1152],"product_tag":[],"class_list":{"0":"post-23227","1":"product","2":"type-product","3":"status-publish","4":"has-post-thumbnail","6":"product_cat-juguetes-bienestar-dildos","7":"product_cat-juguetes-bienestar","8":"yith_product_brand-all-black","10":"first","11":"instock","12":"taxable","13":"shipping-taxable","14":"purchasable","15":"product-type-simple"},"aioseo_notices":[],"_links":{"self":[{"href":"https:\/\/www.mysexualfantasy.eu\/en\/wp-json\/wp\/v2\/product\/23227","targetHints":{"allow":["GET"]}}],"collection":[{"href":"https:\/\/www.mysexualfantasy.eu\/en\/wp-json\/wp\/v2\/product"}],"about":[{"href":"https:\/\/www.mysexualfantasy.eu\/en\/wp-json\/wp\/v2\/types\/product"}],"replies":[{"embeddable":true,"href":"https:\/\/www.mysexualfantasy.eu\/en\/wp-json\/wp\/v2\/comments?post=23227"}],"wp:featuredmedia":[{"embeddable":true,"href":"https:\/\/www.mysexualfantasy.eu\/en\/wp-json\/wp\/v2\/media\/55601"}],"wp:attachment":[{"href":"https:\/\/www.mysexualfantasy.eu\/en\/wp-json\/wp\/v2\/media?parent=23227"}],"wp:term":[{"taxonomy":"product_brand","embeddable":true,"href":"https:\/\/www.mysexualfantasy.eu\/en\/wp-json\/wp\/v2\/product_brand?post=23227"},{"taxonomy":"product_cat","embeddable":true,"href":"https:\/\/www.mysexualfantasy.eu\/en\/wp-json\/wp\/v2\/product_cat?post=23227"},{"taxonomy":"product_tag","embeddable":true,"href":"https:\/\/www.mysexualfantasy.eu\/en\/wp-json\/wp\/v2\/product_tag?post=23227"}],"curies":[{"name":"wp","href":"https:\/\/api.w.org\/{rel}","templated":true}]}}