{"id":23256,"date":"2023-01-13T14:48:41","date_gmt":"2023-01-13T14:48:41","guid":{"rendered":"https:\/\/www.mysexualfantasy.eu\/?post_type=product&#038;p=23256"},"modified":"2023-12-06T15:19:44","modified_gmt":"2023-12-06T15:19:44","slug":"moressa-juego-de-dados-eroticos-spanish","status":"publish","type":"product","link":"https:\/\/www.mysexualfantasy.eu\/en\/product\/moressa-juego-de-dados-eroticos-spanish\/","title":{"rendered":"MORESSA JUEGO DE DADOS EROTICOS ( SPANISH )"},"content":{"rendered":"<p>El dado perfecto en busca de nuevas emociones.<\/p>\n<p>Un juego simple, pero eficaz, ofreciendo un sin fin de horas er\u00f3ticas, \u00a1estos dados son un juego entretenido que todo el mundo puede ganar!<\/p>\n<p>Incluye una peque\u00f1a, bolsa sat\u00e9n para mantener los dados er\u00f3ticos seguros.<br \/>Cuando sale beso y labios, podr\u00e1s decir, \u201cbastante f\u00e1cil\u201d. Estir\u00e1ndote hacia tu amante, estirando los brazos y tom\u00e1ndolo por los hombros para plasmar tus labios en los suyos.<\/p>\n<p>Tu pareja r\u00e1pidamente agarra los dados, los mezcla con picard\u00eda y los lanza hacia ti de manera juguetona. Mientras caen de tu pecho, aterrizan en el suelo y se lee, morder y cuello.<br \/>Gritando de excitaci\u00f3n, tu pareja se excita y pone su boca caliente y h\u00fameda sobre tu cuello, y luego se hunde lentamente y seductoramente sus dientes en tu piel. Un gemido suave de placer sale de tus labios sin control.<\/p>\n<p>Le pides a tu amante soplar una corriente lenta de aire caliente en los dados para la buena suerte. Observando a tu pareja, mientras agitas vigorosamente los dados en tus manos, se cruzan r\u00e1pidamente sus dedos, esperando ansiosamente para ver que saldr\u00e1 en tu turno.<\/p>\n<p>A medida que el dado blanco cae de tus manos, ves el dado rosa escapar de tu agarre y descender hasta la alfombra.<br \/>Podr\u00e1s ejecutar mil formas de juego.<\/p>\n<p>Contiene:\u00a0<\/p>\n<ul>\n<li>1 dado de acci\u00f3n (color rosa)<\/li>\n<li>1 dado de lugar (color blanco)<\/li>\n<li>Pr\u00e1ctica bolsa con el logo Moressa para que puedas guardarlos y llevarlos donde quieras para que la pasi\u00f3n no tenga l\u00edmites<\/li>\n<\/ul>\n<p>Caracteristicas tecnicas;<\/p>\n<ul>\n<li>2 cm longitud<\/li>\n<li>2 cm ancho<\/li>\n<li>Resina<\/li>\n<li>Fabricado en Europa<\/li>\n<li>Material seguro para el Cuerpo<\/li>\n<li>Sin Phalatos.<\/li>\n<\/ul>\n<p>Moressa es la marca referente por su dise\u00f1o, calidad y tecnolog\u00eda. Hemos desarrollado un producto innovador y mimado cada proceso de fabricaci\u00f3n para conseguir el mejor resultado.Moressa es s\u00edmbolo de energ\u00eda, fuerza y garant\u00eda. Comprar un Sextoy Moressa es sentirse reflejado con la actualidad. \u00a0Cada Juguete Moressa te transportara a diferentes sensaciones. Un resultado inigualable gracias a la silicona Premium confortable y los dise\u00f1os ergon\u00f3micos.<\/p>\n<p>\u00a0<\/p>","protected":false},"excerpt":{"rendered":"<p>MORESSA JUEGO DE DADOS EROTICOS ( SPANISH )<\/p>","protected":false},"featured_media":71593,"comment_status":"open","ping_status":"closed","template":"","meta":{"_monsterinsights_skip_tracking":false,"_monsterinsights_sitenote_active":false,"_monsterinsights_sitenote_note":"","_monsterinsights_sitenote_category":0,"_joinchat":[]},"product_brand":[],"product_cat":[1237,616,1267,1266],"product_tag":[],"class_list":{"0":"post-23256","1":"product","2":"type-product","3":"status-publish","4":"has-post-thumbnail","6":"product_cat-juegos-juego-de-dados","7":"product_cat-juegos","8":"product_cat-juegos-juegos-en-espanol","9":"product_cat-juegos-juegos-preliminares","10":"yith_product_brand-moressa","12":"first","13":"instock","14":"taxable","15":"shipping-taxable","16":"purchasable","17":"product-type-simple"},"aioseo_notices":[],"_links":{"self":[{"href":"https:\/\/www.mysexualfantasy.eu\/en\/wp-json\/wp\/v2\/product\/23256","targetHints":{"allow":["GET"]}}],"collection":[{"href":"https:\/\/www.mysexualfantasy.eu\/en\/wp-json\/wp\/v2\/product"}],"about":[{"href":"https:\/\/www.mysexualfantasy.eu\/en\/wp-json\/wp\/v2\/types\/product"}],"replies":[{"embeddable":true,"href":"https:\/\/www.mysexualfantasy.eu\/en\/wp-json\/wp\/v2\/comments?post=23256"}],"wp:featuredmedia":[{"embeddable":true,"href":"https:\/\/www.mysexualfantasy.eu\/en\/wp-json\/wp\/v2\/media\/71593"}],"wp:attachment":[{"href":"https:\/\/www.mysexualfantasy.eu\/en\/wp-json\/wp\/v2\/media?parent=23256"}],"wp:term":[{"taxonomy":"product_brand","embeddable":true,"href":"https:\/\/www.mysexualfantasy.eu\/en\/wp-json\/wp\/v2\/product_brand?post=23256"},{"taxonomy":"product_cat","embeddable":true,"href":"https:\/\/www.mysexualfantasy.eu\/en\/wp-json\/wp\/v2\/product_cat?post=23256"},{"taxonomy":"product_tag","embeddable":true,"href":"https:\/\/www.mysexualfantasy.eu\/en\/wp-json\/wp\/v2\/product_tag?post=23256"}],"curies":[{"name":"wp","href":"https:\/\/api.w.org\/{rel}","templated":true}]}}