{"id":23262,"date":"2023-01-13T14:25:22","date_gmt":"2023-01-13T14:25:22","guid":{"rendered":"https:\/\/www.mysexualfantasy.eu\/?post_type=product&#038;p=23262"},"modified":"2023-12-06T15:32:05","modified_gmt":"2023-12-06T15:32:05","slug":"fantasy-for-her-set-bolas-kegel","status":"publish","type":"product","link":"https:\/\/www.mysexualfantasy.eu\/en\/product\/fantasy-for-her-set-bolas-kegel\/","title":{"rendered":"FANTASY FOR HER &#8211; SET BOLAS KEGEL"},"content":{"rendered":"<p>Era su peque\u00f1o secreto. Hab\u00eda empezado con el Kegel train-hair m\u00e1s ligero hac\u00eda 2 semanas y hab\u00eda subido al nivel m\u00e1s pesado. Al principio, se sent\u00eda un un poco nerviosa algo pesado en su vagina pero descubri\u00f3 que no parec\u00eda tan pesado y descubri\u00f3 que cuando coloc\u00f3 la suave silicona cerca de su abertura, se introdujo f\u00e1cilmente dentro de ella como si perteneciese all\u00ed. Disfrut\u00f3 de la sensaci\u00f3n \u00edntima plena cuando el cuerpo le respondi\u00f3 y de la humedad que a veces se produc\u00eda cuando la usaba.\u00a0\u00a0<\/p>\n<p>Ella sent\u00eda que echaba de menos sus Kegel dentro de ella. Enseguida, ella quer\u00eda al siguiente nivel del mediano, estaba tan emocionada que apenas pod\u00eda dormir el d\u00eda antes de planear su uso. Lo hab\u00eda usado durante casi media hora durante la semana, justo despu\u00e9s de la ducha, mientras compraba, durante el trabajo e incluso durante clases de yoga donde se encontraba m\u00e1s y m\u00e1s excitada mientras se mov\u00eda agradablemente dentro de ella con cada nueva postura de yoga.<\/p>\n<p>Y hoy marc\u00f3 el d\u00eda 14 de ejercicio con su Kegel, y la tercera vez que us\u00f3 la versi\u00f3n m\u00e1s pesada. \u00a1No pod\u00eda creer lo fuertes que se sent\u00edan sus m\u00fasculos vaginales! Era como si tuviera un entrenador personal para su vagina. A veces insertaba uno y practicaba apretar. Otras veces s\u00f3lo insertaba una y disfrutaba desl peso y la sensaci\u00f3n de sostenerla.<\/p>\n<p>Estaba deseando sorprender a su pareja esta noche y probar los resultados mientras practicaban el juego sexual. Sab\u00eda que \u00e9l disfrutar\u00eda de esas sensaciones tanto como ella. Tambi\u00e9n sab\u00eda que su Kegel le hab\u00eda dado y le dar\u00eda una nueva confianza en su placer y rendimiento sexual. Plane\u00f3 continuar su entrenamiento Kegel para mantener sus partes m\u00e1s \u00edntimas tonificadas y apretadas. El cuidado personal hab\u00eda sido siempre importante para ella y ahora pod\u00eda disfrutar de su bienestar tanto por dentro como por fuera.<\/p>\n<p>Es todo sobre ella.<\/p>\n<ul>\n<li>Sin ftalatos<\/li>\n<li>Sumergible<\/li>\n<li>Longitud: 7.25 in. &#8211; ( 184 mm )<\/li>\n<li>Ancho: 1.1 in. &#8211; ( 28 mm )<\/li>\n<li>Altura:\u00a01.1 in. &#8211; ( 28 mm )<\/li>\n<li>Material: Silicona<\/li>\n<li>Pesos: 50 \/ 80 \/110 gramos\u00a0<\/li>\n<\/ul>","protected":false},"excerpt":{"rendered":"<p>FANTASY FOR HER &#8211; KEGEL TRAIN-HER SET<\/p>","protected":false},"featured_media":67413,"comment_status":"open","ping_status":"closed","template":"","meta":{"_monsterinsights_skip_tracking":false,"_monsterinsights_sitenote_active":false,"_monsterinsights_sitenote_note":"","_monsterinsights_sitenote_category":0,"_joinchat":[]},"product_brand":[],"product_cat":[1158,1265,1152,1185],"product_tag":[],"class_list":{"0":"post-23262","1":"product","2":"type-product","3":"status-publish","4":"has-post-thumbnail","6":"product_cat-juguetes-bienestar-bolas","7":"product_cat-juguetes-bienestar-bolasbolas-silicona","8":"product_cat-juguetes-bienestar","9":"product_cat-juguetes-bienestar-kits-juguetes-sexuales","10":"yith_product_brand-pipedreamsfantasy-for-her","11":"yith_product_brand-pipedreams","13":"first","14":"instock","15":"taxable","16":"shipping-taxable","17":"purchasable","18":"product-type-simple"},"aioseo_notices":[],"_links":{"self":[{"href":"https:\/\/www.mysexualfantasy.eu\/en\/wp-json\/wp\/v2\/product\/23262","targetHints":{"allow":["GET"]}}],"collection":[{"href":"https:\/\/www.mysexualfantasy.eu\/en\/wp-json\/wp\/v2\/product"}],"about":[{"href":"https:\/\/www.mysexualfantasy.eu\/en\/wp-json\/wp\/v2\/types\/product"}],"replies":[{"embeddable":true,"href":"https:\/\/www.mysexualfantasy.eu\/en\/wp-json\/wp\/v2\/comments?post=23262"}],"wp:featuredmedia":[{"embeddable":true,"href":"https:\/\/www.mysexualfantasy.eu\/en\/wp-json\/wp\/v2\/media\/67413"}],"wp:attachment":[{"href":"https:\/\/www.mysexualfantasy.eu\/en\/wp-json\/wp\/v2\/media?parent=23262"}],"wp:term":[{"taxonomy":"product_brand","embeddable":true,"href":"https:\/\/www.mysexualfantasy.eu\/en\/wp-json\/wp\/v2\/product_brand?post=23262"},{"taxonomy":"product_cat","embeddable":true,"href":"https:\/\/www.mysexualfantasy.eu\/en\/wp-json\/wp\/v2\/product_cat?post=23262"},{"taxonomy":"product_tag","embeddable":true,"href":"https:\/\/www.mysexualfantasy.eu\/en\/wp-json\/wp\/v2\/product_tag?post=23262"}],"curies":[{"name":"wp","href":"https:\/\/api.w.org\/{rel}","templated":true}]}}